{"id":674,"date":"2021-12-28T16:44:07","date_gmt":"2021-12-28T19:44:07","guid":{"rendered":"http:\/\/sites.icb.ufmg.br\/celam\/bioinformatica\/?page_id=674"},"modified":"2022-03-10T08:23:13","modified_gmt":"2022-03-10T11:23:13","slug":"servidor-sarapalha","status":"publish","type":"page","link":"https:\/\/sites.icb.ufmg.br\/celam\/bioinformatica\/equipamentos\/servidor-sarapalha\/","title":{"rendered":"Servidor Sarapalha"},"content":{"rendered":"\t\t<div data-elementor-type=\"wp-page\" data-elementor-id=\"674\" class=\"elementor elementor-674\" data-elementor-settings=\"[]\">\n\t\t\t\t\t\t\t<div class=\"elementor-section-wrap\">\n\t\t\t\t\t\t\t<section class=\"elementor-section elementor-top-section elementor-element elementor-element-138a03f8 elementor-section-height-min-height elementor-section-stretched elementor-section-boxed elementor-section-height-default elementor-section-items-middle\" data-id=\"138a03f8\" data-element_type=\"section\" id=\"hero\" data-settings=\"{&quot;stretch_section&quot;:&quot;section-stretched&quot;,&quot;background_background&quot;:&quot;classic&quot;}\">\n\t\t\t\t\t\t\t<div class=\"elementor-background-overlay\"><\/div>\n\t\t\t\t\t\t\t<div class=\"elementor-container elementor-column-gap-default\">\n\t\t\t\t\t<div class=\"elementor-column elementor-col-100 elementor-top-column elementor-element elementor-element-218192a0 elementor-invisible\" data-id=\"218192a0\" data-element_type=\"column\" data-settings=\"{&quot;animation&quot;:&quot;fadeIn&quot;}\">\n\t\t\t<div class=\"elementor-widget-wrap elementor-element-populated\">\n\t\t\t\t\t\t\t\t<section class=\"elementor-section elementor-inner-section elementor-element elementor-element-79bcff93 elementor-section-boxed elementor-section-height-default elementor-section-height-default\" data-id=\"79bcff93\" data-element_type=\"section\">\n\t\t\t\t\t\t<div class=\"elementor-container elementor-column-gap-default\">\n\t\t\t\t\t<div class=\"elementor-column elementor-col-50 elementor-inner-column elementor-element elementor-element-58107fb1\" data-id=\"58107fb1\" data-element_type=\"column\">\n\t\t\t<div class=\"elementor-widget-wrap elementor-element-populated\">\n\t\t\t\t\t\t\t\t<div class=\"elementor-element elementor-element-7d13b9ee elementor-widget elementor-widget-heading\" data-id=\"7d13b9ee\" data-element_type=\"widget\" data-widget_type=\"heading.default\">\n\t\t\t\t<div class=\"elementor-widget-container\">\n\t\t\t<style>\/*! elementor - v3.5.6 - 28-02-2022 *\/\n.elementor-heading-title{padding:0;margin:0;line-height:1}.elementor-widget-heading .elementor-heading-title[class*=elementor-size-]>a{color:inherit;font-size:inherit;line-height:inherit}.elementor-widget-heading .elementor-heading-title.elementor-size-small{font-size:15px}.elementor-widget-heading .elementor-heading-title.elementor-size-medium{font-size:19px}.elementor-widget-heading .elementor-heading-title.elementor-size-large{font-size:29px}.elementor-widget-heading .elementor-heading-title.elementor-size-xl{font-size:39px}.elementor-widget-heading .elementor-heading-title.elementor-size-xxl{font-size:59px}<\/style><h1 class=\"elementor-heading-title elementor-size-default\">Servidor Sarapalha<\/h1>\t\t<\/div>\n\t\t\t\t<\/div>\n\t\t\t\t\t<\/div>\n\t\t<\/div>\n\t\t\t\t<div class=\"elementor-column elementor-col-50 elementor-inner-column elementor-element elementor-element-132aa90c\" data-id=\"132aa90c\" data-element_type=\"column\">\n\t\t\t<div class=\"elementor-widget-wrap\">\n\t\t\t\t\t\t\t\t\t<\/div>\n\t\t<\/div>\n\t\t\t\t\t\t\t<\/div>\n\t\t<\/section>\n\t\t\t\t\t<\/div>\n\t\t<\/div>\n\t\t\t\t\t\t\t<\/div>\n\t\t<\/section>\n\t\t\t\t<section class=\"elementor-section elementor-top-section elementor-element elementor-element-f79336b elementor-section-boxed elementor-section-height-default elementor-section-height-default\" data-id=\"f79336b\" data-element_type=\"section\">\n\t\t\t\t\t\t<div class=\"elementor-container elementor-column-gap-default\">\n\t\t\t\t\t<div class=\"elementor-column elementor-col-33 elementor-top-column elementor-element elementor-element-1bfd763\" data-id=\"1bfd763\" data-element_type=\"column\">\n\t\t\t<div class=\"elementor-widget-wrap\">\n\t\t\t\t\t\t\t\t\t<\/div>\n\t\t<\/div>\n\t\t\t\t<div class=\"elementor-column elementor-col-33 elementor-top-column elementor-element elementor-element-841763b\" data-id=\"841763b\" data-element_type=\"column\">\n\t\t\t<div class=\"elementor-widget-wrap elementor-element-populated\">\n\t\t\t\t\t\t\t\t<div class=\"elementor-element elementor-element-dabc3f1 elementor-widget elementor-widget-heading\" data-id=\"dabc3f1\" data-element_type=\"widget\" data-widget_type=\"heading.default\">\n\t\t\t\t<div class=\"elementor-widget-container\">\n\t\t\t<h2 class=\"elementor-heading-title elementor-size-default\">Servidor Sarapalha<\/h2>\t\t<\/div>\n\t\t\t\t<\/div>\n\t\t\t\t\t<\/div>\n\t\t<\/div>\n\t\t\t\t<div class=\"elementor-column elementor-col-33 elementor-top-column elementor-element elementor-element-a622944\" data-id=\"a622944\" data-element_type=\"column\">\n\t\t\t<div class=\"elementor-widget-wrap\">\n\t\t\t\t\t\t\t\t\t<\/div>\n\t\t<\/div>\n\t\t\t\t\t\t\t<\/div>\n\t\t<\/section>\n\t\t\t\t<section class=\"elementor-section elementor-top-section elementor-element elementor-element-71fae59 elementor-section-boxed elementor-section-height-default elementor-section-height-default\" data-id=\"71fae59\" data-element_type=\"section\">\n\t\t\t\t\t\t<div class=\"elementor-container elementor-column-gap-default\">\n\t\t\t\t\t<div class=\"elementor-column elementor-col-100 elementor-top-column elementor-element elementor-element-82fe8ed\" data-id=\"82fe8ed\" data-element_type=\"column\">\n\t\t\t<div class=\"elementor-widget-wrap elementor-element-populated\">\n\t\t\t\t\t\t\t\t<section class=\"elementor-section elementor-inner-section elementor-element elementor-element-c96c7cf elementor-section-boxed elementor-section-height-default elementor-section-height-default\" data-id=\"c96c7cf\" data-element_type=\"section\">\n\t\t\t\t\t\t<div class=\"elementor-container elementor-column-gap-default\">\n\t\t\t\t\t<div class=\"elementor-column elementor-col-25 elementor-inner-column elementor-element elementor-element-2d92ff5\" data-id=\"2d92ff5\" data-element_type=\"column\">\n\t\t\t<div class=\"elementor-widget-wrap\">\n\t\t\t\t\t\t\t\t\t<\/div>\n\t\t<\/div>\n\t\t\t\t<div class=\"elementor-column elementor-col-50 elementor-inner-column elementor-element elementor-element-fa58d9b\" data-id=\"fa58d9b\" data-element_type=\"column\">\n\t\t\t<div class=\"elementor-widget-wrap elementor-element-populated\">\n\t\t\t\t\t\t\t\t<div class=\"elementor-element elementor-element-80bd88f elementor-widget elementor-widget-text-editor\" data-id=\"80bd88f\" data-element_type=\"widget\" data-widget_type=\"text-editor.default\">\n\t\t\t\t<div class=\"elementor-widget-container\">\n\t\t\t<style>\/*! elementor - v3.5.6 - 28-02-2022 *\/\n.elementor-widget-text-editor.elementor-drop-cap-view-stacked .elementor-drop-cap{background-color:#818a91;color:#fff}.elementor-widget-text-editor.elementor-drop-cap-view-framed .elementor-drop-cap{color:#818a91;border:3px solid;background-color:transparent}.elementor-widget-text-editor:not(.elementor-drop-cap-view-default) .elementor-drop-cap{margin-top:8px}.elementor-widget-text-editor:not(.elementor-drop-cap-view-default) .elementor-drop-cap-letter{width:1em;height:1em}.elementor-widget-text-editor .elementor-drop-cap{float:left;text-align:center;line-height:1;font-size:50px}.elementor-widget-text-editor .elementor-drop-cap-letter{display:inline-block}<\/style>\t\t\t\t<p>O servidor SARAPALHA tem o servi\u00e7o LDAP e \u00e9 o componente dedicado \u00e0 transfer\u00eancia de arquivos. O servidor SARAPALHA \u00e9 uma m\u00e1quina virtual com 4 n\u00facleos, 8 Gb de mem\u00f3ria e um sistema RAID10 de 7 Tb que hospeda as pastas 2sagarana para troca de dados com a SAGARANA.<br><\/p>\n<p>A SARAPALHA se conecta diretamente a uma porta da SAGARANA para espelhamento da pasta 2sagarana, assim uma vez feito <i>download<\/i> para a pasta 2sagarana da SARAPALHA os dados s\u00e3o transferidos para a SAGARANA.<\/p>\n<p>A SARAPALHA possui um banco de dados MariaDB que pode ser acessado pela SAGARANA.<\/p><p>SARAPALHA opera um servi\u00e7o LDAP assim os membros da minhaUFMG t\u00eam acesso usando suas pr\u00f3pr\u00edas credenciais.<br><\/p>\t\t\t\t\t\t<\/div>\n\t\t\t\t<\/div>\n\t\t\t\t\t<\/div>\n\t\t<\/div>\n\t\t\t\t<div class=\"elementor-column elementor-col-25 elementor-inner-column elementor-element elementor-element-82871c9\" data-id=\"82871c9\" data-element_type=\"column\">\n\t\t\t<div class=\"elementor-widget-wrap\">\n\t\t\t\t\t\t\t\t\t<\/div>\n\t\t<\/div>\n\t\t\t\t\t\t\t<\/div>\n\t\t<\/section>\n\t\t\t\t\t<\/div>\n\t\t<\/div>\n\t\t\t\t\t\t\t<\/div>\n\t\t<\/section>\n\t\t\t\t<section class=\"elementor-section elementor-top-section elementor-element elementor-element-4c1ad03 elementor-section-boxed elementor-section-height-default elementor-section-height-default\" data-id=\"4c1ad03\" data-element_type=\"section\">\n\t\t\t\t\t\t<div class=\"elementor-container elementor-column-gap-default\">\n\t\t\t\t\t<div class=\"elementor-column elementor-col-25 elementor-top-column elementor-element elementor-element-df18da0\" data-id=\"df18da0\" data-element_type=\"column\">\n\t\t\t<div class=\"elementor-widget-wrap\">\n\t\t\t\t\t\t\t\t\t<\/div>\n\t\t<\/div>\n\t\t\t\t<div class=\"elementor-column elementor-col-50 elementor-top-column elementor-element elementor-element-71f48b8\" data-id=\"71f48b8\" data-element_type=\"column\">\n\t\t\t<div class=\"elementor-widget-wrap elementor-element-populated\">\n\t\t\t\t\t\t\t\t<div class=\"elementor-element elementor-element-8b4a5f3 elementor-widget elementor-widget-heading\" data-id=\"8b4a5f3\" data-element_type=\"widget\" data-widget_type=\"heading.default\">\n\t\t\t\t<div class=\"elementor-widget-container\">\n\t\t\t<h2 class=\"elementor-heading-title elementor-size-default\">Procedimentos para usar Sarapalha<\/h2>\t\t<\/div>\n\t\t\t\t<\/div>\n\t\t\t\t<div class=\"elementor-element elementor-element-c4da4db elementor-widget elementor-widget-text-editor\" data-id=\"c4da4db\" data-element_type=\"widget\" data-widget_type=\"text-editor.default\">\n\t\t\t\t<div class=\"elementor-widget-container\">\n\t\t\t\t\t\t\t<h3>A pasta 2sagarana<\/h3><ul><li>\u00c9 tudo que voc\u00ea pode usar na Sarapalha;<\/li><li>Ela \u00e9 um espelho exportado por NFS de uma pasta na Sagarana;<\/li><li>N\u00e3o use o seu home na sarapalha, ela \u00e9 para <i>file transfer only<\/i>;<\/li><li>Apague tudo da pasta 2sagarana assim que transferir.<\/li><\/ul><h3>Acesso \u00e0 sagarana<\/h3><ul><li>Basta digitar ssh sagarana<br \/>Os arquivos colocados em 2sagarana da sarapalha estar\u00e3o na 2sagarana da sagarana;<\/li><li>Portanto mova (mv) de 2sagarana para seu home na sagarana para deixar essa \u00e1rea livre para os outros!<\/li><\/ul><h3>Uso da sagarana<\/h3><ul><li>Diferentemete de outros HPC use o m\u00e1ximo de cores que puder;<\/li><li>Mas como n\u00e3o temos <i>infiniband<\/i>, pe\u00e7a cores que estejam livres em um \u00fanico n\u00f3;<\/li><li>Digite freecores para listar cores livres;<\/li><li>A fila64 atende n001 a n004 e fila256 o n\u00f3 n005;<\/li><li>N\u00e3o h\u00e1 tempo m\u00e1ximo para rodar;<\/li><li>Veja mais em <a href=\"http:\/\/sites.icb.ufmg.br\/celam\/bioinformatica\/equipamentos\/servidor-sagarana\/#comandos\">Comandos<\/a><\/li><\/ul>\t\t\t\t\t\t<\/div>\n\t\t\t\t<\/div>\n\t\t\t\t\t<\/div>\n\t\t<\/div>\n\t\t\t\t<div class=\"elementor-column elementor-col-25 elementor-top-column elementor-element elementor-element-90c42a6\" data-id=\"90c42a6\" data-element_type=\"column\">\n\t\t\t<div class=\"elementor-widget-wrap\">\n\t\t\t\t\t\t\t\t\t<\/div>\n\t\t<\/div>\n\t\t\t\t\t\t\t<\/div>\n\t\t<\/section>\n\t\t\t\t\t\t<\/div>\n\t\t\t\t\t<\/div>\n\t\t","protected":false},"excerpt":{"rendered":"<p>\/*! elementor &#8211; v3.5.5 &#8211; 03-02-2022 *\/ .elementor-heading-title{padding:0;margin:0;line-height:1}.elementor-widget-heading .elementor-heading-title[class*=elementor-size-]&gt;a{color:inherit;font-size:inherit;line-height:inherit}.elementor-widget-heading .elementor-heading-title.elementor-size-small{font-size:15px}.elementor-widget-heading .elementor-heading-title.elementor-size-medium{font-size:19px}.elementor-widget-heading .elementor-heading-title.elementor-size-large{font-size:29px}.elementor-widget-heading .elementor-heading-title.elementor-size-xl{font-size:39px}.elementor-widget-heading .elementor-heading-title.elementor-size-xxl{font-size:59px} Servidor Sarapalha Servidor Sarapalha O servidor SARAPALHA tem o servi\u00e7o LDAP e \u00e9 o componente dedicado \u00e0 transfer\u00eancia de arquivos. O servidor SARAPALHA \u00e9 uma m\u00e1quina virtual com 4 n\u00facleos, 8 Gb de mem\u00f3ria e um sistema RAID10 de 7 Tb [&hellip;]<\/p>\n","protected":false},"author":1,"featured_media":0,"parent":538,"menu_order":0,"comment_status":"closed","ping_status":"closed","template":"","meta":{"inline_featured_image":false},"_links":{"self":[{"href":"https:\/\/sites.icb.ufmg.br\/celam\/bioinformatica\/wp-json\/wp\/v2\/pages\/674"}],"collection":[{"href":"https:\/\/sites.icb.ufmg.br\/celam\/bioinformatica\/wp-json\/wp\/v2\/pages"}],"about":[{"href":"https:\/\/sites.icb.ufmg.br\/celam\/bioinformatica\/wp-json\/wp\/v2\/types\/page"}],"author":[{"embeddable":true,"href":"https:\/\/sites.icb.ufmg.br\/celam\/bioinformatica\/wp-json\/wp\/v2\/users\/1"}],"replies":[{"embeddable":true,"href":"https:\/\/sites.icb.ufmg.br\/celam\/bioinformatica\/wp-json\/wp\/v2\/comments?post=674"}],"version-history":[{"count":23,"href":"https:\/\/sites.icb.ufmg.br\/celam\/bioinformatica\/wp-json\/wp\/v2\/pages\/674\/revisions"}],"predecessor-version":[{"id":1016,"href":"https:\/\/sites.icb.ufmg.br\/celam\/bioinformatica\/wp-json\/wp\/v2\/pages\/674\/revisions\/1016"}],"up":[{"embeddable":true,"href":"https:\/\/sites.icb.ufmg.br\/celam\/bioinformatica\/wp-json\/wp\/v2\/pages\/538"}],"wp:attachment":[{"href":"https:\/\/sites.icb.ufmg.br\/celam\/bioinformatica\/wp-json\/wp\/v2\/media?parent=674"}],"curies":[{"name":"wp","href":"https:\/\/api.w.org\/{rel}","templated":true}]}}