{"id":18,"date":"2021-12-22T12:03:21","date_gmt":"2021-12-22T12:03:21","guid":{"rendered":"http:\/\/sites.icb.ufmg.br\/celam\/biosseguranca\/?page_id=18"},"modified":"2024-10-14T11:10:45","modified_gmt":"2024-10-14T14:10:45","slug":"sobre","status":"publish","type":"page","link":"https:\/\/sites.icb.ufmg.br\/celam\/biosseguranca\/sobre\/","title":{"rendered":"Sobre"},"content":{"rendered":"\t\t<div data-elementor-type=\"wp-page\" data-elementor-id=\"18\" class=\"elementor elementor-18\" data-elementor-settings=\"[]\">\n\t\t\t\t\t\t\t<div class=\"elementor-section-wrap\">\n\t\t\t\t\t\t\t<section class=\"elementor-section elementor-top-section elementor-element elementor-element-748aa821 elementor-section-height-min-height elementor-section-stretched elementor-section-boxed elementor-section-height-default elementor-section-items-middle\" data-id=\"748aa821\" data-element_type=\"section\" id=\"hero\" data-settings=\"{&quot;stretch_section&quot;:&quot;section-stretched&quot;,&quot;background_background&quot;:&quot;classic&quot;}\">\n\t\t\t\t\t\t\t<div class=\"elementor-background-overlay\"><\/div>\n\t\t\t\t\t\t\t<div class=\"elementor-container elementor-column-gap-default\">\n\t\t\t\t\t<div class=\"elementor-column elementor-col-100 elementor-top-column elementor-element elementor-element-15153ae2 elementor-invisible\" data-id=\"15153ae2\" data-element_type=\"column\" data-settings=\"{&quot;animation&quot;:&quot;fadeIn&quot;}\">\n\t\t\t<div class=\"elementor-widget-wrap elementor-element-populated\">\n\t\t\t\t\t\t\t\t<section class=\"elementor-section elementor-inner-section elementor-element elementor-element-88f7bf9 elementor-section-boxed elementor-section-height-default elementor-section-height-default\" data-id=\"88f7bf9\" data-element_type=\"section\">\n\t\t\t\t\t\t<div class=\"elementor-container elementor-column-gap-default\">\n\t\t\t\t\t<div class=\"elementor-column elementor-col-50 elementor-inner-column elementor-element elementor-element-1294ef6e\" data-id=\"1294ef6e\" data-element_type=\"column\">\n\t\t\t<div class=\"elementor-widget-wrap elementor-element-populated\">\n\t\t\t\t\t\t\t\t<div class=\"elementor-element elementor-element-5c1a07bf elementor-widget elementor-widget-heading\" data-id=\"5c1a07bf\" data-element_type=\"widget\" data-widget_type=\"heading.default\">\n\t\t\t\t<div class=\"elementor-widget-container\">\n\t\t\t<style>\/*! elementor - v3.5.6 - 28-02-2022 *\/\n.elementor-heading-title{padding:0;margin:0;line-height:1}.elementor-widget-heading .elementor-heading-title[class*=elementor-size-]>a{color:inherit;font-size:inherit;line-height:inherit}.elementor-widget-heading .elementor-heading-title.elementor-size-small{font-size:15px}.elementor-widget-heading .elementor-heading-title.elementor-size-medium{font-size:19px}.elementor-widget-heading .elementor-heading-title.elementor-size-large{font-size:29px}.elementor-widget-heading .elementor-heading-title.elementor-size-xl{font-size:39px}.elementor-widget-heading .elementor-heading-title.elementor-size-xxl{font-size:59px}<\/style><h1 class=\"elementor-heading-title elementor-size-default\">SOBRE<\/h1>\t\t<\/div>\n\t\t\t\t<\/div>\n\t\t\t\t\t<\/div>\n\t\t<\/div>\n\t\t\t\t<div class=\"elementor-column elementor-col-50 elementor-inner-column elementor-element elementor-element-24c435f4\" data-id=\"24c435f4\" data-element_type=\"column\">\n\t\t\t<div class=\"elementor-widget-wrap\">\n\t\t\t\t\t\t\t\t\t<\/div>\n\t\t<\/div>\n\t\t\t\t\t\t\t<\/div>\n\t\t<\/section>\n\t\t\t\t\t<\/div>\n\t\t<\/div>\n\t\t\t\t\t\t\t<\/div>\n\t\t<\/section>\n\t\t\t\t<section class=\"elementor-section elementor-top-section elementor-element elementor-element-a2f593b elementor-section-boxed elementor-section-height-default elementor-section-height-default\" data-id=\"a2f593b\" data-element_type=\"section\">\n\t\t\t\t\t\t<div class=\"elementor-container elementor-column-gap-default\">\n\t\t\t\t\t<div class=\"elementor-column elementor-col-25 elementor-top-column elementor-element elementor-element-4d916eb\" data-id=\"4d916eb\" data-element_type=\"column\">\n\t\t\t<div class=\"elementor-widget-wrap\">\n\t\t\t\t\t\t\t\t\t<\/div>\n\t\t<\/div>\n\t\t\t\t<div class=\"elementor-column elementor-col-50 elementor-top-column elementor-element elementor-element-876fe58\" data-id=\"876fe58\" data-element_type=\"column\">\n\t\t\t<div class=\"elementor-widget-wrap elementor-element-populated\">\n\t\t\t\t\t\t\t\t<div class=\"elementor-element elementor-element-7f490b7 elementor-widget elementor-widget-heading\" data-id=\"7f490b7\" data-element_type=\"widget\" data-widget_type=\"heading.default\">\n\t\t\t\t<div class=\"elementor-widget-container\">\n\t\t\t<h2 class=\"elementor-heading-title elementor-size-default\">Laborat\u00f3rio-NB3-ICB<\/h2>\t\t<\/div>\n\t\t\t\t<\/div>\n\t\t\t\t<div class=\"elementor-element elementor-element-26f6de4 elementor-widget elementor-widget-text-editor\" data-id=\"26f6de4\" data-element_type=\"widget\" data-widget_type=\"text-editor.default\">\n\t\t\t\t<div class=\"elementor-widget-container\">\n\t\t\t<style>\/*! elementor - v3.5.6 - 28-02-2022 *\/\n.elementor-widget-text-editor.elementor-drop-cap-view-stacked .elementor-drop-cap{background-color:#818a91;color:#fff}.elementor-widget-text-editor.elementor-drop-cap-view-framed .elementor-drop-cap{color:#818a91;border:3px solid;background-color:transparent}.elementor-widget-text-editor:not(.elementor-drop-cap-view-default) .elementor-drop-cap{margin-top:8px}.elementor-widget-text-editor:not(.elementor-drop-cap-view-default) .elementor-drop-cap-letter{width:1em;height:1em}.elementor-widget-text-editor .elementor-drop-cap{float:left;text-align:center;line-height:1;font-size:50px}.elementor-widget-text-editor .elementor-drop-cap-letter{display:inline-block}<\/style>\t\t\t\t<h6 style=\"text-align: left;\">O Laborat\u00f3rio-NB3-ICB \u00e9 certificado pela Comiss\u00e3o T\u00e9cnica Nacional de Biosseguran\u00e7a (CTNBio) e segue todas as normas de biosseguran\u00e7a preconizadas por este \u00f3rg\u00e3o. Como parte do CELAM, o Laborat\u00f3rio-NB3-ICB \u00e9 aberto para uso por toda a comunidade do ICB, UFMG e por qualquer outra Institui\u00e7\u00e3o de Pesquisa nacional.<\/h6>\t\t\t\t\t\t<\/div>\n\t\t\t\t<\/div>\n\t\t\t\t<div class=\"elementor-element elementor-element-6d6dc38 elementor-widget elementor-widget-text-editor\" data-id=\"6d6dc38\" data-element_type=\"widget\" data-widget_type=\"text-editor.default\">\n\t\t\t\t<div class=\"elementor-widget-container\">\n\t\t\t\t\t\t\t<p>O Laborat\u00f3rio est\u00e1 localizado no ICB-UFMG e possui 85 m2 de \u00e1rea total, contando com uma sala principal e duas salas destinadas \u00e0 manipula\u00e7\u00e3o de agentes patog\u00eanicos ou organismos geneticamente modificados (OGM) de n\u00edvel 3, uma sala de esteriliza\u00e7\u00e3o\/descontamina\u00e7\u00e3o de res\u00edduos biol\u00f3gicos, al\u00e9m de biot\u00e9rio destinado \u00e0 manuten\u00e7\u00e3o de animais em experimenta\u00e7\u00e3o.<\/p><p>De acordo com as Classifica\u00e7\u00f5es de Riscos de Agentes Biol\u00f3gicos (*), os microrganismos s\u00e3o agrupados em quatro classes de risco. Como consequ\u00eancia deste agrupamento, foram estabelecidos os diferentes n\u00edveis de biosseguran\u00e7a adequados \u00e0s respectivas Classes de Risco:<\/p><ul><li><strong>Classe de risco 1<\/strong> (baixo risco individual e para a coletividade): inclui os agentes biol\u00f3gicos conhecidos por n\u00e3o causarem doen\u00e7as em pessoas ou animais adultos sadios. Exemplo: Lactobacillus sp.<\/li><li><strong>Classe de risco 2<\/strong> (moderado risco individual e limitado risco para a comunidade): inclui os agentes biol\u00f3gicos que provocam infec\u00e7\u00f5es no homem ou nos animais, cujo potencial de propaga\u00e7\u00e3o na comunidade e de dissemina\u00e7\u00e3o no meio ambiente \u00e9 limitado, e para os quais existem medidas terap\u00eauticas e profil\u00e1ticas eficazes. Exemplo: Schistosoma mansoni.<\/li><li><strong>Classe de risco 3<\/strong> (alto risco individual e moderado risco para a comunidade): inclui os agentes biol\u00f3gicos que possuem capacidade de transmiss\u00e3o por via respirat\u00f3ria e que causam patologias humanas ou animais, potencialmente letais, para as quais existem usualmente medidas de tratamento e\/ou de preven\u00e7\u00e3o. Representam risco se dissemina\u00e7\u00e3o na comunidade e no meio ambiente, podendo se propagar de pessoa a pessoa. Exemplo: Bacillus anthracis, Mycobacterium tuberculosis, SARS-CoV-2.<\/li><li><strong>Classe de risco 4<\/strong> (alto risco individual e para a comunidade): inclui os agentes biol\u00f3gicos com grande poder de transmissibilidade por via respirat\u00f3ria ou de transmiss\u00e3o desconhecida. At\u00e9 o momento n\u00e3o h\u00e1 nenhuma medida profil\u00e1tica ou terap\u00eautica eficaz contra infec\u00e7\u00f5es ocasionadas por estes. Causam doen\u00e7as humanas e animais de alta gravidade, com alta capacidade de dissemina\u00e7\u00e3o na comunidade e no meio ambiente. Esta classe inclui principalmente os v\u00edrus. Exemplo: V\u00edrus Ebola.<\/li><\/ul><div>\u00a0<\/div><p><small>*BRASIL. Minist\u00e9rio da Sa\u00fade. Secretaria de Ci\u00eancia, Tecnologia e Insumos Estrat\u00e9gicos. Departamento de Ci\u00eancia e Tecnologia. Classifica\u00e7\u00e3o de risco dos agentes biol\u00f3gicos. Bras\u00edlia, DF: MS, 2006. 37 p. (S\u00e9rie A. Normas e Manuais T\u00e9cnicos).<\/small><\/p>\t\t\t\t\t\t<\/div>\n\t\t\t\t<\/div>\n\t\t\t\t\t<\/div>\n\t\t<\/div>\n\t\t\t\t<div class=\"elementor-column elementor-col-25 elementor-top-column elementor-element elementor-element-fa2eef5\" data-id=\"fa2eef5\" data-element_type=\"column\">\n\t\t\t<div class=\"elementor-widget-wrap\">\n\t\t\t\t\t\t\t\t\t<\/div>\n\t\t<\/div>\n\t\t\t\t\t\t\t<\/div>\n\t\t<\/section>\n\t\t\t\t<section class=\"elementor-section elementor-top-section elementor-element elementor-element-71f60e81 equipamentos elementor-section-boxed elementor-section-height-default elementor-section-height-default\" data-id=\"71f60e81\" data-element_type=\"section\" data-settings=\"{&quot;background_background&quot;:&quot;classic&quot;}\">\n\t\t\t\t\t\t\t<div class=\"elementor-background-overlay\"><\/div>\n\t\t\t\t\t\t\t<div class=\"elementor-container elementor-column-gap-default\">\n\t\t\t\t\t<div class=\"elementor-column elementor-col-100 elementor-top-column elementor-element elementor-element-132b3348\" data-id=\"132b3348\" data-element_type=\"column\">\n\t\t\t<div class=\"elementor-widget-wrap elementor-element-populated\">\n\t\t\t\t\t\t\t\t<div class=\"elementor-element elementor-element-5708d385 elementor-widget elementor-widget-heading\" data-id=\"5708d385\" data-element_type=\"widget\" data-widget_type=\"heading.default\">\n\t\t\t\t<div class=\"elementor-widget-container\">\n\t\t\t<h2 class=\"elementor-heading-title elementor-size-default\">Nossos equipamentos<\/h2>\t\t<\/div>\n\t\t\t\t<\/div>\n\t\t\t\t<div class=\"elementor-element elementor-element-5543ca13 elementor-widget elementor-widget-text-editor\" data-id=\"5543ca13\" data-element_type=\"widget\" data-widget_type=\"text-editor.default\">\n\t\t\t\t<div class=\"elementor-widget-container\">\n\t\t\t\t\t\t\t<p>O Laborat\u00f3rio-NB3-ICB conta com os seguintes equipamentos:<\/p>\t\t\t\t\t\t<\/div>\n\t\t\t\t<\/div>\n\t\t\t\t<section class=\"elementor-section elementor-inner-section elementor-element elementor-element-4c6c6e5f elementor-section-boxed elementor-section-height-default elementor-section-height-default\" data-id=\"4c6c6e5f\" data-element_type=\"section\">\n\t\t\t\t\t\t<div class=\"elementor-container elementor-column-gap-custom\">\n\t\t\t\t\t<div class=\"elementor-column elementor-col-50 elementor-inner-column elementor-element elementor-element-1ce321a0\" data-id=\"1ce321a0\" data-element_type=\"column\">\n\t\t\t<div class=\"elementor-widget-wrap elementor-element-populated\">\n\t\t\t\t\t\t\t\t<div class=\"elementor-element elementor-element-2658a426 elementor-widget elementor-widget-text-editor\" data-id=\"2658a426\" data-element_type=\"widget\" data-widget_type=\"text-editor.default\">\n\t\t\t\t<div class=\"elementor-widget-container\">\n\t\t\t\t\t\t\t<h3>Microsc\u00f3pio de fluoresc\u00eancia EVOS<\/h3><p>Leitura de amostras nos espectros do verde, vermelho e azul<\/p>\t\t\t\t\t\t<\/div>\n\t\t\t\t<\/div>\n\t\t\t\t\t<\/div>\n\t\t<\/div>\n\t\t\t\t<div class=\"elementor-column elementor-col-50 elementor-inner-column elementor-element elementor-element-159e5439\" data-id=\"159e5439\" data-element_type=\"column\">\n\t\t\t<div class=\"elementor-widget-wrap elementor-element-populated\">\n\t\t\t\t\t\t\t\t<div class=\"elementor-element elementor-element-6c66b68c elementor-widget elementor-widget-text-editor\" data-id=\"6c66b68c\" data-element_type=\"widget\" data-widget_type=\"text-editor.default\">\n\t\t\t\t<div class=\"elementor-widget-container\">\n\t\t\t\t\t\t\t<h3>Multileitor de placas Varioskan<\/h3><p>Leitura de densidade \u00f3ptica, fluoresc\u00eancia e luminesc\u00eancia<\/p>\t\t\t\t\t\t<\/div>\n\t\t\t\t<\/div>\n\t\t\t\t\t<\/div>\n\t\t<\/div>\n\t\t\t\t\t\t\t<\/div>\n\t\t<\/section>\n\t\t\t\t<section class=\"elementor-section elementor-inner-section elementor-element elementor-element-2bd6a21d elementor-section-boxed elementor-section-height-default elementor-section-height-default\" data-id=\"2bd6a21d\" data-element_type=\"section\">\n\t\t\t\t\t\t<div class=\"elementor-container elementor-column-gap-custom\">\n\t\t\t\t\t<div class=\"elementor-column elementor-col-50 elementor-inner-column elementor-element elementor-element-36950178\" data-id=\"36950178\" data-element_type=\"column\">\n\t\t\t<div class=\"elementor-widget-wrap elementor-element-populated\">\n\t\t\t\t\t\t\t\t<div class=\"elementor-element elementor-element-4c3d821f elementor-widget elementor-widget-text-editor\" data-id=\"4c3d821f\" data-element_type=\"widget\" data-widget_type=\"text-editor.default\">\n\t\t\t\t<div class=\"elementor-widget-container\">\n\t\t\t\t\t\t\t<h3>Equipamentos para cultura de c\u00e9lulas<\/h3><p>Infraestrutura completa para trabalho com cultura de c\u00e9lulas como cabines de fluxo laminar, microsc\u00f3pios invertidos com c\u00e2mera, estufas de CO2, nitrog\u00eanio para armazenagem de amostras, ultrafreezer -80, etc<\/p>\t\t\t\t\t\t<\/div>\n\t\t\t\t<\/div>\n\t\t\t\t\t<\/div>\n\t\t<\/div>\n\t\t\t\t<div class=\"elementor-column elementor-col-50 elementor-inner-column elementor-element elementor-element-46c21540\" data-id=\"46c21540\" data-element_type=\"column\">\n\t\t\t<div class=\"elementor-widget-wrap elementor-element-populated\">\n\t\t\t\t\t\t\t\t<div class=\"elementor-element elementor-element-5854ce36 elementor-widget elementor-widget-text-editor\" data-id=\"5854ce36\" data-element_type=\"widget\" data-widget_type=\"text-editor.default\">\n\t\t\t\t<div class=\"elementor-widget-container\">\n\t\t\t\t\t\t\t<h3>Rack ventilada para animais<\/h3><p>Biot\u00e9rio com estrutura para manipula\u00e7\u00e3o de animais em experimenta\u00e7\u00e3o com racks ventiladas e gaiolas individuais. Manuseio de camundongos e hamsters.<\/p>\t\t\t\t\t\t<\/div>\n\t\t\t\t<\/div>\n\t\t\t\t\t<\/div>\n\t\t<\/div>\n\t\t\t\t\t\t\t<\/div>\n\t\t<\/section>\n\t\t\t\t\t<\/div>\n\t\t<\/div>\n\t\t\t\t\t\t\t<\/div>\n\t\t<\/section>\n\t\t\t\t<section class=\"elementor-section elementor-top-section elementor-element elementor-element-46264ee elementor-section-boxed elementor-section-height-default elementor-section-height-default\" data-id=\"46264ee\" data-element_type=\"section\">\n\t\t\t\t\t\t<div class=\"elementor-container elementor-column-gap-default\">\n\t\t\t\t\t<div class=\"elementor-column elementor-col-100 elementor-top-column elementor-element elementor-element-a45b297\" data-id=\"a45b297\" data-element_type=\"column\">\n\t\t\t<div class=\"elementor-widget-wrap elementor-element-populated\">\n\t\t\t\t\t\t\t\t<section class=\"elementor-section elementor-inner-section elementor-element elementor-element-4b88054 elementor-section-boxed elementor-section-height-default elementor-section-height-default\" data-id=\"4b88054\" data-element_type=\"section\">\n\t\t\t\t\t\t<div class=\"elementor-container elementor-column-gap-default\">\n\t\t\t\t\t<div class=\"elementor-column elementor-col-33 elementor-inner-column elementor-element elementor-element-0de45ec\" data-id=\"0de45ec\" data-element_type=\"column\">\n\t\t\t<div class=\"elementor-widget-wrap\">\n\t\t\t\t\t\t\t\t\t<\/div>\n\t\t<\/div>\n\t\t\t\t<div class=\"elementor-column elementor-col-33 elementor-inner-column elementor-element elementor-element-2170b5d\" data-id=\"2170b5d\" data-element_type=\"column\">\n\t\t\t<div class=\"elementor-widget-wrap elementor-element-populated\">\n\t\t\t\t\t\t\t\t<div class=\"elementor-element elementor-element-f511d35 elementor-widget elementor-widget-heading\" data-id=\"f511d35\" data-element_type=\"widget\" data-widget_type=\"heading.default\">\n\t\t\t\t<div class=\"elementor-widget-container\">\n\t\t\t<h2 class=\"elementor-heading-title elementor-size-default\">Equipe<\/h2>\t\t<\/div>\n\t\t\t\t<\/div>\n\t\t\t\t\t<\/div>\n\t\t<\/div>\n\t\t\t\t<div class=\"elementor-column elementor-col-33 elementor-inner-column elementor-element elementor-element-61301a5\" data-id=\"61301a5\" data-element_type=\"column\">\n\t\t\t<div class=\"elementor-widget-wrap\">\n\t\t\t\t\t\t\t\t\t<\/div>\n\t\t<\/div>\n\t\t\t\t\t\t\t<\/div>\n\t\t<\/section>\n\t\t\t\t<section class=\"elementor-section elementor-inner-section elementor-element elementor-element-331267c elementor-section-boxed elementor-section-height-default elementor-section-height-default\" data-id=\"331267c\" data-element_type=\"section\">\n\t\t\t\t\t\t<div class=\"elementor-container elementor-column-gap-default\">\n\t\t\t\t\t<div class=\"elementor-column elementor-col-33 elementor-inner-column elementor-element elementor-element-99fce3c\" data-id=\"99fce3c\" data-element_type=\"column\">\n\t\t\t<div class=\"elementor-widget-wrap elementor-element-populated\">\n\t\t\t\t\t\t\t\t<div class=\"elementor-element elementor-element-67d6893 elementor-widget elementor-widget-heading\" data-id=\"67d6893\" data-element_type=\"widget\" data-widget_type=\"heading.default\">\n\t\t\t\t<div class=\"elementor-widget-container\">\n\t\t\t<h4 class=\"elementor-heading-title elementor-size-default\">Coordenador<\/h4>\t\t<\/div>\n\t\t\t\t<\/div>\n\t\t\t\t<div class=\"elementor-element elementor-element-a7f945b elementor-widget elementor-widget-heading\" data-id=\"a7f945b\" data-element_type=\"widget\" data-widget_type=\"heading.default\">\n\t\t\t\t<div class=\"elementor-widget-container\">\n\t\t\t<h5 class=\"elementor-heading-title elementor-size-default\"><span class=\"elementor-heading-title elementor-size-default elementor-inline-editing pen\" data-elementor-setting-key=\"title\" data-pen-placeholder=\"Digite aqui...\" style=\"color: rgb(32, 32, 32); outline-color: currentcolor; outline-style: none;\">Prof. Renato Santana de Aguiar<\/span><\/h5>\t\t<\/div>\n\t\t\t\t<\/div>\n\t\t\t\t<div class=\"elementor-element elementor-element-c3a8e39 elementor-widget elementor-widget-text-editor\" data-id=\"c3a8e39\" data-element_type=\"widget\" data-widget_type=\"text-editor.default\">\n\t\t\t\t<div class=\"elementor-widget-container\">\n\t\t\t\t\t\t\t<p>Instituto de Ci\u00eancias Biol\u00f3gicas \/ UFMG<br>Departamento de Gen\u00e9tica, Ecologia e Evolu\u00e7\u00e3o<br><\/p>\t\t\t\t\t\t<\/div>\n\t\t\t\t<\/div>\n\t\t\t\t\t<\/div>\n\t\t<\/div>\n\t\t\t\t<div class=\"elementor-column elementor-col-33 elementor-inner-column elementor-element elementor-element-452e3bb\" data-id=\"452e3bb\" data-element_type=\"column\">\n\t\t\t<div class=\"elementor-widget-wrap elementor-element-populated\">\n\t\t\t\t\t\t\t\t<div class=\"elementor-element elementor-element-38d0fef elementor-widget elementor-widget-heading\" data-id=\"38d0fef\" data-element_type=\"widget\" data-widget_type=\"heading.default\">\n\t\t\t\t<div class=\"elementor-widget-container\">\n\t\t\t<h4 class=\"elementor-heading-title elementor-size-default\">Sub-coordenador<\/h4>\t\t<\/div>\n\t\t\t\t<\/div>\n\t\t\t\t<div class=\"elementor-element elementor-element-adbaf49 elementor-widget elementor-widget-heading\" data-id=\"adbaf49\" data-element_type=\"widget\" data-widget_type=\"heading.default\">\n\t\t\t\t<div class=\"elementor-widget-container\">\n\t\t\t<h5 class=\"elementor-heading-title elementor-size-default\">Prof. Luis Henrique Franco<\/h5>\t\t<\/div>\n\t\t\t\t<\/div>\n\t\t\t\t<div class=\"elementor-element elementor-element-a59fe58 elementor-widget elementor-widget-text-editor\" data-id=\"a59fe58\" data-element_type=\"widget\" data-widget_type=\"text-editor.default\">\n\t\t\t\t<div class=\"elementor-widget-container\">\n\t\t\t\t\t\t\t<p>Instituto de Ci\u00eancias Biol\u00f3gicas \/ UFMG<br \/>Departamento de Bioqu\u00edmica e Imunologia<\/p>\t\t\t\t\t\t<\/div>\n\t\t\t\t<\/div>\n\t\t\t\t\t<\/div>\n\t\t<\/div>\n\t\t\t\t<div class=\"elementor-column elementor-col-33 elementor-inner-column elementor-element elementor-element-97b9240\" data-id=\"97b9240\" data-element_type=\"column\">\n\t\t\t<div class=\"elementor-widget-wrap elementor-element-populated\">\n\t\t\t\t\t\t\t\t<div class=\"elementor-element elementor-element-194bddd elementor-widget elementor-widget-heading\" data-id=\"194bddd\" data-element_type=\"widget\" data-widget_type=\"heading.default\">\n\t\t\t\t<div class=\"elementor-widget-container\">\n\t\t\t<h4 class=\"elementor-heading-title elementor-size-default\">T\u00e9cnica respons\u00e1vel<\/h4>\t\t<\/div>\n\t\t\t\t<\/div>\n\t\t\t\t<div class=\"elementor-element elementor-element-78fca1b elementor-widget elementor-widget-heading\" data-id=\"78fca1b\" data-element_type=\"widget\" data-widget_type=\"heading.default\">\n\t\t\t\t<div class=\"elementor-widget-container\">\n\t\t\t<h5 class=\"elementor-heading-title elementor-size-default\"><br>Fran\u00e7oise Camila P. Santos de Souza\n<\/h5>\t\t<\/div>\n\t\t\t\t<\/div>\n\t\t\t\t<div class=\"elementor-element elementor-element-2ff0485 elementor-widget elementor-widget-text-editor\" data-id=\"2ff0485\" data-element_type=\"widget\" data-widget_type=\"text-editor.default\">\n\t\t\t\t<div class=\"elementor-widget-container\">\n\t\t\t\t\t\t\t\t\t\t\t\t\t<\/div>\n\t\t\t\t<\/div>\n\t\t\t\t\t<\/div>\n\t\t<\/div>\n\t\t\t\t\t\t\t<\/div>\n\t\t<\/section>\n\t\t\t\t\t<\/div>\n\t\t<\/div>\n\t\t\t\t\t\t\t<\/div>\n\t\t<\/section>\n\t\t\t\t\t\t<\/div>\n\t\t\t\t\t<\/div>\n\t\t","protected":false},"excerpt":{"rendered":"<p>SOBRE Laborat\u00f3rio-NB3-ICB O Laborat\u00f3rio-NB3-ICB \u00e9 certificado pela Comiss\u00e3o T\u00e9cnica Nacional de Biosseguran\u00e7a (CTNBio) e segue todas as normas de biosseguran\u00e7a preconizadas por este \u00f3rg\u00e3o. Como parte do CELAM, o Laborat\u00f3rio-NB3-ICB \u00e9 aberto para uso por toda a comunidade do ICB, UFMG e por qualquer outra Institui\u00e7\u00e3o de Pesquisa nacional. O Laborat\u00f3rio est\u00e1 localizado no ICB-UFMG [&hellip;]<\/p>\n","protected":false},"author":1,"featured_media":0,"parent":0,"menu_order":0,"comment_status":"closed","ping_status":"closed","template":"","meta":{"inline_featured_image":false},"_links":{"self":[{"href":"https:\/\/sites.icb.ufmg.br\/celam\/biosseguranca\/wp-json\/wp\/v2\/pages\/18"}],"collection":[{"href":"https:\/\/sites.icb.ufmg.br\/celam\/biosseguranca\/wp-json\/wp\/v2\/pages"}],"about":[{"href":"https:\/\/sites.icb.ufmg.br\/celam\/biosseguranca\/wp-json\/wp\/v2\/types\/page"}],"author":[{"embeddable":true,"href":"https:\/\/sites.icb.ufmg.br\/celam\/biosseguranca\/wp-json\/wp\/v2\/users\/1"}],"replies":[{"embeddable":true,"href":"https:\/\/sites.icb.ufmg.br\/celam\/biosseguranca\/wp-json\/wp\/v2\/comments?post=18"}],"version-history":[{"count":97,"href":"https:\/\/sites.icb.ufmg.br\/celam\/biosseguranca\/wp-json\/wp\/v2\/pages\/18\/revisions"}],"predecessor-version":[{"id":1135,"href":"https:\/\/sites.icb.ufmg.br\/celam\/biosseguranca\/wp-json\/wp\/v2\/pages\/18\/revisions\/1135"}],"wp:attachment":[{"href":"https:\/\/sites.icb.ufmg.br\/celam\/biosseguranca\/wp-json\/wp\/v2\/media?parent=18"}],"curies":[{"name":"wp","href":"https:\/\/api.w.org\/{rel}","templated":true}]}}