{"id":640,"date":"2021-12-28T16:00:01","date_gmt":"2021-12-28T19:00:01","guid":{"rendered":"http:\/\/sites.icb.ufmg.br\/celam\/biosseguranca\/?page_id=640"},"modified":"2024-10-14T11:04:24","modified_gmt":"2024-10-14T14:04:24","slug":"laboratorio-1","status":"publish","type":"page","link":"https:\/\/sites.icb.ufmg.br\/celam\/biosseguranca\/laboratorios\/laboratorio-1\/","title":{"rendered":"Laborat\u00f3rio 1"},"content":{"rendered":"\t\t<div data-elementor-type=\"wp-page\" data-elementor-id=\"640\" class=\"elementor elementor-640\" data-elementor-settings=\"[]\">\n\t\t\t\t\t\t\t<div class=\"elementor-section-wrap\">\n\t\t\t\t\t\t\t<section class=\"elementor-section elementor-top-section elementor-element elementor-element-138a03f8 elementor-section-height-min-height elementor-section-stretched elementor-section-boxed elementor-section-height-default elementor-section-items-middle\" data-id=\"138a03f8\" data-element_type=\"section\" id=\"hero\" data-settings=\"{&quot;stretch_section&quot;:&quot;section-stretched&quot;,&quot;background_background&quot;:&quot;classic&quot;}\">\n\t\t\t\t\t\t\t<div class=\"elementor-background-overlay\"><\/div>\n\t\t\t\t\t\t\t<div class=\"elementor-container elementor-column-gap-default\">\n\t\t\t\t\t<div class=\"elementor-column elementor-col-100 elementor-top-column elementor-element elementor-element-218192a0 elementor-invisible\" data-id=\"218192a0\" data-element_type=\"column\" data-settings=\"{&quot;animation&quot;:&quot;fadeIn&quot;}\">\n\t\t\t<div class=\"elementor-widget-wrap elementor-element-populated\">\n\t\t\t\t\t\t\t\t<section class=\"elementor-section elementor-inner-section elementor-element elementor-element-79bcff93 elementor-section-boxed elementor-section-height-default elementor-section-height-default\" data-id=\"79bcff93\" data-element_type=\"section\">\n\t\t\t\t\t\t<div class=\"elementor-container elementor-column-gap-default\">\n\t\t\t\t\t<div class=\"elementor-column elementor-col-50 elementor-inner-column elementor-element elementor-element-58107fb1\" data-id=\"58107fb1\" data-element_type=\"column\">\n\t\t\t<div class=\"elementor-widget-wrap elementor-element-populated\">\n\t\t\t\t\t\t\t\t<div class=\"elementor-element elementor-element-7d13b9ee elementor-widget elementor-widget-heading\" data-id=\"7d13b9ee\" data-element_type=\"widget\" data-widget_type=\"heading.default\">\n\t\t\t\t<div class=\"elementor-widget-container\">\n\t\t\t<style>\/*! elementor - v3.5.6 - 28-02-2022 *\/\n.elementor-heading-title{padding:0;margin:0;line-height:1}.elementor-widget-heading .elementor-heading-title[class*=elementor-size-]>a{color:inherit;font-size:inherit;line-height:inherit}.elementor-widget-heading .elementor-heading-title.elementor-size-small{font-size:15px}.elementor-widget-heading .elementor-heading-title.elementor-size-medium{font-size:19px}.elementor-widget-heading .elementor-heading-title.elementor-size-large{font-size:29px}.elementor-widget-heading .elementor-heading-title.elementor-size-xl{font-size:39px}.elementor-widget-heading .elementor-heading-title.elementor-size-xxl{font-size:59px}<\/style><h1 class=\"elementor-heading-title elementor-size-default\">Laborat\u00f3rio 1<\/h1>\t\t<\/div>\n\t\t\t\t<\/div>\n\t\t\t\t\t<\/div>\n\t\t<\/div>\n\t\t\t\t<div class=\"elementor-column elementor-col-50 elementor-inner-column elementor-element elementor-element-132aa90c\" data-id=\"132aa90c\" data-element_type=\"column\">\n\t\t\t<div class=\"elementor-widget-wrap\">\n\t\t\t\t\t\t\t\t\t<\/div>\n\t\t<\/div>\n\t\t\t\t\t\t\t<\/div>\n\t\t<\/section>\n\t\t\t\t\t<\/div>\n\t\t<\/div>\n\t\t\t\t\t\t\t<\/div>\n\t\t<\/section>\n\t\t\t\t<section class=\"elementor-section elementor-top-section elementor-element elementor-element-f79336b elementor-section-boxed elementor-section-height-default elementor-section-height-default\" data-id=\"f79336b\" data-element_type=\"section\">\n\t\t\t\t\t\t<div class=\"elementor-container elementor-column-gap-default\">\n\t\t\t\t\t<div class=\"elementor-column elementor-col-33 elementor-top-column elementor-element elementor-element-1bfd763\" data-id=\"1bfd763\" data-element_type=\"column\">\n\t\t\t<div class=\"elementor-widget-wrap\">\n\t\t\t\t\t\t\t\t\t<\/div>\n\t\t<\/div>\n\t\t\t\t<div class=\"elementor-column elementor-col-33 elementor-top-column elementor-element elementor-element-841763b\" data-id=\"841763b\" data-element_type=\"column\">\n\t\t\t<div class=\"elementor-widget-wrap elementor-element-populated\">\n\t\t\t\t\t\t\t\t<div class=\"elementor-element elementor-element-dabc3f1 elementor-widget elementor-widget-heading\" data-id=\"dabc3f1\" data-element_type=\"widget\" data-widget_type=\"heading.default\">\n\t\t\t\t<div class=\"elementor-widget-container\">\n\t\t\t<h2 class=\"elementor-heading-title elementor-size-default\">Estrutura do Laborat\u00f3rio<\/h2>\t\t<\/div>\n\t\t\t\t<\/div>\n\t\t\t\t\t<\/div>\n\t\t<\/div>\n\t\t\t\t<div class=\"elementor-column elementor-col-33 elementor-top-column elementor-element elementor-element-a622944\" data-id=\"a622944\" data-element_type=\"column\">\n\t\t\t<div class=\"elementor-widget-wrap\">\n\t\t\t\t\t\t\t\t\t<\/div>\n\t\t<\/div>\n\t\t\t\t\t\t\t<\/div>\n\t\t<\/section>\n\t\t\t\t<section class=\"elementor-section elementor-top-section elementor-element elementor-element-71fae59 elementor-section-boxed elementor-section-height-default elementor-section-height-default\" data-id=\"71fae59\" data-element_type=\"section\">\n\t\t\t\t\t\t<div class=\"elementor-container elementor-column-gap-default\">\n\t\t\t\t\t<div class=\"elementor-column elementor-col-100 elementor-top-column elementor-element elementor-element-82fe8ed\" data-id=\"82fe8ed\" data-element_type=\"column\">\n\t\t\t<div class=\"elementor-widget-wrap elementor-element-populated\">\n\t\t\t\t\t\t\t\t<section class=\"elementor-section elementor-inner-section elementor-element elementor-element-c96c7cf elementor-section-boxed elementor-section-height-default elementor-section-height-default\" data-id=\"c96c7cf\" data-element_type=\"section\">\n\t\t\t\t\t\t<div class=\"elementor-container elementor-column-gap-default\">\n\t\t\t\t\t<div class=\"elementor-column elementor-col-50 elementor-inner-column elementor-element elementor-element-2d92ff5\" data-id=\"2d92ff5\" data-element_type=\"column\">\n\t\t\t<div class=\"elementor-widget-wrap elementor-element-populated\">\n\t\t\t\t\t\t\t\t<div class=\"elementor-element elementor-element-9b0ca03 elementor-widget elementor-widget-image\" data-id=\"9b0ca03\" data-element_type=\"widget\" data-widget_type=\"image.default\">\n\t\t\t\t<div class=\"elementor-widget-container\">\n\t\t\t<style>\/*! elementor - v3.5.6 - 28-02-2022 *\/\n.elementor-widget-image{text-align:center}.elementor-widget-image a{display:inline-block}.elementor-widget-image a img[src$=\".svg\"]{width:48px}.elementor-widget-image img{vertical-align:middle;display:inline-block}<\/style>\t\t\t\t\t\t\t\t\t\t\t\t<img width=\"232\" height=\"300\" src=\"https:\/\/sites.icb.ufmg.br\/celam\/biosseguranca\/wp-content\/uploads\/sites\/5\/2022\/01\/biosseguranca-lab01-foto01-232x300.jpg\" class=\"attachment-medium size-medium\" alt=\"\" loading=\"lazy\" srcset=\"https:\/\/sites.icb.ufmg.br\/celam\/biosseguranca\/wp-content\/uploads\/sites\/5\/2022\/01\/biosseguranca-lab01-foto01-232x300.jpg 232w, https:\/\/sites.icb.ufmg.br\/celam\/biosseguranca\/wp-content\/uploads\/sites\/5\/2022\/01\/biosseguranca-lab01-foto01.jpg 506w\" sizes=\"(max-width: 232px) 100vw, 232px\" \/>\t\t\t\t\t\t\t\t\t\t\t\t\t\t\t<\/div>\n\t\t\t\t<\/div>\n\t\t\t\t<div class=\"elementor-element elementor-element-85bd518 elementor-widget elementor-widget-image\" data-id=\"85bd518\" data-element_type=\"widget\" data-widget_type=\"image.default\">\n\t\t\t\t<div class=\"elementor-widget-container\">\n\t\t\t\t\t\t\t\t\t\t\t\t\t\t\t<img width=\"232\" height=\"300\" src=\"https:\/\/sites.icb.ufmg.br\/celam\/biosseguranca\/wp-content\/uploads\/sites\/5\/2022\/01\/biosseguranca-lab01-foto02-232x300.jpg\" class=\"attachment-medium size-medium\" alt=\"\" loading=\"lazy\" srcset=\"https:\/\/sites.icb.ufmg.br\/celam\/biosseguranca\/wp-content\/uploads\/sites\/5\/2022\/01\/biosseguranca-lab01-foto02-232x300.jpg 232w, https:\/\/sites.icb.ufmg.br\/celam\/biosseguranca\/wp-content\/uploads\/sites\/5\/2022\/01\/biosseguranca-lab01-foto02.jpg 506w\" sizes=\"(max-width: 232px) 100vw, 232px\" \/>\t\t\t\t\t\t\t\t\t\t\t\t\t\t\t<\/div>\n\t\t\t\t<\/div>\n\t\t\t\t\t<\/div>\n\t\t<\/div>\n\t\t\t\t<div class=\"elementor-column elementor-col-50 elementor-inner-column elementor-element elementor-element-fa58d9b\" data-id=\"fa58d9b\" data-element_type=\"column\">\n\t\t\t<div class=\"elementor-widget-wrap elementor-element-populated\">\n\t\t\t\t\t\t\t\t<div class=\"elementor-element elementor-element-80bd88f elementor-widget elementor-widget-text-editor\" data-id=\"80bd88f\" data-element_type=\"widget\" data-widget_type=\"text-editor.default\">\n\t\t\t\t<div class=\"elementor-widget-container\">\n\t\t\t<style>\/*! elementor - v3.5.6 - 28-02-2022 *\/\n.elementor-widget-text-editor.elementor-drop-cap-view-stacked .elementor-drop-cap{background-color:#818a91;color:#fff}.elementor-widget-text-editor.elementor-drop-cap-view-framed .elementor-drop-cap{color:#818a91;border:3px solid;background-color:transparent}.elementor-widget-text-editor:not(.elementor-drop-cap-view-default) .elementor-drop-cap{margin-top:8px}.elementor-widget-text-editor:not(.elementor-drop-cap-view-default) .elementor-drop-cap-letter{width:1em;height:1em}.elementor-widget-text-editor .elementor-drop-cap{float:left;text-align:center;line-height:1;font-size:50px}.elementor-widget-text-editor .elementor-drop-cap-letter{display:inline-block}<\/style>\t\t\t\t<p><span style=\"color: var( --e-global-color-text ); font-family: var( --e-global-typography-text-font-family ), Sans-serif; font-size: var( --e-global-typography-text-font-size ); letter-spacing: var( --e-global-typography-primary-letter-spacing );\">O Laborat\u00f3rio 1 tem \u00e1rea total de 10 m\u00b2 e \u00e9 destinado ao manuseio de amostras biol\u00f3gicas ou culturas celulares infectadas com o v\u00edrus SARS-CoV-2. Nesta sala s\u00e3o realizadas culturas de linhagens celulares utilizadas para a propaga\u00e7\u00e3o de SARS-CoV-2, processamento de amostras biol\u00f3gicas humanas ou provindas de animais infectados com SARS-CoV-2, experimentos de infec\u00e7\u00e3o in vitro com SARS-CoV-2, dentre outras metodologias envolvendo o v\u00edrus.<\/span><\/p><p><b><br \/>Capacidade:<\/b> 2 usu\u00e1rios trabalhando simultaneamente<\/p><p><strong>Equipamentos de uso comum dispon\u00edveis nesta sala:<\/strong><\/p><ul><li>dois fluxos laminares<br \/>estufa de CO2 para cultura celular;<\/li><li>microsc\u00f3pio de luz invertido com tela e c\u00e2mera acoplados;<\/li><li>banho seco;<\/li><li>v\u00f3rtex.<\/li><\/ul>\t\t\t\t\t\t<\/div>\n\t\t\t\t<\/div>\n\t\t\t\t\t<\/div>\n\t\t<\/div>\n\t\t\t\t\t\t\t<\/div>\n\t\t<\/section>\n\t\t\t\t\t<\/div>\n\t\t<\/div>\n\t\t\t\t\t\t\t<\/div>\n\t\t<\/section>\n\t\t\t\t<section class=\"elementor-section elementor-top-section elementor-element elementor-element-39c24a3b equipamentos elementor-section-boxed elementor-section-height-default elementor-section-height-default\" data-id=\"39c24a3b\" data-element_type=\"section\" data-settings=\"{&quot;background_background&quot;:&quot;classic&quot;}\">\n\t\t\t\t\t\t\t<div class=\"elementor-background-overlay\"><\/div>\n\t\t\t\t\t\t\t<div class=\"elementor-container elementor-column-gap-default\">\n\t\t\t\t\t<div class=\"elementor-column elementor-col-100 elementor-top-column elementor-element elementor-element-21e5afc2\" data-id=\"21e5afc2\" data-element_type=\"column\">\n\t\t\t<div class=\"elementor-widget-wrap elementor-element-populated\">\n\t\t\t\t\t\t\t\t<div class=\"elementor-element elementor-element-399579c3 elementor-widget elementor-widget-heading\" data-id=\"399579c3\" data-element_type=\"widget\" data-widget_type=\"heading.default\">\n\t\t\t\t<div class=\"elementor-widget-container\">\n\t\t\t<h2 class=\"elementor-heading-title elementor-size-default\">Laborat\u00f3rios<\/h2>\t\t<\/div>\n\t\t\t\t<\/div>\n\t\t\t\t<section class=\"elementor-section elementor-inner-section elementor-element elementor-element-bca5c3c elementor-section-boxed elementor-section-height-default elementor-section-height-default\" data-id=\"bca5c3c\" data-element_type=\"section\">\n\t\t\t\t\t\t<div class=\"elementor-container elementor-column-gap-custom\">\n\t\t\t\t\t<div class=\"elementor-column elementor-col-50 elementor-inner-column elementor-element elementor-element-24d06615\" data-id=\"24d06615\" data-element_type=\"column\">\n\t\t\t<div class=\"elementor-widget-wrap elementor-element-populated\">\n\t\t\t\t\t\t\t\t<div class=\"elementor-element elementor-element-6720bc51 elementor-widget elementor-widget-text-editor\" data-id=\"6720bc51\" data-element_type=\"widget\" data-widget_type=\"text-editor.default\">\n\t\t\t\t<div class=\"elementor-widget-container\">\n\t\t\t\t\t\t\t<h3>Laborat\u00f3rio 2<\/h3><p>Destinado ao manuseio de amostras biol\u00f3gicas ou culturas celulares infectadas com <em>Mycobacterium tuberculosis<\/em>.\u00a0<\/p>\t\t\t\t\t\t<\/div>\n\t\t\t\t<\/div>\n\t\t\t\t<div class=\"elementor-element elementor-element-591fbc7d elementor-align-left no-padding elementor-widget elementor-widget-button\" data-id=\"591fbc7d\" data-element_type=\"widget\" data-widget_type=\"button.default\">\n\t\t\t\t<div class=\"elementor-widget-container\">\n\t\t\t\t\t<div class=\"elementor-button-wrapper\">\n\t\t\t<a href=\"http:\/\/sites.icb.ufmg.br\/celam\/biosseguranca\/laboratorios\/laboratorio-2\/\" class=\"elementor-button-link elementor-button elementor-size-sm\" role=\"button\">\n\t\t\t\t\t\t<span class=\"elementor-button-content-wrapper\">\n\t\t\t\t\t\t<span class=\"elementor-button-icon elementor-align-icon-right\">\n\t\t\t\t<svg xmlns=\"http:\/\/www.w3.org\/2000\/svg\" width=\"13.81\" height=\"13.81\" viewBox=\"0 0 13.81 13.81\"><g transform=\"translate(0 0)\"><path d=\"M130.9,6479l-.991.962,5.253,5.252H124v1.381h11.167l-5.238,5.238.976.977,6.9-6.9L130.9,6479\" transform=\"translate(-124 -6479)\" fill=\"#eaeaea\" fill-rule=\"evenodd\"><\/path><\/g><\/svg>\t\t\t<\/span>\n\t\t\t\t\t\t<span class=\"elementor-button-text\">Saiba mais<\/span>\n\t\t<\/span>\n\t\t\t\t\t<\/a>\n\t\t<\/div>\n\t\t\t\t<\/div>\n\t\t\t\t<\/div>\n\t\t\t\t\t<\/div>\n\t\t<\/div>\n\t\t\t\t<div class=\"elementor-column elementor-col-50 elementor-inner-column elementor-element elementor-element-24e9c845\" data-id=\"24e9c845\" data-element_type=\"column\">\n\t\t\t<div class=\"elementor-widget-wrap elementor-element-populated\">\n\t\t\t\t\t\t\t\t<div class=\"elementor-element elementor-element-169335c0 elementor-widget elementor-widget-text-editor\" data-id=\"169335c0\" data-element_type=\"widget\" data-widget_type=\"text-editor.default\">\n\t\t\t\t<div class=\"elementor-widget-container\">\n\t\t\t\t\t\t\t<h3>Biot\u00e9rio<\/h3>\nO Biot\u00e9rio-NB3-ICB tem \u00e1rea total de 11 m\u00b2 e \u00e9 destinado \u00e0 manuten\u00e7\u00e3o de animais em experimenta\u00e7\u00e3o. \t\t\t\t\t\t<\/div>\n\t\t\t\t<\/div>\n\t\t\t\t<div class=\"elementor-element elementor-element-68657d23 elementor-align-left no-padding elementor-widget elementor-widget-button\" data-id=\"68657d23\" data-element_type=\"widget\" data-widget_type=\"button.default\">\n\t\t\t\t<div class=\"elementor-widget-container\">\n\t\t\t\t\t<div class=\"elementor-button-wrapper\">\n\t\t\t<a href=\"http:\/\/sites.icb.ufmg.br\/celam\/biosseguranca\/laboratorios\/bioterio\/\" class=\"elementor-button-link elementor-button elementor-size-sm\" role=\"button\">\n\t\t\t\t\t\t<span class=\"elementor-button-content-wrapper\">\n\t\t\t\t\t\t<span class=\"elementor-button-icon elementor-align-icon-right\">\n\t\t\t\t<svg xmlns=\"http:\/\/www.w3.org\/2000\/svg\" width=\"13.81\" height=\"13.81\" viewBox=\"0 0 13.81 13.81\"><g transform=\"translate(0 0)\"><path d=\"M130.9,6479l-.991.962,5.253,5.252H124v1.381h11.167l-5.238,5.238.976.977,6.9-6.9L130.9,6479\" transform=\"translate(-124 -6479)\" fill=\"#eaeaea\" fill-rule=\"evenodd\"><\/path><\/g><\/svg>\t\t\t<\/span>\n\t\t\t\t\t\t<span class=\"elementor-button-text\">Saiba mais<\/span>\n\t\t<\/span>\n\t\t\t\t\t<\/a>\n\t\t<\/div>\n\t\t\t\t<\/div>\n\t\t\t\t<\/div>\n\t\t\t\t\t<\/div>\n\t\t<\/div>\n\t\t\t\t\t\t\t<\/div>\n\t\t<\/section>\n\t\t\t\t<section class=\"elementor-section elementor-inner-section elementor-element elementor-element-15b5621e elementor-section-boxed elementor-section-height-default elementor-section-height-default\" data-id=\"15b5621e\" data-element_type=\"section\">\n\t\t\t\t\t\t<div class=\"elementor-container elementor-column-gap-custom\">\n\t\t\t\t\t<div class=\"elementor-column elementor-col-50 elementor-inner-column elementor-element elementor-element-50ba8aa0\" data-id=\"50ba8aa0\" data-element_type=\"column\">\n\t\t\t<div class=\"elementor-widget-wrap elementor-element-populated\">\n\t\t\t\t\t\t\t\t<div class=\"elementor-element elementor-element-324e3258 elementor-widget elementor-widget-text-editor\" data-id=\"324e3258\" data-element_type=\"widget\" data-widget_type=\"text-editor.default\">\n\t\t\t\t<div class=\"elementor-widget-container\">\n\t\t\t\t\t\t\t<h3>Sala de lavagem e esteriliza\u00e7\u00e3o<\/h3>\nSala equipada com uma autoclave de barreira de dupla-porta e passthrough para a entrada\/sa\u00edda de materiais e equipamentos pequenos.\t\t\t\t\t\t<\/div>\n\t\t\t\t<\/div>\n\t\t\t\t<div class=\"elementor-element elementor-element-3484ce71 elementor-align-left no-padding elementor-widget elementor-widget-button\" data-id=\"3484ce71\" data-element_type=\"widget\" data-widget_type=\"button.default\">\n\t\t\t\t<div class=\"elementor-widget-container\">\n\t\t\t\t\t<div class=\"elementor-button-wrapper\">\n\t\t\t<a href=\"http:\/\/sites.icb.ufmg.br\/celam\/biosseguranca\/laboratorios\/sala-de-lavagem-e-esterilizacao\/\" class=\"elementor-button-link elementor-button elementor-size-sm\" role=\"button\">\n\t\t\t\t\t\t<span class=\"elementor-button-content-wrapper\">\n\t\t\t\t\t\t<span class=\"elementor-button-icon elementor-align-icon-right\">\n\t\t\t\t<svg xmlns=\"http:\/\/www.w3.org\/2000\/svg\" width=\"13.81\" height=\"13.81\" viewBox=\"0 0 13.81 13.81\"><g transform=\"translate(0 0)\"><path d=\"M130.9,6479l-.991.962,5.253,5.252H124v1.381h11.167l-5.238,5.238.976.977,6.9-6.9L130.9,6479\" transform=\"translate(-124 -6479)\" fill=\"#eaeaea\" fill-rule=\"evenodd\"><\/path><\/g><\/svg>\t\t\t<\/span>\n\t\t\t\t\t\t<span class=\"elementor-button-text\">Saiba mais<\/span>\n\t\t<\/span>\n\t\t\t\t\t<\/a>\n\t\t<\/div>\n\t\t\t\t<\/div>\n\t\t\t\t<\/div>\n\t\t\t\t\t<\/div>\n\t\t<\/div>\n\t\t\t\t<div class=\"elementor-column elementor-col-50 elementor-inner-column elementor-element elementor-element-d05342f\" data-id=\"d05342f\" data-element_type=\"column\">\n\t\t\t<div class=\"elementor-widget-wrap elementor-element-populated\">\n\t\t\t\t\t\t\t\t<div class=\"elementor-element elementor-element-13381c6 elementor-widget elementor-widget-text-editor\" data-id=\"13381c6\" data-element_type=\"widget\" data-widget_type=\"text-editor.default\">\n\t\t\t\t<div class=\"elementor-widget-container\">\n\t\t\t\t\t\t\t<h3>Sistema automatizado de controle de press\u00e3o<\/h3>\nSistemas de automa\u00e7\u00e3o respons\u00e1veis por manter as press\u00f5es ambientais internas do laborat\u00f3rio negativas, evitando assim o escape de qualquer agente biol\u00f3gico. \t\t\t\t\t\t<\/div>\n\t\t\t\t<\/div>\n\t\t\t\t<div class=\"elementor-element elementor-element-63a44ba1 elementor-align-left no-padding elementor-widget elementor-widget-button\" data-id=\"63a44ba1\" data-element_type=\"widget\" data-widget_type=\"button.default\">\n\t\t\t\t<div class=\"elementor-widget-container\">\n\t\t\t\t\t<div class=\"elementor-button-wrapper\">\n\t\t\t<a href=\"http:\/\/sites.icb.ufmg.br\/celam\/biosseguranca\/laboratorios\/sistema-automatizado-de-controle-de-pressao\/\" class=\"elementor-button-link elementor-button elementor-size-sm\" role=\"button\">\n\t\t\t\t\t\t<span class=\"elementor-button-content-wrapper\">\n\t\t\t\t\t\t<span class=\"elementor-button-icon elementor-align-icon-right\">\n\t\t\t\t<svg xmlns=\"http:\/\/www.w3.org\/2000\/svg\" width=\"13.81\" height=\"13.81\" viewBox=\"0 0 13.81 13.81\"><g transform=\"translate(0 0)\"><path d=\"M130.9,6479l-.991.962,5.253,5.252H124v1.381h11.167l-5.238,5.238.976.977,6.9-6.9L130.9,6479\" transform=\"translate(-124 -6479)\" fill=\"#eaeaea\" fill-rule=\"evenodd\"><\/path><\/g><\/svg>\t\t\t<\/span>\n\t\t\t\t\t\t<span class=\"elementor-button-text\">Saiba mais<\/span>\n\t\t<\/span>\n\t\t\t\t\t<\/a>\n\t\t<\/div>\n\t\t\t\t<\/div>\n\t\t\t\t<\/div>\n\t\t\t\t\t<\/div>\n\t\t<\/div>\n\t\t\t\t\t\t\t<\/div>\n\t\t<\/section>\n\t\t\t\t\t<\/div>\n\t\t<\/div>\n\t\t\t\t\t\t\t<\/div>\n\t\t<\/section>\n\t\t\t\t\t\t<\/div>\n\t\t\t\t\t<\/div>\n\t\t","protected":false},"excerpt":{"rendered":"<p>Laborat\u00f3rio 1 Estrutura do Laborat\u00f3rio O Laborat\u00f3rio 1 tem \u00e1rea total de 10 m\u00b2 e \u00e9 destinado ao manuseio de amostras biol\u00f3gicas ou culturas celulares infectadas com o v\u00edrus SARS-CoV-2. Nesta sala s\u00e3o realizadas culturas de linhagens celulares utilizadas para a propaga\u00e7\u00e3o de SARS-CoV-2, processamento de amostras biol\u00f3gicas humanas ou provindas de animais infectados com [&hellip;]<\/p>\n","protected":false},"author":1,"featured_media":0,"parent":538,"menu_order":0,"comment_status":"closed","ping_status":"closed","template":"","meta":{"inline_featured_image":false},"_links":{"self":[{"href":"https:\/\/sites.icb.ufmg.br\/celam\/biosseguranca\/wp-json\/wp\/v2\/pages\/640"}],"collection":[{"href":"https:\/\/sites.icb.ufmg.br\/celam\/biosseguranca\/wp-json\/wp\/v2\/pages"}],"about":[{"href":"https:\/\/sites.icb.ufmg.br\/celam\/biosseguranca\/wp-json\/wp\/v2\/types\/page"}],"author":[{"embeddable":true,"href":"https:\/\/sites.icb.ufmg.br\/celam\/biosseguranca\/wp-json\/wp\/v2\/users\/1"}],"replies":[{"embeddable":true,"href":"https:\/\/sites.icb.ufmg.br\/celam\/biosseguranca\/wp-json\/wp\/v2\/comments?post=640"}],"version-history":[{"count":45,"href":"https:\/\/sites.icb.ufmg.br\/celam\/biosseguranca\/wp-json\/wp\/v2\/pages\/640\/revisions"}],"predecessor-version":[{"id":1129,"href":"https:\/\/sites.icb.ufmg.br\/celam\/biosseguranca\/wp-json\/wp\/v2\/pages\/640\/revisions\/1129"}],"up":[{"embeddable":true,"href":"https:\/\/sites.icb.ufmg.br\/celam\/biosseguranca\/wp-json\/wp\/v2\/pages\/538"}],"wp:attachment":[{"href":"https:\/\/sites.icb.ufmg.br\/celam\/biosseguranca\/wp-json\/wp\/v2\/media?parent=640"}],"curies":[{"name":"wp","href":"https:\/\/api.w.org\/{rel}","templated":true}]}}