{"id":842,"date":"2022-01-07T14:51:05","date_gmt":"2022-01-07T17:51:05","guid":{"rendered":"http:\/\/sites.icb.ufmg.br\/celam\/biosseguranca\/?page_id=842"},"modified":"2024-10-14T11:06:43","modified_gmt":"2024-10-14T14:06:43","slug":"estrutura","status":"publish","type":"page","link":"https:\/\/sites.icb.ufmg.br\/celam\/biosseguranca\/laboratorios\/estrutura\/","title":{"rendered":"Estrutura"},"content":{"rendered":"\t\t<div data-elementor-type=\"wp-page\" data-elementor-id=\"842\" class=\"elementor elementor-842\" data-elementor-settings=\"[]\">\n\t\t\t\t\t\t\t<div class=\"elementor-section-wrap\">\n\t\t\t\t\t\t\t<section class=\"elementor-section elementor-top-section elementor-element elementor-element-138a03f8 elementor-section-height-min-height elementor-section-stretched elementor-section-boxed elementor-section-height-default elementor-section-items-middle\" data-id=\"138a03f8\" data-element_type=\"section\" id=\"hero\" data-settings=\"{&quot;stretch_section&quot;:&quot;section-stretched&quot;,&quot;background_background&quot;:&quot;classic&quot;}\">\n\t\t\t\t\t\t\t<div class=\"elementor-background-overlay\"><\/div>\n\t\t\t\t\t\t\t<div class=\"elementor-container elementor-column-gap-default\">\n\t\t\t\t\t<div class=\"elementor-column elementor-col-100 elementor-top-column elementor-element elementor-element-218192a0 elementor-invisible\" data-id=\"218192a0\" data-element_type=\"column\" data-settings=\"{&quot;animation&quot;:&quot;fadeIn&quot;}\">\n\t\t\t<div class=\"elementor-widget-wrap elementor-element-populated\">\n\t\t\t\t\t\t\t\t<section class=\"elementor-section elementor-inner-section elementor-element elementor-element-79bcff93 elementor-section-boxed elementor-section-height-default elementor-section-height-default\" data-id=\"79bcff93\" data-element_type=\"section\">\n\t\t\t\t\t\t<div class=\"elementor-container elementor-column-gap-default\">\n\t\t\t\t\t<div class=\"elementor-column elementor-col-50 elementor-inner-column elementor-element elementor-element-58107fb1\" data-id=\"58107fb1\" data-element_type=\"column\">\n\t\t\t<div class=\"elementor-widget-wrap elementor-element-populated\">\n\t\t\t\t\t\t\t\t<div class=\"elementor-element elementor-element-7d13b9ee elementor-widget elementor-widget-heading\" data-id=\"7d13b9ee\" data-element_type=\"widget\" data-widget_type=\"heading.default\">\n\t\t\t\t<div class=\"elementor-widget-container\">\n\t\t\t<style>\/*! elementor - v3.5.6 - 28-02-2022 *\/\n.elementor-heading-title{padding:0;margin:0;line-height:1}.elementor-widget-heading .elementor-heading-title[class*=elementor-size-]>a{color:inherit;font-size:inherit;line-height:inherit}.elementor-widget-heading .elementor-heading-title.elementor-size-small{font-size:15px}.elementor-widget-heading .elementor-heading-title.elementor-size-medium{font-size:19px}.elementor-widget-heading .elementor-heading-title.elementor-size-large{font-size:29px}.elementor-widget-heading .elementor-heading-title.elementor-size-xl{font-size:39px}.elementor-widget-heading .elementor-heading-title.elementor-size-xxl{font-size:59px}<\/style><h1 class=\"elementor-heading-title elementor-size-default\">Estrutura do laborat\u00f3rio<\/h1>\t\t<\/div>\n\t\t\t\t<\/div>\n\t\t\t\t\t<\/div>\n\t\t<\/div>\n\t\t\t\t<div class=\"elementor-column elementor-col-50 elementor-inner-column elementor-element elementor-element-132aa90c\" data-id=\"132aa90c\" data-element_type=\"column\">\n\t\t\t<div class=\"elementor-widget-wrap\">\n\t\t\t\t\t\t\t\t\t<\/div>\n\t\t<\/div>\n\t\t\t\t\t\t\t<\/div>\n\t\t<\/section>\n\t\t\t\t\t<\/div>\n\t\t<\/div>\n\t\t\t\t\t\t\t<\/div>\n\t\t<\/section>\n\t\t\t\t<section class=\"elementor-section elementor-top-section elementor-element elementor-element-f79336b elementor-section-boxed elementor-section-height-default elementor-section-height-default\" data-id=\"f79336b\" data-element_type=\"section\">\n\t\t\t\t\t\t<div class=\"elementor-container elementor-column-gap-default\">\n\t\t\t\t\t<div class=\"elementor-column elementor-col-33 elementor-top-column elementor-element elementor-element-1bfd763\" data-id=\"1bfd763\" data-element_type=\"column\">\n\t\t\t<div class=\"elementor-widget-wrap\">\n\t\t\t\t\t\t\t\t\t<\/div>\n\t\t<\/div>\n\t\t\t\t<div class=\"elementor-column elementor-col-33 elementor-top-column elementor-element elementor-element-841763b\" data-id=\"841763b\" data-element_type=\"column\">\n\t\t\t<div class=\"elementor-widget-wrap elementor-element-populated\">\n\t\t\t\t\t\t\t\t<div class=\"elementor-element elementor-element-dabc3f1 elementor-widget elementor-widget-heading\" data-id=\"dabc3f1\" data-element_type=\"widget\" data-widget_type=\"heading.default\">\n\t\t\t\t<div class=\"elementor-widget-container\">\n\t\t\t<h2 class=\"elementor-heading-title elementor-size-default\">Estrutura do Laborat\u00f3rio<\/h2>\t\t<\/div>\n\t\t\t\t<\/div>\n\t\t\t\t\t<\/div>\n\t\t<\/div>\n\t\t\t\t<div class=\"elementor-column elementor-col-33 elementor-top-column elementor-element elementor-element-a622944\" data-id=\"a622944\" data-element_type=\"column\">\n\t\t\t<div class=\"elementor-widget-wrap\">\n\t\t\t\t\t\t\t\t\t<\/div>\n\t\t<\/div>\n\t\t\t\t\t\t\t<\/div>\n\t\t<\/section>\n\t\t\t\t<section class=\"elementor-section elementor-top-section elementor-element elementor-element-71fae59 elementor-section-boxed elementor-section-height-default elementor-section-height-default\" data-id=\"71fae59\" data-element_type=\"section\">\n\t\t\t\t\t\t<div class=\"elementor-container elementor-column-gap-default\">\n\t\t\t\t\t<div class=\"elementor-column elementor-col-100 elementor-top-column elementor-element elementor-element-82fe8ed\" data-id=\"82fe8ed\" data-element_type=\"column\">\n\t\t\t<div class=\"elementor-widget-wrap elementor-element-populated\">\n\t\t\t\t\t\t\t\t<section class=\"elementor-section elementor-inner-section elementor-element elementor-element-c96c7cf elementor-section-boxed elementor-section-height-default elementor-section-height-default\" data-id=\"c96c7cf\" data-element_type=\"section\">\n\t\t\t\t\t\t<div class=\"elementor-container elementor-column-gap-default\">\n\t\t\t\t\t<div class=\"elementor-column elementor-col-33 elementor-inner-column elementor-element elementor-element-2d92ff5\" data-id=\"2d92ff5\" data-element_type=\"column\">\n\t\t\t<div class=\"elementor-widget-wrap\">\n\t\t\t\t\t\t\t\t\t<\/div>\n\t\t<\/div>\n\t\t\t\t<div class=\"elementor-column elementor-col-33 elementor-inner-column elementor-element elementor-element-fa58d9b\" data-id=\"fa58d9b\" data-element_type=\"column\">\n\t\t\t<div class=\"elementor-widget-wrap elementor-element-populated\">\n\t\t\t\t\t\t\t\t<div class=\"elementor-element elementor-element-80bd88f elementor-widget elementor-widget-text-editor\" data-id=\"80bd88f\" data-element_type=\"widget\" data-widget_type=\"text-editor.default\">\n\t\t\t\t<div class=\"elementor-widget-container\">\n\t\t\t<style>\/*! elementor - v3.5.6 - 28-02-2022 *\/\n.elementor-widget-text-editor.elementor-drop-cap-view-stacked .elementor-drop-cap{background-color:#818a91;color:#fff}.elementor-widget-text-editor.elementor-drop-cap-view-framed .elementor-drop-cap{color:#818a91;border:3px solid;background-color:transparent}.elementor-widget-text-editor:not(.elementor-drop-cap-view-default) .elementor-drop-cap{margin-top:8px}.elementor-widget-text-editor:not(.elementor-drop-cap-view-default) .elementor-drop-cap-letter{width:1em;height:1em}.elementor-widget-text-editor .elementor-drop-cap{float:left;text-align:center;line-height:1;font-size:50px}.elementor-widget-text-editor .elementor-drop-cap-letter{display:inline-block}<\/style>\t\t\t\t<p>O Laborat\u00f3rio de Biosseguran\u00e7a N\u00edvel 3 do ICB (Laborat\u00f3rio-NB3-ICB) possui 85 m<sup>2<\/sup> de \u00e1rea total, contando com uma Sala principal e duas salas destinadas \u00e0 manipula\u00e7\u00e3o de agentes patog\u00eanicos ou OGM (Laborat\u00f3rio 1 e Laborat\u00f3rio 2), uma sala de esteriliza\u00e7\u00e3o\/descontamina\u00e7\u00e3o de res\u00edduos biol\u00f3gicos e um biot\u00e9rio destinado \u00e0 manuten\u00e7\u00e3o de animais de experimenta\u00e7\u00e3o. O laborat\u00f3rio apresenta sistema de ar condicionado individual interligado a um sistema de automa\u00e7\u00e3o que mant\u00e9m as press\u00f5es ambientais internas negativas, evitando o escape de agentes infecciosos ou OGM. O acesso \u00e0s depend\u00eancias internas do Laborab\u00f3rio-NB3-ICB \u00e9 restrito e se d\u00e1 atrav\u00e9s de duas portas com sistema de intertravamento e senhas pessoais, al\u00e9m de entrada e sa\u00edda por via \u00fanica utilizando salas e antessalas para evitar o escape de agentes infecciosos ou OGM. O laborat\u00f3rio conta tamb\u00e9m com uma autoclave de barreira e passtrhough, utilizados para a descontamina\u00e7\u00e3o de materiais ou a entrada\/sa\u00edda de materiais de dentro do local. Os locais onde ser\u00e3o manipulados agentes infecciosos ou OGM est\u00e3o equipados com cabines de seguran\u00e7a biol\u00f3gica classe II A1.<\/p>\t\t\t\t\t\t<\/div>\n\t\t\t\t<\/div>\n\t\t\t\t\t<\/div>\n\t\t<\/div>\n\t\t\t\t<div class=\"elementor-column elementor-col-33 elementor-inner-column elementor-element elementor-element-a914abe\" data-id=\"a914abe\" data-element_type=\"column\">\n\t\t\t<div class=\"elementor-widget-wrap\">\n\t\t\t\t\t\t\t\t\t<\/div>\n\t\t<\/div>\n\t\t\t\t\t\t\t<\/div>\n\t\t<\/section>\n\t\t\t\t\t<\/div>\n\t\t<\/div>\n\t\t\t\t\t\t\t<\/div>\n\t\t<\/section>\n\t\t\t\t<section class=\"elementor-section elementor-top-section elementor-element elementor-element-3a2fc8b6 equipamentos elementor-section-boxed elementor-section-height-default elementor-section-height-default\" data-id=\"3a2fc8b6\" data-element_type=\"section\" data-settings=\"{&quot;background_background&quot;:&quot;classic&quot;}\">\n\t\t\t\t\t\t\t<div class=\"elementor-background-overlay\"><\/div>\n\t\t\t\t\t\t\t<div class=\"elementor-container elementor-column-gap-default\">\n\t\t\t\t\t<div class=\"elementor-column elementor-col-100 elementor-top-column elementor-element elementor-element-6955813f\" data-id=\"6955813f\" data-element_type=\"column\">\n\t\t\t<div class=\"elementor-widget-wrap elementor-element-populated\">\n\t\t\t\t\t\t\t\t<div class=\"elementor-element elementor-element-75de5a42 elementor-widget elementor-widget-heading\" data-id=\"75de5a42\" data-element_type=\"widget\" data-widget_type=\"heading.default\">\n\t\t\t\t<div class=\"elementor-widget-container\">\n\t\t\t<h2 class=\"elementor-heading-title elementor-size-default\">Laborat\u00f3rios<\/h2>\t\t<\/div>\n\t\t\t\t<\/div>\n\t\t\t\t<section class=\"elementor-section elementor-inner-section elementor-element elementor-element-2aa1febd elementor-section-boxed elementor-section-height-default elementor-section-height-default\" data-id=\"2aa1febd\" data-element_type=\"section\">\n\t\t\t\t\t\t<div class=\"elementor-container elementor-column-gap-custom\">\n\t\t\t\t\t<div class=\"elementor-column elementor-col-33 elementor-inner-column elementor-element elementor-element-71c5fbb4\" data-id=\"71c5fbb4\" data-element_type=\"column\">\n\t\t\t<div class=\"elementor-widget-wrap elementor-element-populated\">\n\t\t\t\t\t\t\t\t<div class=\"elementor-element elementor-element-4752974 elementor-widget elementor-widget-text-editor\" data-id=\"4752974\" data-element_type=\"widget\" data-widget_type=\"text-editor.default\">\n\t\t\t\t<div class=\"elementor-widget-container\">\n\t\t\t\t\t\t\t<h3>Laborat\u00f3rio 1<\/h3>\n<p>Destinado ao manuseio de amostras biol\u00f3gicas ou culturas celulares infectadas com&nbsp;<em>Mycobacterium tuberculosis<\/em>.&nbsp;<br><\/p>\t\t\t\t\t\t<\/div>\n\t\t\t\t<\/div>\n\t\t\t\t<div class=\"elementor-element elementor-element-48ccd996 elementor-align-left no-padding elementor-widget elementor-widget-button\" data-id=\"48ccd996\" data-element_type=\"widget\" data-widget_type=\"button.default\">\n\t\t\t\t<div class=\"elementor-widget-container\">\n\t\t\t\t\t<div class=\"elementor-button-wrapper\">\n\t\t\t<a href=\"http:\/\/sites.icb.ufmg.br\/celam\/biosseguranca\/laboratorios\/laboratorio-1\/\" class=\"elementor-button-link elementor-button elementor-size-sm\" role=\"button\">\n\t\t\t\t\t\t<span class=\"elementor-button-content-wrapper\">\n\t\t\t\t\t\t<span class=\"elementor-button-icon elementor-align-icon-right\">\n\t\t\t\t<svg xmlns=\"http:\/\/www.w3.org\/2000\/svg\" width=\"13.81\" height=\"13.81\" viewBox=\"0 0 13.81 13.81\"><g transform=\"translate(0 0)\"><path d=\"M130.9,6479l-.991.962,5.253,5.252H124v1.381h11.167l-5.238,5.238.976.977,6.9-6.9L130.9,6479\" transform=\"translate(-124 -6479)\" fill=\"#eaeaea\" fill-rule=\"evenodd\"><\/path><\/g><\/svg>\t\t\t<\/span>\n\t\t\t\t\t\t<span class=\"elementor-button-text\">Saiba mais<\/span>\n\t\t<\/span>\n\t\t\t\t\t<\/a>\n\t\t<\/div>\n\t\t\t\t<\/div>\n\t\t\t\t<\/div>\n\t\t\t\t\t<\/div>\n\t\t<\/div>\n\t\t\t\t<div class=\"elementor-column elementor-col-33 elementor-inner-column elementor-element elementor-element-27e5ac50\" data-id=\"27e5ac50\" data-element_type=\"column\">\n\t\t\t<div class=\"elementor-widget-wrap elementor-element-populated\">\n\t\t\t\t\t\t\t\t<div class=\"elementor-element elementor-element-3152140d elementor-widget elementor-widget-text-editor\" data-id=\"3152140d\" data-element_type=\"widget\" data-widget_type=\"text-editor.default\">\n\t\t\t\t<div class=\"elementor-widget-container\">\n\t\t\t\t\t\t\t<h3>Laborat\u00f3rio 2<\/h3>\nDestinado ao manuseio de amostras biol\u00f3gicas e \u00e0 cultura de c\u00e9lulas n\u00e3o infectadas por nenhum agente infeccioso.\t\t\t\t\t\t<\/div>\n\t\t\t\t<\/div>\n\t\t\t\t<div class=\"elementor-element elementor-element-3dd665fa elementor-align-left no-padding elementor-widget elementor-widget-button\" data-id=\"3dd665fa\" data-element_type=\"widget\" data-widget_type=\"button.default\">\n\t\t\t\t<div class=\"elementor-widget-container\">\n\t\t\t\t\t<div class=\"elementor-button-wrapper\">\n\t\t\t<a href=\"http:\/\/sites.icb.ufmg.br\/celam\/biosseguranca\/laboratorios\/laboratorio-2\/\" class=\"elementor-button-link elementor-button elementor-size-sm\" role=\"button\">\n\t\t\t\t\t\t<span class=\"elementor-button-content-wrapper\">\n\t\t\t\t\t\t<span class=\"elementor-button-icon elementor-align-icon-right\">\n\t\t\t\t<svg xmlns=\"http:\/\/www.w3.org\/2000\/svg\" width=\"13.81\" height=\"13.81\" viewBox=\"0 0 13.81 13.81\"><g transform=\"translate(0 0)\"><path d=\"M130.9,6479l-.991.962,5.253,5.252H124v1.381h11.167l-5.238,5.238.976.977,6.9-6.9L130.9,6479\" transform=\"translate(-124 -6479)\" fill=\"#eaeaea\" fill-rule=\"evenodd\"><\/path><\/g><\/svg>\t\t\t<\/span>\n\t\t\t\t\t\t<span class=\"elementor-button-text\">Saiba mais<\/span>\n\t\t<\/span>\n\t\t\t\t\t<\/a>\n\t\t<\/div>\n\t\t\t\t<\/div>\n\t\t\t\t<\/div>\n\t\t\t\t\t<\/div>\n\t\t<\/div>\n\t\t\t\t<div class=\"elementor-column elementor-col-33 elementor-inner-column elementor-element elementor-element-155adc3\" data-id=\"155adc3\" data-element_type=\"column\">\n\t\t\t<div class=\"elementor-widget-wrap elementor-element-populated\">\n\t\t\t\t\t\t\t\t<div class=\"elementor-element elementor-element-155ee82 elementor-widget elementor-widget-text-editor\" data-id=\"155ee82\" data-element_type=\"widget\" data-widget_type=\"text-editor.default\">\n\t\t\t\t<div class=\"elementor-widget-container\">\n\t\t\t\t\t\t\t<h3>Biot\u00e9rio<\/h3>\nO Biot\u00e9rio-NB3-ICB tem \u00e1rea total de 11 m\u00b2 e \u00e9 destinado \u00e0 manuten\u00e7\u00e3o de animais em experimenta\u00e7\u00e3o. \t\t\t\t\t\t<\/div>\n\t\t\t\t<\/div>\n\t\t\t\t<div class=\"elementor-element elementor-element-5aa899e elementor-align-left no-padding elementor-widget elementor-widget-button\" data-id=\"5aa899e\" data-element_type=\"widget\" data-widget_type=\"button.default\">\n\t\t\t\t<div class=\"elementor-widget-container\">\n\t\t\t\t\t<div class=\"elementor-button-wrapper\">\n\t\t\t<a href=\"http:\/\/sites.icb.ufmg.br\/celam\/biosseguranca\/laboratorios\/bioterio\/\" class=\"elementor-button-link elementor-button elementor-size-sm\" role=\"button\">\n\t\t\t\t\t\t<span class=\"elementor-button-content-wrapper\">\n\t\t\t\t\t\t<span class=\"elementor-button-icon elementor-align-icon-right\">\n\t\t\t\t<svg xmlns=\"http:\/\/www.w3.org\/2000\/svg\" width=\"13.81\" height=\"13.81\" viewBox=\"0 0 13.81 13.81\"><g transform=\"translate(0 0)\"><path d=\"M130.9,6479l-.991.962,5.253,5.252H124v1.381h11.167l-5.238,5.238.976.977,6.9-6.9L130.9,6479\" transform=\"translate(-124 -6479)\" fill=\"#eaeaea\" fill-rule=\"evenodd\"><\/path><\/g><\/svg>\t\t\t<\/span>\n\t\t\t\t\t\t<span class=\"elementor-button-text\">Saiba mais<\/span>\n\t\t<\/span>\n\t\t\t\t\t<\/a>\n\t\t<\/div>\n\t\t\t\t<\/div>\n\t\t\t\t<\/div>\n\t\t\t\t\t<\/div>\n\t\t<\/div>\n\t\t\t\t\t\t\t<\/div>\n\t\t<\/section>\n\t\t\t\t<section class=\"elementor-section elementor-inner-section elementor-element elementor-element-9bbb272 elementor-section-boxed elementor-section-height-default elementor-section-height-default\" data-id=\"9bbb272\" data-element_type=\"section\">\n\t\t\t\t\t\t<div class=\"elementor-container elementor-column-gap-custom\">\n\t\t\t\t\t<div class=\"elementor-column elementor-col-50 elementor-inner-column elementor-element elementor-element-20a5bc8\" data-id=\"20a5bc8\" data-element_type=\"column\">\n\t\t\t<div class=\"elementor-widget-wrap elementor-element-populated\">\n\t\t\t\t\t\t\t\t<div class=\"elementor-element elementor-element-1ad2ea7 elementor-widget elementor-widget-text-editor\" data-id=\"1ad2ea7\" data-element_type=\"widget\" data-widget_type=\"text-editor.default\">\n\t\t\t\t<div class=\"elementor-widget-container\">\n\t\t\t\t\t\t\t<h3>Sala de lavagem e esteriliza\u00e7\u00e3o<\/h3>\nSala equipada com uma autoclave de barreira de dupla-porta e passthrough para a entrada\/sa\u00edda de materiais e equipamentos pequenos.\t\t\t\t\t\t<\/div>\n\t\t\t\t<\/div>\n\t\t\t\t<div class=\"elementor-element elementor-element-4736739 elementor-align-left no-padding elementor-widget elementor-widget-button\" data-id=\"4736739\" data-element_type=\"widget\" data-widget_type=\"button.default\">\n\t\t\t\t<div class=\"elementor-widget-container\">\n\t\t\t\t\t<div class=\"elementor-button-wrapper\">\n\t\t\t<a href=\"http:\/\/sites.icb.ufmg.br\/celam\/biosseguranca\/laboratorios\/sala-de-lavagem-e-esterilizacao\/\" class=\"elementor-button-link elementor-button elementor-size-sm\" role=\"button\">\n\t\t\t\t\t\t<span class=\"elementor-button-content-wrapper\">\n\t\t\t\t\t\t<span class=\"elementor-button-icon elementor-align-icon-right\">\n\t\t\t\t<svg xmlns=\"http:\/\/www.w3.org\/2000\/svg\" width=\"13.81\" height=\"13.81\" viewBox=\"0 0 13.81 13.81\"><g transform=\"translate(0 0)\"><path d=\"M130.9,6479l-.991.962,5.253,5.252H124v1.381h11.167l-5.238,5.238.976.977,6.9-6.9L130.9,6479\" transform=\"translate(-124 -6479)\" fill=\"#eaeaea\" fill-rule=\"evenodd\"><\/path><\/g><\/svg>\t\t\t<\/span>\n\t\t\t\t\t\t<span class=\"elementor-button-text\">Saiba mais<\/span>\n\t\t<\/span>\n\t\t\t\t\t<\/a>\n\t\t<\/div>\n\t\t\t\t<\/div>\n\t\t\t\t<\/div>\n\t\t\t\t\t<\/div>\n\t\t<\/div>\n\t\t\t\t<div class=\"elementor-column elementor-col-50 elementor-inner-column elementor-element elementor-element-e75ab2d\" data-id=\"e75ab2d\" data-element_type=\"column\">\n\t\t\t<div class=\"elementor-widget-wrap elementor-element-populated\">\n\t\t\t\t\t\t\t\t<div class=\"elementor-element elementor-element-6db4bc2 elementor-widget elementor-widget-text-editor\" data-id=\"6db4bc2\" data-element_type=\"widget\" data-widget_type=\"text-editor.default\">\n\t\t\t\t<div class=\"elementor-widget-container\">\n\t\t\t\t\t\t\t<h3>Sistema automatizado de controle de press\u00e3o<\/h3>\nSistemas de automa\u00e7\u00e3o respons\u00e1veis por manter as press\u00f5es ambientais internas do laborat\u00f3rio negativas, evitando assim o escape de qualquer agente biol\u00f3gico. \t\t\t\t\t\t<\/div>\n\t\t\t\t<\/div>\n\t\t\t\t<div class=\"elementor-element elementor-element-9886dfe elementor-align-left no-padding elementor-widget elementor-widget-button\" data-id=\"9886dfe\" data-element_type=\"widget\" data-widget_type=\"button.default\">\n\t\t\t\t<div class=\"elementor-widget-container\">\n\t\t\t\t\t<div class=\"elementor-button-wrapper\">\n\t\t\t<a href=\"http:\/\/sites.icb.ufmg.br\/celam\/biosseguranca\/laboratorios\/sistema-automatizado-de-controle-de-pressao\/\" class=\"elementor-button-link elementor-button elementor-size-sm\" role=\"button\">\n\t\t\t\t\t\t<span class=\"elementor-button-content-wrapper\">\n\t\t\t\t\t\t<span class=\"elementor-button-icon elementor-align-icon-right\">\n\t\t\t\t<svg xmlns=\"http:\/\/www.w3.org\/2000\/svg\" width=\"13.81\" height=\"13.81\" viewBox=\"0 0 13.81 13.81\"><g transform=\"translate(0 0)\"><path d=\"M130.9,6479l-.991.962,5.253,5.252H124v1.381h11.167l-5.238,5.238.976.977,6.9-6.9L130.9,6479\" transform=\"translate(-124 -6479)\" fill=\"#eaeaea\" fill-rule=\"evenodd\"><\/path><\/g><\/svg>\t\t\t<\/span>\n\t\t\t\t\t\t<span class=\"elementor-button-text\">Saiba mais<\/span>\n\t\t<\/span>\n\t\t\t\t\t<\/a>\n\t\t<\/div>\n\t\t\t\t<\/div>\n\t\t\t\t<\/div>\n\t\t\t\t\t<\/div>\n\t\t<\/div>\n\t\t\t\t\t\t\t<\/div>\n\t\t<\/section>\n\t\t\t\t\t<\/div>\n\t\t<\/div>\n\t\t\t\t\t\t\t<\/div>\n\t\t<\/section>\n\t\t\t\t\t\t<\/div>\n\t\t\t\t\t<\/div>\n\t\t","protected":false},"excerpt":{"rendered":"<p>Estrutura do laborat\u00f3rio Estrutura do Laborat\u00f3rio O Laborat\u00f3rio de Biosseguran\u00e7a N\u00edvel 3 do ICB (Laborat\u00f3rio-NB3-ICB) possui 85 m2 de \u00e1rea total, contando com uma Sala principal e duas salas destinadas \u00e0 manipula\u00e7\u00e3o de agentes patog\u00eanicos ou OGM (Laborat\u00f3rio 1 e Laborat\u00f3rio 2), uma sala de esteriliza\u00e7\u00e3o\/descontamina\u00e7\u00e3o de res\u00edduos biol\u00f3gicos e um biot\u00e9rio destinado \u00e0 manuten\u00e7\u00e3o [&hellip;]<\/p>\n","protected":false},"author":1,"featured_media":0,"parent":538,"menu_order":0,"comment_status":"closed","ping_status":"closed","template":"","meta":{"inline_featured_image":false},"_links":{"self":[{"href":"https:\/\/sites.icb.ufmg.br\/celam\/biosseguranca\/wp-json\/wp\/v2\/pages\/842"}],"collection":[{"href":"https:\/\/sites.icb.ufmg.br\/celam\/biosseguranca\/wp-json\/wp\/v2\/pages"}],"about":[{"href":"https:\/\/sites.icb.ufmg.br\/celam\/biosseguranca\/wp-json\/wp\/v2\/types\/page"}],"author":[{"embeddable":true,"href":"https:\/\/sites.icb.ufmg.br\/celam\/biosseguranca\/wp-json\/wp\/v2\/users\/1"}],"replies":[{"embeddable":true,"href":"https:\/\/sites.icb.ufmg.br\/celam\/biosseguranca\/wp-json\/wp\/v2\/comments?post=842"}],"version-history":[{"count":19,"href":"https:\/\/sites.icb.ufmg.br\/celam\/biosseguranca\/wp-json\/wp\/v2\/pages\/842\/revisions"}],"predecessor-version":[{"id":1132,"href":"https:\/\/sites.icb.ufmg.br\/celam\/biosseguranca\/wp-json\/wp\/v2\/pages\/842\/revisions\/1132"}],"up":[{"embeddable":true,"href":"https:\/\/sites.icb.ufmg.br\/celam\/biosseguranca\/wp-json\/wp\/v2\/pages\/538"}],"wp:attachment":[{"href":"https:\/\/sites.icb.ufmg.br\/celam\/biosseguranca\/wp-json\/wp\/v2\/media?parent=842"}],"curies":[{"name":"wp","href":"https:\/\/api.w.org\/{rel}","templated":true}]}}