{"id":923,"date":"2022-01-10T10:22:15","date_gmt":"2022-01-10T13:22:15","guid":{"rendered":"http:\/\/sites.icb.ufmg.br\/celam\/biosseguranca\/?page_id=923"},"modified":"2022-04-27T10:11:57","modified_gmt":"2022-04-27T13:11:57","slug":"agendamento","status":"publish","type":"page","link":"https:\/\/sites.icb.ufmg.br\/celam\/biosseguranca\/agendamento\/","title":{"rendered":"Agendamento"},"content":{"rendered":"\t\t<div data-elementor-type=\"wp-page\" data-elementor-id=\"923\" class=\"elementor elementor-923\" data-elementor-settings=\"[]\">\n\t\t\t\t\t\t\t<div class=\"elementor-section-wrap\">\n\t\t\t\t\t\t\t<section class=\"elementor-section elementor-top-section elementor-element elementor-element-138a03f8 elementor-section-height-min-height elementor-section-stretched elementor-section-boxed elementor-section-height-default elementor-section-items-middle\" data-id=\"138a03f8\" data-element_type=\"section\" id=\"hero\" data-settings=\"{&quot;stretch_section&quot;:&quot;section-stretched&quot;,&quot;background_background&quot;:&quot;classic&quot;}\">\n\t\t\t\t\t\t\t<div class=\"elementor-background-overlay\"><\/div>\n\t\t\t\t\t\t\t<div class=\"elementor-container elementor-column-gap-default\">\n\t\t\t\t\t<div class=\"elementor-column elementor-col-100 elementor-top-column elementor-element elementor-element-218192a0 elementor-invisible\" data-id=\"218192a0\" data-element_type=\"column\" data-settings=\"{&quot;animation&quot;:&quot;fadeIn&quot;}\">\n\t\t\t<div class=\"elementor-widget-wrap elementor-element-populated\">\n\t\t\t\t\t\t\t\t<section class=\"elementor-section elementor-inner-section elementor-element elementor-element-79bcff93 elementor-section-boxed elementor-section-height-default elementor-section-height-default\" data-id=\"79bcff93\" data-element_type=\"section\">\n\t\t\t\t\t\t<div class=\"elementor-container elementor-column-gap-default\">\n\t\t\t\t\t<div class=\"elementor-column elementor-col-50 elementor-inner-column elementor-element elementor-element-58107fb1\" data-id=\"58107fb1\" data-element_type=\"column\">\n\t\t\t<div class=\"elementor-widget-wrap elementor-element-populated\">\n\t\t\t\t\t\t\t\t<div class=\"elementor-element elementor-element-7d13b9ee elementor-widget elementor-widget-heading\" data-id=\"7d13b9ee\" data-element_type=\"widget\" data-widget_type=\"heading.default\">\n\t\t\t\t<div class=\"elementor-widget-container\">\n\t\t\t<style>\/*! elementor - v3.5.6 - 28-02-2022 *\/\n.elementor-heading-title{padding:0;margin:0;line-height:1}.elementor-widget-heading .elementor-heading-title[class*=elementor-size-]>a{color:inherit;font-size:inherit;line-height:inherit}.elementor-widget-heading .elementor-heading-title.elementor-size-small{font-size:15px}.elementor-widget-heading .elementor-heading-title.elementor-size-medium{font-size:19px}.elementor-widget-heading .elementor-heading-title.elementor-size-large{font-size:29px}.elementor-widget-heading .elementor-heading-title.elementor-size-xl{font-size:39px}.elementor-widget-heading .elementor-heading-title.elementor-size-xxl{font-size:59px}<\/style><h1 class=\"elementor-heading-title elementor-size-default\">Agendamento<\/h1>\t\t<\/div>\n\t\t\t\t<\/div>\n\t\t\t\t\t<\/div>\n\t\t<\/div>\n\t\t\t\t<div class=\"elementor-column elementor-col-50 elementor-inner-column elementor-element elementor-element-132aa90c\" data-id=\"132aa90c\" data-element_type=\"column\">\n\t\t\t<div class=\"elementor-widget-wrap\">\n\t\t\t\t\t\t\t\t\t<\/div>\n\t\t<\/div>\n\t\t\t\t\t\t\t<\/div>\n\t\t<\/section>\n\t\t\t\t\t<\/div>\n\t\t<\/div>\n\t\t\t\t\t\t\t<\/div>\n\t\t<\/section>\n\t\t\t\t<section class=\"elementor-section elementor-top-section elementor-element elementor-element-f79336b elementor-section-boxed elementor-section-height-default elementor-section-height-default\" data-id=\"f79336b\" data-element_type=\"section\">\n\t\t\t\t\t\t<div class=\"elementor-container elementor-column-gap-default\">\n\t\t\t\t\t<div class=\"elementor-column elementor-col-100 elementor-top-column elementor-element elementor-element-841763b\" data-id=\"841763b\" data-element_type=\"column\">\n\t\t\t<div class=\"elementor-widget-wrap elementor-element-populated\">\n\t\t\t\t\t\t\t\t<div class=\"elementor-element elementor-element-ab09863 elementor-widget elementor-widget-heading\" data-id=\"ab09863\" data-element_type=\"widget\" data-widget_type=\"heading.default\">\n\t\t\t\t<div class=\"elementor-widget-container\">\n\t\t\t<h2 class=\"elementor-heading-title elementor-size-default\"><a href=\"https:\/\/sites.icb.ufmg.br\/celam\/biosseguranca\/minha-conta\/\">J\u00e1 tem acesso ao nosso sistema? Clique aqui para entrar.<\/a><\/h2>\t\t<\/div>\n\t\t\t\t<\/div>\n\t\t\t\t<div class=\"elementor-element elementor-element-c8ef415 elementor-widget elementor-widget-text-editor\" data-id=\"c8ef415\" data-element_type=\"widget\" data-widget_type=\"text-editor.default\">\n\t\t\t\t<div class=\"elementor-widget-container\">\n\t\t\t<style>\/*! elementor - v3.5.6 - 28-02-2022 *\/\n.elementor-widget-text-editor.elementor-drop-cap-view-stacked .elementor-drop-cap{background-color:#818a91;color:#fff}.elementor-widget-text-editor.elementor-drop-cap-view-framed .elementor-drop-cap{color:#818a91;border:3px solid;background-color:transparent}.elementor-widget-text-editor:not(.elementor-drop-cap-view-default) .elementor-drop-cap{margin-top:8px}.elementor-widget-text-editor:not(.elementor-drop-cap-view-default) .elementor-drop-cap-letter{width:1em;height:1em}.elementor-widget-text-editor .elementor-drop-cap{float:left;text-align:center;line-height:1;font-size:50px}.elementor-widget-text-editor .elementor-drop-cap-letter{display:inline-block}<\/style>\t\t\t\t\t<div class='user-registration ur-frontend-form  ' id='user-registration-form-1017'>\n\t\t<form method='post' class='register' data-form-id=\"1017\"\n\t\t\t  data-enable-strength-password=\"\" data-minimum-password-strength=\"3\"  \"enctype=multipart\/form-data\" data-captcha-enabled=\"\">\n\n\t\t\t\t\t\t\t\t\t<div class='ur-form-row'>\n\t\t\t\t\t\t\t\t\t\t\t\t\t\t\t\t<div class=\"ur-form-grid ur-grid-1\"\n\t\t\t\t\t\t\t\t\t\t\t style=\"width:99%\">\n\t\t\t\t\t\t\t\t\t\t\t\t\t\t\t\t\t\t\t\t\t\t\t\t<div data-conditional-logic-enabled=\"no\" data-field-id=\"first_name\" class=\"ur-field-item field-first_name \">\n\t\t\t\t\t\t\t\t\t\t\t\t\t<div class=\"form-row validate-required\" id=\"first_name_field\" data-priority=\"\" ><label for=\"first_name\" class=\"ur-label\">Nome <abbr class=\"required\" title=\"required\">*<\/abbr><\/label> <span class=\"input-wrapper\"> <input data-rules=\"\" data-id=\"first_name\" type=\"text\" class=\"input-text without_icon input-text ur-frontend-field  \" name=\"first_name\" id=\"first_name\" placeholder=\"\"  value=\"\" required=\"required\" data-label=\"Nome\" \/> <\/span> <\/div>\t\t\t\t\t\t\t\t\t\t\t\t\t\t\t<\/div>\n\t\t\t\t\t\t\t\t\t\t\t\t\t\t\t\t\t\t\t\t\t\t\t\t\t\t\t\t<div data-conditional-logic-enabled=\"no\" data-field-id=\"last_name\" class=\"ur-field-item field-last_name \">\n\t\t\t\t\t\t\t\t\t\t\t\t\t<div class=\"form-row validate-required\" id=\"last_name_field\" data-priority=\"\" ><label for=\"last_name\" class=\"ur-label\">Sobrenome <abbr class=\"required\" title=\"required\">*<\/abbr><\/label> <span class=\"input-wrapper\"> <input data-rules=\"\" data-id=\"last_name\" type=\"text\" class=\"input-text without_icon input-text ur-frontend-field  \" name=\"last_name\" id=\"last_name\" placeholder=\"\"  value=\"\" required=\"required\" data-label=\"Sobrenome\" \/> <\/span> <\/div>\t\t\t\t\t\t\t\t\t\t\t\t\t\t\t<\/div>\n\t\t\t\t\t\t\t\t\t\t\t\t\t\t\t\t\t\t\t\t\t\t\t\t\t\t\t\t<div data-conditional-logic-enabled=\"no\" data-field-id=\"user_email\" class=\"ur-field-item field-user_email \">\n\t\t\t\t\t\t\t\t\t\t\t\t\t<div class=\"form-row validate-required\" id=\"user_email_field\" data-priority=\"\" ><label for=\"user_email\" class=\"ur-label\">E-mail <abbr class=\"required\" title=\"required\">*<\/abbr><\/label> <span class=\"input-wrapper\"> <input data-rules=\"\" data-id=\"user_email\" type=\"email\" class=\"input-text without_icon input-email ur-frontend-field  \" name=\"user_email\" id=\"user_email\" placeholder=\"\"  value=\"\" required=\"required\" data-label=\"E-mail\" \/> <\/span> <\/div>\t\t\t\t\t\t\t\t\t\t\t\t\t\t\t<\/div>\n\t\t\t\t\t\t\t\t\t\t\t\t\t\t\t\t\t\t\t\t\t\t\t\t\t\t\t\t<div data-conditional-logic-enabled=\"no\" data-field-id=\"user_pass\" class=\"ur-field-item field-user_pass \">\n\t\t\t\t\t\t\t\t\t\t\t\t\t<div class=\"form-row validate-required hide_show_password\" id=\"user_pass_field\" data-priority=\"\"><label for=\"user_pass\" class=\"ur-label\">Senha <abbr class=\"required\" title=\"required\">*<\/abbr><\/label> <span class=\"input-wrapper\"> <span class=\"password-input-group input-form-field-icons\"><input data-rules=\"\" data-id=\"user_pass\" type=\"password\" class=\"input-text without_icon input-password ur-frontend-field  \" name=\"user_pass\" id=\"user_pass\" placeholder=\"\"  value=\"\" required=\"required\" data-label=\"Senha\" \/><a href=\"javaScript:void(0)\" class=\"password_preview dashicons dashicons-hidden\" title=\" Show password \"><\/a><\/span> <\/span> <\/div>\t\t\t\t\t\t\t\t\t\t\t\t\t\t\t<\/div>\n\t\t\t\t\t\t\t\t\t\t\t\t\t\t\t\t\t\t\t\t\t\t\t<\/div>\n\t\t\t\t\t\t\t\t\t\t\t\t\t\t\t<\/div>\n\t\t\t\t\t\t\t\t\t\t\t\t\t\t<div class=\"ur-button-container \" >\n\t\t\t\t\t\t\t\t\t\t\t\t<button type=\"submit\" class=\"btn button ur-submit-button \">\n\t\t\t\t\t\t\t<span><\/span>\n\t\t\t\t\t\t\tEnviar\t\t\t\t\t\t<\/button>\n\t\t\t\t\t\t\t\t\t\t\t\t\t\t\t\t\t<\/div>\n\t\t\t\t\t\n\t\t\t<div style=\"clear:both\"><\/div>\n\t\t\t\t\t\t<input type=\"hidden\" name=\"ur-user-form-id\" value=\"1017\"\/>\n\t\t\t<input type=\"hidden\" name=\"ur-redirect-url\" value=\"https:\/\/sites.icb.ufmg.br\/celam\/biosseguranca\/minha-conta\"\/>\n\t\t\t<input type=\"hidden\" id=\"ur_frontend_form_nonce\" name=\"ur_frontend_form_nonce\" value=\"09d854c996\" \/>\n\t\t\t\t\t<\/form>\n\n\t\t<div style=\"clear:both\"><\/div>\n\t<\/div>\n\t\t\t\t\t\t<\/div>\n\t\t\t\t<\/div>\n\t\t\t\t\t<\/div>\n\t\t<\/div>\n\t\t\t\t\t\t\t<\/div>\n\t\t<\/section>\n\t\t\t\t<section class=\"elementor-section elementor-top-section elementor-element elementor-element-90dd16 equipamentos elementor-section-boxed elementor-section-height-default elementor-section-height-default\" data-id=\"90dd16\" data-element_type=\"section\" data-settings=\"{&quot;background_background&quot;:&quot;classic&quot;}\">\n\t\t\t\t\t\t\t<div class=\"elementor-background-overlay\"><\/div>\n\t\t\t\t\t\t\t<div class=\"elementor-container elementor-column-gap-default\">\n\t\t\t\t\t<div class=\"elementor-column elementor-col-100 elementor-top-column elementor-element elementor-element-4ec5251f\" data-id=\"4ec5251f\" data-element_type=\"column\">\n\t\t\t<div class=\"elementor-widget-wrap elementor-element-populated\">\n\t\t\t\t\t\t\t\t<div class=\"elementor-element elementor-element-39e12e1e elementor-widget elementor-widget-heading\" data-id=\"39e12e1e\" data-element_type=\"widget\" data-widget_type=\"heading.default\">\n\t\t\t\t<div class=\"elementor-widget-container\">\n\t\t\t<h2 class=\"elementor-heading-title elementor-size-default\">Laborat\u00f3rios<\/h2>\t\t<\/div>\n\t\t\t\t<\/div>\n\t\t\t\t<section class=\"elementor-section elementor-inner-section elementor-element elementor-element-17295673 elementor-section-boxed elementor-section-height-default elementor-section-height-default\" data-id=\"17295673\" data-element_type=\"section\">\n\t\t\t\t\t\t<div class=\"elementor-container elementor-column-gap-custom\">\n\t\t\t\t\t<div class=\"elementor-column elementor-col-50 elementor-inner-column elementor-element elementor-element-5742dfc3\" data-id=\"5742dfc3\" data-element_type=\"column\">\n\t\t\t<div class=\"elementor-widget-wrap elementor-element-populated\">\n\t\t\t\t\t\t\t\t<div class=\"elementor-element elementor-element-614df50b elementor-widget elementor-widget-text-editor\" data-id=\"614df50b\" data-element_type=\"widget\" data-widget_type=\"text-editor.default\">\n\t\t\t\t<div class=\"elementor-widget-container\">\n\t\t\t\t\t\t\t<h3>Laborat\u00f3rio 1<\/h3>\nDestinado ao manuseio de amostras biol\u00f3gicas ou culturas celulares infectadas com o v\u00edrus SARS-CoV-2.\t\t\t\t\t\t<\/div>\n\t\t\t\t<\/div>\n\t\t\t\t<div class=\"elementor-element elementor-element-1d84cfcc elementor-align-left no-padding elementor-widget elementor-widget-button\" data-id=\"1d84cfcc\" data-element_type=\"widget\" data-widget_type=\"button.default\">\n\t\t\t\t<div class=\"elementor-widget-container\">\n\t\t\t\t\t<div class=\"elementor-button-wrapper\">\n\t\t\t<a href=\"http:\/\/sites.icb.ufmg.br\/celam\/biosseguranca\/laboratorios\/laboratorio-1\/\" class=\"elementor-button-link elementor-button elementor-size-sm\" role=\"button\">\n\t\t\t\t\t\t<span class=\"elementor-button-content-wrapper\">\n\t\t\t\t\t\t<span class=\"elementor-button-icon elementor-align-icon-right\">\n\t\t\t\t<svg xmlns=\"http:\/\/www.w3.org\/2000\/svg\" width=\"13.81\" height=\"13.81\" viewBox=\"0 0 13.81 13.81\"><g transform=\"translate(0 0)\"><path d=\"M130.9,6479l-.991.962,5.253,5.252H124v1.381h11.167l-5.238,5.238.976.977,6.9-6.9L130.9,6479\" transform=\"translate(-124 -6479)\" fill=\"#eaeaea\" fill-rule=\"evenodd\"><\/path><\/g><\/svg>\t\t\t<\/span>\n\t\t\t\t\t\t<span class=\"elementor-button-text\">Saiba mais<\/span>\n\t\t<\/span>\n\t\t\t\t\t<\/a>\n\t\t<\/div>\n\t\t\t\t<\/div>\n\t\t\t\t<\/div>\n\t\t\t\t\t<\/div>\n\t\t<\/div>\n\t\t\t\t<div class=\"elementor-column elementor-col-50 elementor-inner-column elementor-element elementor-element-3618845\" data-id=\"3618845\" data-element_type=\"column\">\n\t\t\t<div class=\"elementor-widget-wrap elementor-element-populated\">\n\t\t\t\t\t\t\t\t<div class=\"elementor-element elementor-element-be4e9d8 elementor-widget elementor-widget-text-editor\" data-id=\"be4e9d8\" data-element_type=\"widget\" data-widget_type=\"text-editor.default\">\n\t\t\t\t<div class=\"elementor-widget-container\">\n\t\t\t\t\t\t\t<h3>Laborat\u00f3rio 2<\/h3>\nDestinado ao manuseio de amostras biol\u00f3gicas e \u00e0 cultura de c\u00e9lulas n\u00e3o infectadas por nenhum agente infeccioso.\t\t\t\t\t\t<\/div>\n\t\t\t\t<\/div>\n\t\t\t\t<div class=\"elementor-element elementor-element-fcbb92a elementor-align-left no-padding elementor-widget elementor-widget-button\" data-id=\"fcbb92a\" data-element_type=\"widget\" data-widget_type=\"button.default\">\n\t\t\t\t<div class=\"elementor-widget-container\">\n\t\t\t\t\t<div class=\"elementor-button-wrapper\">\n\t\t\t<a href=\"http:\/\/sites.icb.ufmg.br\/celam\/biosseguranca\/laboratorios\/laboratorio-2\/\" class=\"elementor-button-link elementor-button elementor-size-sm\" role=\"button\">\n\t\t\t\t\t\t<span class=\"elementor-button-content-wrapper\">\n\t\t\t\t\t\t<span class=\"elementor-button-icon elementor-align-icon-right\">\n\t\t\t\t<svg xmlns=\"http:\/\/www.w3.org\/2000\/svg\" width=\"13.81\" height=\"13.81\" viewBox=\"0 0 13.81 13.81\"><g transform=\"translate(0 0)\"><path d=\"M130.9,6479l-.991.962,5.253,5.252H124v1.381h11.167l-5.238,5.238.976.977,6.9-6.9L130.9,6479\" transform=\"translate(-124 -6479)\" fill=\"#eaeaea\" fill-rule=\"evenodd\"><\/path><\/g><\/svg>\t\t\t<\/span>\n\t\t\t\t\t\t<span class=\"elementor-button-text\">Saiba mais<\/span>\n\t\t<\/span>\n\t\t\t\t\t<\/a>\n\t\t<\/div>\n\t\t\t\t<\/div>\n\t\t\t\t<\/div>\n\t\t\t\t\t<\/div>\n\t\t<\/div>\n\t\t\t\t\t\t\t<\/div>\n\t\t<\/section>\n\t\t\t\t<section class=\"elementor-section elementor-inner-section elementor-element elementor-element-49e71a3c elementor-section-boxed elementor-section-height-default elementor-section-height-default\" data-id=\"49e71a3c\" data-element_type=\"section\">\n\t\t\t\t\t\t<div class=\"elementor-container elementor-column-gap-custom\">\n\t\t\t\t\t<div class=\"elementor-column elementor-col-50 elementor-inner-column elementor-element elementor-element-7d3e1579\" data-id=\"7d3e1579\" data-element_type=\"column\">\n\t\t\t<div class=\"elementor-widget-wrap elementor-element-populated\">\n\t\t\t\t\t\t\t\t<div class=\"elementor-element elementor-element-3f8d7684 elementor-widget elementor-widget-text-editor\" data-id=\"3f8d7684\" data-element_type=\"widget\" data-widget_type=\"text-editor.default\">\n\t\t\t\t<div class=\"elementor-widget-container\">\n\t\t\t\t\t\t\t<h3>Sala de lavagem e esteriliza\u00e7\u00e3o<\/h3>\nSala equipada com uma autoclave de barreira de dupla-porta e passthrough para a entrada\/sa\u00edda de materiais e equipamentos pequenos.\t\t\t\t\t\t<\/div>\n\t\t\t\t<\/div>\n\t\t\t\t<div class=\"elementor-element elementor-element-50dbf014 elementor-align-left no-padding elementor-widget elementor-widget-button\" data-id=\"50dbf014\" data-element_type=\"widget\" data-widget_type=\"button.default\">\n\t\t\t\t<div class=\"elementor-widget-container\">\n\t\t\t\t\t<div class=\"elementor-button-wrapper\">\n\t\t\t<a href=\"http:\/\/sites.icb.ufmg.br\/celam\/biosseguranca\/laboratorios\/sala-de-lavagem-e-esterilizacao\/\" class=\"elementor-button-link elementor-button elementor-size-sm\" role=\"button\">\n\t\t\t\t\t\t<span class=\"elementor-button-content-wrapper\">\n\t\t\t\t\t\t<span class=\"elementor-button-icon elementor-align-icon-right\">\n\t\t\t\t<svg xmlns=\"http:\/\/www.w3.org\/2000\/svg\" width=\"13.81\" height=\"13.81\" viewBox=\"0 0 13.81 13.81\"><g transform=\"translate(0 0)\"><path d=\"M130.9,6479l-.991.962,5.253,5.252H124v1.381h11.167l-5.238,5.238.976.977,6.9-6.9L130.9,6479\" transform=\"translate(-124 -6479)\" fill=\"#eaeaea\" fill-rule=\"evenodd\"><\/path><\/g><\/svg>\t\t\t<\/span>\n\t\t\t\t\t\t<span class=\"elementor-button-text\">Saiba mais<\/span>\n\t\t<\/span>\n\t\t\t\t\t<\/a>\n\t\t<\/div>\n\t\t\t\t<\/div>\n\t\t\t\t<\/div>\n\t\t\t\t\t<\/div>\n\t\t<\/div>\n\t\t\t\t<div class=\"elementor-column elementor-col-50 elementor-inner-column elementor-element elementor-element-d12e80a\" data-id=\"d12e80a\" data-element_type=\"column\">\n\t\t\t<div class=\"elementor-widget-wrap elementor-element-populated\">\n\t\t\t\t\t\t\t\t<div class=\"elementor-element elementor-element-29868bf7 elementor-widget elementor-widget-text-editor\" data-id=\"29868bf7\" data-element_type=\"widget\" data-widget_type=\"text-editor.default\">\n\t\t\t\t<div class=\"elementor-widget-container\">\n\t\t\t\t\t\t\t<h3>Sistema automatizado de controle de press\u00e3o<\/h3>\nSistemas de automa\u00e7\u00e3o respons\u00e1veis por manter as press\u00f5es ambientais internas do laborat\u00f3rio negativas, evitando assim o escape de qualquer agente biol\u00f3gico. \t\t\t\t\t\t<\/div>\n\t\t\t\t<\/div>\n\t\t\t\t<div class=\"elementor-element elementor-element-1a61a74e elementor-align-left no-padding elementor-widget elementor-widget-button\" data-id=\"1a61a74e\" data-element_type=\"widget\" data-widget_type=\"button.default\">\n\t\t\t\t<div class=\"elementor-widget-container\">\n\t\t\t\t\t<div class=\"elementor-button-wrapper\">\n\t\t\t<a href=\"http:\/\/sites.icb.ufmg.br\/celam\/biosseguranca\/laboratorios\/sistema-automatizado-de-controle-de-pressao\/\" class=\"elementor-button-link elementor-button elementor-size-sm\" role=\"button\">\n\t\t\t\t\t\t<span class=\"elementor-button-content-wrapper\">\n\t\t\t\t\t\t<span class=\"elementor-button-icon elementor-align-icon-right\">\n\t\t\t\t<svg xmlns=\"http:\/\/www.w3.org\/2000\/svg\" width=\"13.81\" height=\"13.81\" viewBox=\"0 0 13.81 13.81\"><g transform=\"translate(0 0)\"><path d=\"M130.9,6479l-.991.962,5.253,5.252H124v1.381h11.167l-5.238,5.238.976.977,6.9-6.9L130.9,6479\" transform=\"translate(-124 -6479)\" fill=\"#eaeaea\" fill-rule=\"evenodd\"><\/path><\/g><\/svg>\t\t\t<\/span>\n\t\t\t\t\t\t<span class=\"elementor-button-text\">Saiba mais<\/span>\n\t\t<\/span>\n\t\t\t\t\t<\/a>\n\t\t<\/div>\n\t\t\t\t<\/div>\n\t\t\t\t<\/div>\n\t\t\t\t\t<\/div>\n\t\t<\/div>\n\t\t\t\t\t\t\t<\/div>\n\t\t<\/section>\n\t\t\t\t\t<\/div>\n\t\t<\/div>\n\t\t\t\t\t\t\t<\/div>\n\t\t<\/section>\n\t\t\t\t\t\t<\/div>\n\t\t\t\t\t<\/div>\n\t\t","protected":false},"excerpt":{"rendered":"<p>Agendamento J\u00e1 tem acesso ao nosso sistema? Clique aqui para entrar. Laborat\u00f3rios Laborat\u00f3rio 1 Destinado ao manuseio de amostras biol\u00f3gicas ou culturas celulares infectadas com o v\u00edrus SARS-CoV-2. Saiba mais Laborat\u00f3rio 2 Destinado ao manuseio de amostras biol\u00f3gicas e \u00e0 cultura de c\u00e9lulas n\u00e3o infectadas por nenhum agente infeccioso. Saiba mais Sala de lavagem e [&hellip;]<\/p>\n","protected":false},"author":1,"featured_media":0,"parent":0,"menu_order":0,"comment_status":"closed","ping_status":"closed","template":"","meta":{"inline_featured_image":false},"_links":{"self":[{"href":"https:\/\/sites.icb.ufmg.br\/celam\/biosseguranca\/wp-json\/wp\/v2\/pages\/923"}],"collection":[{"href":"https:\/\/sites.icb.ufmg.br\/celam\/biosseguranca\/wp-json\/wp\/v2\/pages"}],"about":[{"href":"https:\/\/sites.icb.ufmg.br\/celam\/biosseguranca\/wp-json\/wp\/v2\/types\/page"}],"author":[{"embeddable":true,"href":"https:\/\/sites.icb.ufmg.br\/celam\/biosseguranca\/wp-json\/wp\/v2\/users\/1"}],"replies":[{"embeddable":true,"href":"https:\/\/sites.icb.ufmg.br\/celam\/biosseguranca\/wp-json\/wp\/v2\/comments?post=923"}],"version-history":[{"count":14,"href":"https:\/\/sites.icb.ufmg.br\/celam\/biosseguranca\/wp-json\/wp\/v2\/pages\/923\/revisions"}],"predecessor-version":[{"id":1101,"href":"https:\/\/sites.icb.ufmg.br\/celam\/biosseguranca\/wp-json\/wp\/v2\/pages\/923\/revisions\/1101"}],"wp:attachment":[{"href":"https:\/\/sites.icb.ufmg.br\/celam\/biosseguranca\/wp-json\/wp\/v2\/media?parent=923"}],"curies":[{"name":"wp","href":"https:\/\/api.w.org\/{rel}","templated":true}]}}