{"id":18,"date":"2021-12-22T12:03:21","date_gmt":"2021-12-22T12:03:21","guid":{"rendered":"http:\/\/sites.icb.ufmg.br\/celam\/?page_id=18"},"modified":"2024-05-16T09:29:01","modified_gmt":"2024-05-16T12:29:01","slug":"sobre","status":"publish","type":"page","link":"https:\/\/sites.icb.ufmg.br\/celam\/sobre\/","title":{"rendered":"Sobre"},"content":{"rendered":"\t\t<div data-elementor-type=\"wp-page\" data-elementor-id=\"18\" class=\"elementor elementor-18\" data-elementor-settings=\"[]\">\n\t\t\t\t\t\t\t<div class=\"elementor-section-wrap\">\n\t\t\t\t\t\t\t<section class=\"elementor-section elementor-top-section elementor-element elementor-element-748aa821 elementor-section-height-min-height elementor-section-stretched elementor-section-boxed elementor-section-height-default elementor-section-items-middle\" data-id=\"748aa821\" data-element_type=\"section\" id=\"hero\" data-settings=\"{&quot;stretch_section&quot;:&quot;section-stretched&quot;,&quot;background_background&quot;:&quot;classic&quot;}\">\n\t\t\t\t\t\t\t<div class=\"elementor-background-overlay\"><\/div>\n\t\t\t\t\t\t\t<div class=\"elementor-container elementor-column-gap-default\">\n\t\t\t\t\t<div class=\"elementor-column elementor-col-100 elementor-top-column elementor-element elementor-element-15153ae2 elementor-invisible\" data-id=\"15153ae2\" data-element_type=\"column\" data-settings=\"{&quot;animation&quot;:&quot;fadeIn&quot;}\">\n\t\t\t<div class=\"elementor-widget-wrap elementor-element-populated\">\n\t\t\t\t\t\t\t\t<section class=\"elementor-section elementor-inner-section elementor-element elementor-element-88f7bf9 elementor-section-boxed elementor-section-height-default elementor-section-height-default\" data-id=\"88f7bf9\" data-element_type=\"section\">\n\t\t\t\t\t\t<div class=\"elementor-container elementor-column-gap-default\">\n\t\t\t\t\t<div class=\"elementor-column elementor-col-50 elementor-inner-column elementor-element elementor-element-1294ef6e\" data-id=\"1294ef6e\" data-element_type=\"column\">\n\t\t\t<div class=\"elementor-widget-wrap elementor-element-populated\">\n\t\t\t\t\t\t\t\t<div class=\"elementor-element elementor-element-5c1a07bf elementor-widget elementor-widget-heading\" data-id=\"5c1a07bf\" data-element_type=\"widget\" data-widget_type=\"heading.default\">\n\t\t\t\t<div class=\"elementor-widget-container\">\n\t\t\t<style>\/*! elementor - v3.5.6 - 28-02-2022 *\/\n.elementor-heading-title{padding:0;margin:0;line-height:1}.elementor-widget-heading .elementor-heading-title[class*=elementor-size-]>a{color:inherit;font-size:inherit;line-height:inherit}.elementor-widget-heading .elementor-heading-title.elementor-size-small{font-size:15px}.elementor-widget-heading .elementor-heading-title.elementor-size-medium{font-size:19px}.elementor-widget-heading .elementor-heading-title.elementor-size-large{font-size:29px}.elementor-widget-heading .elementor-heading-title.elementor-size-xl{font-size:39px}.elementor-widget-heading .elementor-heading-title.elementor-size-xxl{font-size:59px}<\/style><h1 class=\"elementor-heading-title elementor-size-default\">O CELAM<\/h1>\t\t<\/div>\n\t\t\t\t<\/div>\n\t\t\t\t\t<\/div>\n\t\t<\/div>\n\t\t\t\t<div class=\"elementor-column elementor-col-50 elementor-inner-column elementor-element elementor-element-24c435f4\" data-id=\"24c435f4\" data-element_type=\"column\">\n\t\t\t<div class=\"elementor-widget-wrap\">\n\t\t\t\t\t\t\t\t\t<\/div>\n\t\t<\/div>\n\t\t\t\t\t\t\t<\/div>\n\t\t<\/section>\n\t\t\t\t\t<\/div>\n\t\t<\/div>\n\t\t\t\t\t\t\t<\/div>\n\t\t<\/section>\n\t\t\t\t<section class=\"elementor-section elementor-top-section elementor-element elementor-element-a2f593b elementor-section-boxed elementor-section-height-default elementor-section-height-default\" data-id=\"a2f593b\" data-element_type=\"section\" id=\"historia\">\n\t\t\t\t\t\t<div class=\"elementor-container elementor-column-gap-default\">\n\t\t\t\t\t<div class=\"elementor-column elementor-col-25 elementor-top-column elementor-element elementor-element-4d916eb\" data-id=\"4d916eb\" data-element_type=\"column\">\n\t\t\t<div class=\"elementor-widget-wrap\">\n\t\t\t\t\t\t\t\t\t<\/div>\n\t\t<\/div>\n\t\t\t\t<div class=\"elementor-column elementor-col-50 elementor-top-column elementor-element elementor-element-876fe58\" data-id=\"876fe58\" data-element_type=\"column\">\n\t\t\t<div class=\"elementor-widget-wrap elementor-element-populated\">\n\t\t\t\t\t\t\t\t<div class=\"elementor-element elementor-element-7f490b7 elementor-widget elementor-widget-heading\" data-id=\"7f490b7\" data-element_type=\"widget\" data-widget_type=\"heading.default\">\n\t\t\t\t<div class=\"elementor-widget-container\">\n\t\t\t<h2 class=\"elementor-heading-title elementor-size-default\">O Centro de Laborat\u00f3rios Multiusu\u00e1rios do ICB \u00e9 uma forma de acesso a m\u00e9todos e t\u00e9cnicas que utilizam equipamentos de \u00faltima gera\u00e7\u00e3o <\/h2>\t\t<\/div>\n\t\t\t\t<\/div>\n\t\t\t\t<div class=\"elementor-element elementor-element-26f6de4 elementor-widget elementor-widget-text-editor\" data-id=\"26f6de4\" data-element_type=\"widget\" data-widget_type=\"text-editor.default\">\n\t\t\t\t<div class=\"elementor-widget-container\">\n\t\t\t<style>\/*! elementor - v3.5.6 - 28-02-2022 *\/\n.elementor-widget-text-editor.elementor-drop-cap-view-stacked .elementor-drop-cap{background-color:#818a91;color:#fff}.elementor-widget-text-editor.elementor-drop-cap-view-framed .elementor-drop-cap{color:#818a91;border:3px solid;background-color:transparent}.elementor-widget-text-editor:not(.elementor-drop-cap-view-default) .elementor-drop-cap{margin-top:8px}.elementor-widget-text-editor:not(.elementor-drop-cap-view-default) .elementor-drop-cap-letter{width:1em;height:1em}.elementor-widget-text-editor .elementor-drop-cap{float:left;text-align:center;line-height:1;font-size:50px}.elementor-widget-text-editor .elementor-drop-cap-letter{display:inline-block}<\/style>\t\t\t\t<p>Atende a uma clientela vasta de pesquisadores do ICB, de v\u00e1rias outras unidades da UFMG, al\u00e9m de outras institui\u00e7\u00f5es de pesquisa de Belo Horizonte, do estado de Minas Gerais, de outros estados e, em alguns casos, de outros pa\u00edses.<\/p>\n<p>A demanda dos servi\u00e7os do CELAM tem sido crescente e a aquisi\u00e7\u00e3o de v\u00e1rios equipamentos de alta tecnologia (nas \u00e1reas de citometria, proteomica e gen\u00f4mica) fez com que o CELAM se tornasse uma refer\u00eancia para a UFMG e institui\u00e7\u00f5es parceiras de pesquisa e tecnologia.<\/p>\n<p>Por meio do CELAM houve uma eleva\u00e7\u00e3o no patamar das publica\u00e7\u00f5es e da produ\u00e7\u00e3o biotecnol\u00f3gica dos seus usu\u00e1rios, fato que pode ser constatado pelo n\u00edvel crescente dos artigos publicados e patentes registradas nos \u00faltimos anos pelos seus usu\u00e1rios.<\/p>\n<p>Al\u00e9m da estrutura f\u00edsica, o CELAM conta com uma equipe de servidores treinados para a opera\u00e7\u00e3o dos equipamentos e que permanecem dispon\u00edveis para prover cont\u00ednuo suporte ao usu\u00e1rio.<\/p>\n<p>O CELAM \u00e9 constitu\u00eddo de:<\/p>\n<ul>\n<li>Conselho Diretor;<\/li>\n<li>Diretoria;<\/li>\n<li>Coordenadores dos Laborat\u00f3rios Multiusu\u00e1rios;<\/li>\n<li>Servidores t\u00e9cnico-administrativos.<\/li>\n<\/ul>\n<p>\u00a0<\/p>\n<h2>Relev\u00e2ncia da Infra-estrutura<\/h2>\n<p>A diversidade de laborat\u00f3rios que comp\u00f5e o CELAM permite atender m\u00faltiplas demandas de outras institui\u00e7\u00f5es e mesmo empresas do setor privado.\u00a0<\/p>\n<p>\u00a0<\/p>\n<p><b>O Laborat\u00f3rio de Prote\u00f4mica<\/b>\u00a0tem atendido e\/ou colaborado com pesquisadores e estudantes de gradua\u00e7\u00e3o e de p\u00f3s-gradua\u00e7\u00e3o de todos os departamentos do ICB\/UFMG e tamb\u00e9m de outras unidades da UFMG:<\/p>\n<ul>\n<li>Faculdade de Farm\u00e1cia;<\/li>\n<li>Faculdade de Medicina;<\/li>\n<li>Escola de Medicina Veterin\u00e1ria;<\/li>\n<li>Instituto de Ci\u00eancias Exatas (Departamentos de Qu\u00edmica e de F\u00edsica);<\/li>\n<li>Institutos de pesquisa externos como: FUNED, FIOCRUZ, CEFET, Santa Casa, HEMOMINAS, EMBRAPA, Instituto Butantan;<\/li>\n<li>Diversas universidades de Minas Gerais e de outras regi\u00f5es do pa\u00eds: UFOP, UFU,PUC- MG, UFVJM, UFV, UFLA, UFES, UFPI, UNIFESP, UFRS, UFSC, UFRJ, UERJ, USP, UNICAMP, UFBA, UEFS, UFPB, UFPA, UFOPA, UFAM, UnB, dentre outras).<\/li>\n<\/ul>\n<p>\u00a0<\/p>\n<p><strong>No Laborat\u00f3rio de Citometria de Fluxo<\/strong>, al\u00e9m dos usu\u00e1rios do ICB, s\u00e3o registrados tamb\u00e9m usu\u00e1rios de diversas institui\u00e7\u00f5es como:<\/p>\n<ul>\n<li>Faculdade de Medicina;<\/li>\n<li>Faculdade de Veterin\u00e1ria;<\/li>\n<li>Departamento de F\u00edsica;<\/li>\n<li>Faculdade de Farm\u00e1cia;<\/li>\n<li>Centro de Desenvolvimento da Tecnologia Nuclear (CDTN);<\/li>\n<li>FIOCRUZ.<\/li>\n<\/ul>\n<p>Usu\u00e1rios de outras institui\u00e7\u00f5es de pesquisa no estado:<\/p>\n<ul>\n<li>UNIMONTES,;<\/li>\n<li>UFOP;<\/li>\n<li>UFV;<\/li>\n<li>UFJF;<\/li>\n<li>UFVJ<\/li>\n<\/ul>\n<p>\u00a0<\/p>\n<p>Institui\u00e7\u00f5es do Brasil:<\/p>\n<ul>\n<li>Instituto Federal do Paran\u00e1 (IFP);<\/li>\n<li>Universidade Estadual do Sudoeste da Bahia (UESB);<\/li>\n<li>Universidade de S\u00e3o Paulo (USP)<\/li>\n<\/ul>\n<p>\u00a0<\/p>\n<p>Colaboradores internacionais:<\/p>\n<ul>\n<li>Harvard University;<\/li>\n<li>Boston, EUA.<\/li>\n<\/ul>\n<p>\u00a0<\/p>\n<p>O Laborat\u00f3rio de Gen\u00f4mica, al\u00e9m dos departamentos do ICB, tem servido:<\/p>\n<ul>\n<li>Faculdade de Medicina;<\/li>\n<li>Faculdade de Veterin\u00e1ria;<\/li>\n<li>Faculdade de Farm\u00e1cia da UFMG.<\/li>\n<\/ul>\n<p>\u00a0<\/p>\n<p><strong>O Laborat\u00f3rio NB3<\/strong> constitu\u00ed uma estrutura de grande import\u00e2ncia para quaisquer usu\u00e1rios que trabalhem\u00a0com micro-organismos que exijam esse tipo de ambiente, como:<\/p>\n<ul>\n<li>EMBRAPA;<\/li>\n<li>Laborat\u00f3rios privados de imunobiol\u00f3gicos<\/li>\n<li>Outras Institui\u00e7\u00f5es.<\/li>\n<\/ul>\n<p>Entretanto, como seu in\u00edcio de funcionamento \u00e9 recente e aconteceu em consequ\u00eancia de financiamentos para pesquisa com Sars-Cov-2, devido a recente pandemia de COVID19, ainda n\u00e3o foram estabelecidas parcerias que permitam seu uso por outras institui\u00e7\u00f5es.<\/p>\n<p>\u00a0<\/p>\t\t\t\t\t\t<\/div>\n\t\t\t\t<\/div>\n\t\t\t\t\t<\/div>\n\t\t<\/div>\n\t\t\t\t<div class=\"elementor-column elementor-col-25 elementor-top-column elementor-element elementor-element-fa2eef5\" data-id=\"fa2eef5\" data-element_type=\"column\">\n\t\t\t<div class=\"elementor-widget-wrap\">\n\t\t\t\t\t\t\t\t\t<\/div>\n\t\t<\/div>\n\t\t\t\t\t\t\t<\/div>\n\t\t<\/section>\n\t\t\t\t<section class=\"elementor-section elementor-top-section elementor-element elementor-element-181eea5 elementor-section-boxed elementor-section-height-default elementor-section-height-default\" data-id=\"181eea5\" data-element_type=\"section\" data-settings=\"{&quot;background_background&quot;:&quot;classic&quot;}\">\n\t\t\t\t\t\t\t<div class=\"elementor-background-overlay\"><\/div>\n\t\t\t\t\t\t\t<div class=\"elementor-container elementor-column-gap-default\">\n\t\t\t\t\t<div class=\"elementor-column elementor-col-16 elementor-top-column elementor-element elementor-element-764d993\" data-id=\"764d993\" data-element_type=\"column\">\n\t\t\t<div class=\"elementor-widget-wrap\">\n\t\t\t\t\t\t\t\t\t<\/div>\n\t\t<\/div>\n\t\t\t\t<div class=\"elementor-column elementor-col-66 elementor-top-column elementor-element elementor-element-25a2a2a\" data-id=\"25a2a2a\" data-element_type=\"column\">\n\t\t\t<div class=\"elementor-widget-wrap elementor-element-populated\">\n\t\t\t\t\t\t\t\t<div class=\"elementor-element elementor-element-be537b2 elementor-widget elementor-widget-heading\" data-id=\"be537b2\" data-element_type=\"widget\" data-widget_type=\"heading.default\">\n\t\t\t\t<div class=\"elementor-widget-container\">\n\t\t\t<h2 class=\"elementor-heading-title elementor-size-default\">Coordenadoria<\/h2>\t\t<\/div>\n\t\t\t\t<\/div>\n\t\t\t\t<div class=\"elementor-element elementor-element-4b008a6 elementor-widget elementor-widget-heading\" data-id=\"4b008a6\" data-element_type=\"widget\" data-widget_type=\"heading.default\">\n\t\t\t\t<div class=\"elementor-widget-container\">\n\t\t\t<h3 class=\"elementor-heading-title elementor-size-default\">Coordenadoria Geral<\/h3>\t\t<\/div>\n\t\t\t\t<\/div>\n\t\t\t\t<div class=\"elementor-element elementor-element-cc89105 elementor-widget elementor-widget-heading\" data-id=\"cc89105\" data-element_type=\"widget\" data-widget_type=\"heading.default\">\n\t\t\t\t<div class=\"elementor-widget-container\">\n\t\t\t<h4 class=\"elementor-heading-title elementor-size-default\">Andr\u00e9a Mara Macedo<\/h4>\t\t<\/div>\n\t\t\t\t<\/div>\n\t\t\t\t<div class=\"elementor-element elementor-element-530a559 elementor-widget elementor-widget-text-editor\" data-id=\"530a559\" data-element_type=\"widget\" data-widget_type=\"text-editor.default\">\n\t\t\t\t<div class=\"elementor-widget-container\">\n\t\t\t\t\t\t\t<p>Instituto de Ci\u00eancias Biol\u00f3gicas \/ UFMG<br \/>Departamento de Bioqu\u00edmica e Imunologia<\/p>\t\t\t\t\t\t<\/div>\n\t\t\t\t<\/div>\n\t\t\t\t<div class=\"elementor-element elementor-element-cb689d1 elementor-widget elementor-widget-heading\" data-id=\"cb689d1\" data-element_type=\"widget\" data-widget_type=\"heading.default\">\n\t\t\t\t<div class=\"elementor-widget-container\">\n\t\t\t<h3 class=\"elementor-heading-title elementor-size-default\">Sub-coordenadoria<\/h3>\t\t<\/div>\n\t\t\t\t<\/div>\n\t\t\t\t<div class=\"elementor-element elementor-element-a68d1c1 elementor-widget elementor-widget-heading\" data-id=\"a68d1c1\" data-element_type=\"widget\" data-widget_type=\"heading.default\">\n\t\t\t\t<div class=\"elementor-widget-container\">\n\t\t\t<h4 class=\"elementor-heading-title elementor-size-default\">Henrique C\u00e9sar Pereira Figueiredo<\/h4>\t\t<\/div>\n\t\t\t\t<\/div>\n\t\t\t\t<div class=\"elementor-element elementor-element-384b55f elementor-widget elementor-widget-text-editor\" data-id=\"384b55f\" data-element_type=\"widget\" data-widget_type=\"text-editor.default\">\n\t\t\t\t<div class=\"elementor-widget-container\">\n\t\t\t\t\t\t\t<p>Escola de Veterin\u00e1ria \/ UFMG<br \/>Departamento de Medicina Veterin\u00e1ria Preventiva<\/p>\t\t\t\t\t\t<\/div>\n\t\t\t\t<\/div>\n\t\t\t\t\t<\/div>\n\t\t<\/div>\n\t\t\t\t<div class=\"elementor-column elementor-col-16 elementor-top-column elementor-element elementor-element-cc588ba\" data-id=\"cc588ba\" data-element_type=\"column\">\n\t\t\t<div class=\"elementor-widget-wrap\">\n\t\t\t\t\t\t\t\t\t<\/div>\n\t\t<\/div>\n\t\t\t\t\t\t\t<\/div>\n\t\t<\/section>\n\t\t\t\t<section class=\"elementor-section elementor-top-section elementor-element elementor-element-2884597d elementor-section-boxed elementor-section-height-default elementor-section-height-default\" data-id=\"2884597d\" data-element_type=\"section\">\n\t\t\t\t\t\t<div class=\"elementor-container elementor-column-gap-default\">\n\t\t\t\t\t<div class=\"elementor-column elementor-col-100 elementor-top-column elementor-element elementor-element-c44288a\" data-id=\"c44288a\" data-element_type=\"column\">\n\t\t\t<div class=\"elementor-widget-wrap elementor-element-populated\">\n\t\t\t\t\t\t\t\t<section class=\"elementor-section elementor-inner-section elementor-element elementor-element-88c526e elementor-section-boxed elementor-section-height-default elementor-section-height-default\" data-id=\"88c526e\" data-element_type=\"section\" id=\"comites\">\n\t\t\t\t\t\t<div class=\"elementor-container elementor-column-gap-default\">\n\t\t\t\t\t<div class=\"elementor-column elementor-col-33 elementor-inner-column elementor-element elementor-element-2ebb555\" data-id=\"2ebb555\" data-element_type=\"column\">\n\t\t\t<div class=\"elementor-widget-wrap\">\n\t\t\t\t\t\t\t\t\t<\/div>\n\t\t<\/div>\n\t\t\t\t<div class=\"elementor-column elementor-col-33 elementor-inner-column elementor-element elementor-element-6ca063f\" data-id=\"6ca063f\" data-element_type=\"column\">\n\t\t\t<div class=\"elementor-widget-wrap elementor-element-populated\">\n\t\t\t\t\t\t\t\t<div class=\"elementor-element elementor-element-27df0ef elementor-widget elementor-widget-text-editor\" data-id=\"27df0ef\" data-element_type=\"widget\" data-widget_type=\"text-editor.default\">\n\t\t\t\t<div class=\"elementor-widget-container\">\n\t\t\t\t\t\t\t<h2>Comiss\u00e3o de usu\u00e1rios<\/h2><p>I- Thiago Verano Braga &#8211; Subcoordenador do Laborat\u00f3rio de Prote\u00f4mica (ICB\/UFMG)\u00a0<\/p><p>II- Ricardo Gon\u00e7alves &#8211; Subcoordenadora Laborat\u00f3rio de Citometria de Fluxo (ICB\/UFMG)<\/p><p>III- Luiz Eduardo Del Bem &#8211; Subcoordenador Laborat\u00f3rio de Gen\u00f4mica (ICB\/UFMG)\u00a0<\/p><p>IV- Lucas Bleicher &#8211; Subcoordenador Laborat\u00f3rio de Bioinform\u00e1tica (ICB\/UFMG)\u00a0<\/p><p>V- Renato Santana &#8211; Subcoordenador Laborat\u00f3rio NB3 (ICB\/UFMG)\u00a0<\/p><p>VI- Adriana Raabe Magalh\u00e3es \u2013 representante TAE\/CELAM (ICB\/UFMG)\u00a0<\/p><p>VII- D\u00e9bora Maria Abrantes Costa (Faculdade de Farm\u00e1cia\/UFMG)\u00a0<\/p><p>\u00a0<\/p>\t\t\t\t\t\t<\/div>\n\t\t\t\t<\/div>\n\t\t\t\t\t<\/div>\n\t\t<\/div>\n\t\t\t\t<div class=\"elementor-column elementor-col-33 elementor-inner-column elementor-element elementor-element-e5a0d28\" data-id=\"e5a0d28\" data-element_type=\"column\">\n\t\t\t<div class=\"elementor-widget-wrap\">\n\t\t\t\t\t\t\t\t\t<\/div>\n\t\t<\/div>\n\t\t\t\t\t\t\t<\/div>\n\t\t<\/section>\n\t\t\t\t<section class=\"elementor-section elementor-inner-section elementor-element elementor-element-29a78a22 elementor-section-boxed elementor-section-height-default elementor-section-height-default\" data-id=\"29a78a22\" data-element_type=\"section\">\n\t\t\t\t\t\t<div class=\"elementor-container elementor-column-gap-wider\">\n\t\t\t\t\t<div class=\"elementor-column elementor-col-50 elementor-inner-column elementor-element elementor-element-49269816\" data-id=\"49269816\" data-element_type=\"column\">\n\t\t\t<div class=\"elementor-widget-wrap elementor-element-populated\">\n\t\t\t\t\t\t\t\t<div class=\"elementor-element elementor-element-6913bbd4 elementor-widget elementor-widget-image\" data-id=\"6913bbd4\" data-element_type=\"widget\" data-widget_type=\"image.default\">\n\t\t\t\t<div class=\"elementor-widget-container\">\n\t\t\t<style>\/*! elementor - v3.5.6 - 28-02-2022 *\/\n.elementor-widget-image{text-align:center}.elementor-widget-image a{display:inline-block}.elementor-widget-image a img[src$=\".svg\"]{width:48px}.elementor-widget-image img{vertical-align:middle;display:inline-block}<\/style>\t\t\t\t\t\t\t\t\t\t\t\t<img width=\"355\" height=\"389\" src=\"https:\/\/sites.icb.ufmg.br\/celam\/wp-content\/uploads\/2021\/12\/icone-ufmg.svg\" class=\"attachment-full size-full\" alt=\"\" loading=\"lazy\" \/>\t\t\t\t\t\t\t\t\t\t\t\t\t\t\t<\/div>\n\t\t\t\t<\/div>\n\t\t\t\t\t<\/div>\n\t\t<\/div>\n\t\t\t\t<div class=\"elementor-column elementor-col-50 elementor-inner-column elementor-element elementor-element-73b463bd\" data-id=\"73b463bd\" data-element_type=\"column\">\n\t\t\t<div class=\"elementor-widget-wrap elementor-element-populated\">\n\t\t\t\t\t\t\t\t<div class=\"elementor-element elementor-element-534723f8 elementor-widget elementor-widget-text-editor\" data-id=\"534723f8\" data-element_type=\"widget\" data-widget_type=\"text-editor.default\">\n\t\t\t\t<div class=\"elementor-widget-container\">\n\t\t\t\t\t\t\t<h2>Fa\u00e7a seu agendamento<\/h2><p><span class=\"notion-enable-hover\" data-token-index=\"0\" data-reactroot=\"\">A diversidade de laborat\u00f3rios que comp\u00f5e o CELAM permite atender m\u00faltiplas demandas de outras institui\u00e7\u00f5es e mesmo empresas do setor privado. <\/span><\/p>\t\t\t\t\t\t<\/div>\n\t\t\t\t<\/div>\n\t\t\t\t<div class=\"elementor-element elementor-element-226c32e5 elementor-align-left elementor-widget elementor-widget-button\" data-id=\"226c32e5\" data-element_type=\"widget\" data-widget_type=\"button.default\">\n\t\t\t\t<div class=\"elementor-widget-container\">\n\t\t\t\t\t<div class=\"elementor-button-wrapper\">\n\t\t\t<a href=\"https:\/\/sites.icb.ufmg.br\/celam\/agendar\/\" class=\"elementor-button-link elementor-button elementor-size-md\" role=\"button\">\n\t\t\t\t\t\t<span class=\"elementor-button-content-wrapper\">\n\t\t\t\t\t\t<span class=\"elementor-button-icon elementor-align-icon-right\">\n\t\t\t\t<svg xmlns=\"http:\/\/www.w3.org\/2000\/svg\" width=\"13.81\" height=\"13.81\" viewBox=\"0 0 13.81 13.81\"><g transform=\"translate(0 0)\"><path d=\"M130.9,6479l-.991.962,5.253,5.252H124v1.381h11.167l-5.238,5.238.976.977,6.9-6.9L130.9,6479\" transform=\"translate(-124 -6479)\" fill=\"#eaeaea\" fill-rule=\"evenodd\"><\/path><\/g><\/svg>\t\t\t<\/span>\n\t\t\t\t\t\t<span class=\"elementor-button-text\">agendar<\/span>\n\t\t<\/span>\n\t\t\t\t\t<\/a>\n\t\t<\/div>\n\t\t\t\t<\/div>\n\t\t\t\t<\/div>\n\t\t\t\t\t<\/div>\n\t\t<\/div>\n\t\t\t\t\t\t\t<\/div>\n\t\t<\/section>\n\t\t\t\t\t<\/div>\n\t\t<\/div>\n\t\t\t\t\t\t\t<\/div>\n\t\t<\/section>\n\t\t\t\t\t\t<\/div>\n\t\t\t\t\t<\/div>\n\t\t","protected":false},"excerpt":{"rendered":"<p>O CELAM O Centro de Laborat\u00f3rios Multiusu\u00e1rios do ICB \u00e9 uma forma de acesso a m\u00e9todos e t\u00e9cnicas que utilizam equipamentos de \u00faltima gera\u00e7\u00e3o Atende a uma clientela vasta de pesquisadores do ICB, de v\u00e1rias outras unidades da UFMG, al\u00e9m de outras institui\u00e7\u00f5es de pesquisa de Belo Horizonte, do estado de Minas Gerais, de outros [&hellip;]<\/p>\n","protected":false},"author":1,"featured_media":0,"parent":0,"menu_order":0,"comment_status":"closed","ping_status":"closed","template":"","meta":{"inline_featured_image":false},"_links":{"self":[{"href":"https:\/\/sites.icb.ufmg.br\/celam\/wp-json\/wp\/v2\/pages\/18"}],"collection":[{"href":"https:\/\/sites.icb.ufmg.br\/celam\/wp-json\/wp\/v2\/pages"}],"about":[{"href":"https:\/\/sites.icb.ufmg.br\/celam\/wp-json\/wp\/v2\/types\/page"}],"author":[{"embeddable":true,"href":"https:\/\/sites.icb.ufmg.br\/celam\/wp-json\/wp\/v2\/users\/1"}],"replies":[{"embeddable":true,"href":"https:\/\/sites.icb.ufmg.br\/celam\/wp-json\/wp\/v2\/comments?post=18"}],"version-history":[{"count":64,"href":"https:\/\/sites.icb.ufmg.br\/celam\/wp-json\/wp\/v2\/pages\/18\/revisions"}],"predecessor-version":[{"id":617,"href":"https:\/\/sites.icb.ufmg.br\/celam\/wp-json\/wp\/v2\/pages\/18\/revisions\/617"}],"wp:attachment":[{"href":"https:\/\/sites.icb.ufmg.br\/celam\/wp-json\/wp\/v2\/media?parent=18"}],"curies":[{"name":"wp","href":"https:\/\/api.w.org\/{rel}","templated":true}]}}