{"id":14,"date":"2021-06-21T14:20:54","date_gmt":"2021-06-21T17:20:54","guid":{"rendered":"http:\/\/localhost\/wordpress1\/?page_id=14"},"modified":"2024-12-20T19:36:54","modified_gmt":"2024-12-20T22:36:54","slug":"sobre","status":"publish","type":"page","link":"https:\/\/sites.icb.ufmg.br\/labnano\/sobre\/","title":{"rendered":"Sobre"},"content":{"rendered":"\t\t<div data-elementor-type=\"wp-page\" data-elementor-id=\"14\" class=\"elementor elementor-14\">\n\t\t\t\t\t\t<section class=\"elementor-section elementor-top-section elementor-element elementor-element-124a943 elementor-section-full_width elementor-section-height-default elementor-section-height-default\" data-id=\"124a943\" data-element_type=\"section\" data-settings=\"{&quot;background_background&quot;:&quot;classic&quot;}\">\n\t\t\t\t\t\t<div class=\"elementor-container elementor-column-gap-default\">\n\t\t\t\t\t<div class=\"elementor-column elementor-col-100 elementor-top-column elementor-element elementor-element-2a68ebc\" data-id=\"2a68ebc\" data-element_type=\"column\" data-settings=\"{&quot;background_background&quot;:&quot;classic&quot;}\">\n\t\t\t<div class=\"elementor-widget-wrap\">\n\t\t\t\t\t<div class=\"elementor-background-overlay\"><\/div>\n\t\t\t\t\t\t\t<\/div>\n\t\t<\/div>\n\t\t\t\t\t<\/div>\n\t\t<\/section>\n\t\t\t\t<section class=\"elementor-section elementor-top-section elementor-element elementor-element-f2872b9 elementor-section-boxed elementor-section-height-default elementor-section-height-default\" data-id=\"f2872b9\" data-element_type=\"section\">\n\t\t\t\t\t\t<div class=\"elementor-container elementor-column-gap-default\">\n\t\t\t\t\t<div class=\"elementor-column elementor-col-50 elementor-top-column elementor-element elementor-element-62c2043\" data-id=\"62c2043\" data-element_type=\"column\">\n\t\t\t<div class=\"elementor-widget-wrap elementor-element-populated\">\n\t\t\t\t\t\t<div class=\"elementor-element elementor-element-ab3f007 elementor-widget elementor-widget-heading\" data-id=\"ab3f007\" data-element_type=\"widget\" data-widget_type=\"heading.default\">\n\t\t\t\t\t<h2 class=\"elementor-heading-title elementor-size-default\">Sobre a LabNano<\/h2>\t\t\t\t<\/div>\n\t\t\t\t<div class=\"elementor-element elementor-element-4345ce8 elementor-widget elementor-widget-image\" data-id=\"4345ce8\" data-element_type=\"widget\" data-widget_type=\"image.default\">\n\t\t\t\t\t\t\t\t\t\t\t\t\t\t\t<img fetchpriority=\"high\" decoding=\"async\" width=\"400\" height=\"400\" src=\"https:\/\/sites.icb.ufmg.br\/labnano\/wp-content\/uploads\/2024\/12\/wired-outline-21-avatar-hover-jumping.gif\" class=\"attachment-large size-large wp-image-1895\" alt=\"\" \/>\t\t\t\t\t\t\t\t\t\t\t\t\t\t\t<\/div>\n\t\t\t\t<div class=\"elementor-element elementor-element-b3b1240 elementor-widget-divider--view-line elementor-widget elementor-widget-divider\" data-id=\"b3b1240\" data-element_type=\"widget\" data-widget_type=\"divider.default\">\n\t\t\t\t\t\t\t<div class=\"elementor-divider\">\n\t\t\t<span class=\"elementor-divider-separator\">\n\t\t\t\t\t\t<\/span>\n\t\t<\/div>\n\t\t\t\t\t\t<\/div>\n\t\t\t\t<div class=\"elementor-element elementor-element-a021b0e elementor-widget elementor-widget-text-editor\" data-id=\"a021b0e\" data-element_type=\"widget\" data-widget_type=\"text-editor.default\">\n\t\t\t\t\t\t\t\t\t<p><strong>LABNANO: Inova\u00e7\u00e3o em Nanotecnologia para a Sa\u00fade.<\/strong><\/p><p>O LABNANO \u00e9 um laborat\u00f3rio de pesquisa dedicado ao desenvolvimento de solu\u00e7\u00f5es nanotecnol\u00f3gicas inovadoras para a sa\u00fade, com foco em sistemas de libera\u00e7\u00e3o de f\u00e1rmacos e \u00e1cidos nucleicos. Atuando de forma interdisciplinar, o laborat\u00f3rio busca enfrentar desafios biom\u00e9dicos complexos e avan\u00e7ar no desenvolvimento de terapias gen\u00e9ticas, incluindo vacinas de mRNA e CAR T-cells.<\/p><p>Com a miss\u00e3o de ser uma refer\u00eancia em pesquisa translacional, o LABNANO trabalha para criar tratamentos mais eficazes, acess\u00edveis e seguros. O laborat\u00f3rio investe no desenvolvimento cient\u00edfico e tecnol\u00f3gico, formando profissionais altamente qualificados e estabelecendo colabora\u00e7\u00f5es estrat\u00e9gicas com pesquisadores nacionais e internacionais.<\/p><p>Com um olhar voltado para o futuro, o LABNANO aspira ampliar o impacto de suas inova\u00e7\u00f5es, transferindo tecnologias para o mercado global e contribuindo para melhorias significativas na \u00e1rea da sa\u00fade. O laborat\u00f3rio reafirma seu compromisso com a ci\u00eancia de alto impacto e com a cria\u00e7\u00e3o de solu\u00e7\u00f5es pioneiras para os grandes desafios biom\u00e9dicos.<\/p>\t\t\t\t\t\t\t\t<\/div>\n\t\t\t\t\t<\/div>\n\t\t<\/div>\n\t\t\t\t<div class=\"elementor-column elementor-col-50 elementor-top-column elementor-element elementor-element-9cac947\" data-id=\"9cac947\" data-element_type=\"column\">\n\t\t\t<div class=\"elementor-widget-wrap elementor-element-populated\">\n\t\t\t\t\t\t<div class=\"elementor-element elementor-element-05b944c elementor-widget elementor-widget-image\" data-id=\"05b944c\" data-element_type=\"widget\" data-widget_type=\"image.default\">\n\t\t\t\t\t\t\t\t\t\t\t\t\t\t\t<img decoding=\"async\" width=\"800\" height=\"600\" src=\"https:\/\/sites.icb.ufmg.br\/labnano\/wp-content\/uploads\/2021\/09\/IMG_7891-1024x768.jpg\" class=\"attachment-large size-large wp-image-652\" alt=\"\" srcset=\"https:\/\/sites.icb.ufmg.br\/labnano\/wp-content\/uploads\/2021\/09\/IMG_7891-1024x768.jpg 1024w, https:\/\/sites.icb.ufmg.br\/labnano\/wp-content\/uploads\/2021\/09\/IMG_7891-300x225.jpg 300w, https:\/\/sites.icb.ufmg.br\/labnano\/wp-content\/uploads\/2021\/09\/IMG_7891-768x576.jpg 768w, https:\/\/sites.icb.ufmg.br\/labnano\/wp-content\/uploads\/2021\/09\/IMG_7891-1536x1152.jpg 1536w, https:\/\/sites.icb.ufmg.br\/labnano\/wp-content\/uploads\/2021\/09\/IMG_7891-2048x1536.jpg 2048w, https:\/\/sites.icb.ufmg.br\/labnano\/wp-content\/uploads\/2021\/09\/IMG_7891-scaled-e1633045807190.jpg 1920w\" sizes=\"(max-width: 800px) 100vw, 800px\" \/>\t\t\t\t\t\t\t\t\t\t\t\t\t\t\t<\/div>\n\t\t\t\t<section class=\"elementor-section elementor-inner-section elementor-element elementor-element-c51f727 elementor-section-boxed elementor-section-height-default elementor-section-height-default\" data-id=\"c51f727\" data-element_type=\"section\" data-settings=\"{&quot;background_background&quot;:&quot;classic&quot;}\">\n\t\t\t\t\t\t<div class=\"elementor-container elementor-column-gap-default\">\n\t\t\t\t\t<div class=\"elementor-column elementor-col-100 elementor-inner-column elementor-element elementor-element-bf47dd7\" data-id=\"bf47dd7\" data-element_type=\"column\">\n\t\t\t<div class=\"elementor-widget-wrap elementor-element-populated\">\n\t\t\t\t\t\t<div class=\"elementor-element elementor-element-ff70c77 elementor-position-left elementor-vertical-align-middle elementor-view-default elementor-mobile-position-top elementor-widget elementor-widget-icon-box\" data-id=\"ff70c77\" data-element_type=\"widget\" data-widget_type=\"icon-box.default\">\n\t\t\t\t\t\t\t<div class=\"elementor-icon-box-wrapper\">\n\n\t\t\t\t\t\t<div class=\"elementor-icon-box-icon\">\n\t\t\t\t<span  class=\"elementor-icon\">\n\t\t\t\t<i aria-hidden=\"true\" class=\"fas fa-users\"><\/i>\t\t\t\t<\/span>\n\t\t\t<\/div>\n\t\t\t\n\t\t\t\t\t\t<div class=\"elementor-icon-box-content\">\n\n\t\t\t\t\n\t\t\t\t\t\t\t\t\t<p class=\"elementor-icon-box-description\">\n\t\t\t\t\t\tTime LabNano - UFMG\t\t\t\t\t<\/p>\n\t\t\t\t\n\t\t\t<\/div>\n\t\t\t\n\t\t<\/div>\n\t\t\t\t\t\t<\/div>\n\t\t\t\t\t<\/div>\n\t\t<\/div>\n\t\t\t\t\t<\/div>\n\t\t<\/section>\n\t\t\t\t\t<\/div>\n\t\t<\/div>\n\t\t\t\t\t<\/div>\n\t\t<\/section>\n\t\t\t\t<section class=\"elementor-section elementor-top-section elementor-element elementor-element-66d7b57 elementor-section-boxed elementor-section-height-default elementor-section-height-default\" data-id=\"66d7b57\" data-element_type=\"section\">\n\t\t\t\t\t\t<div class=\"elementor-container elementor-column-gap-default\">\n\t\t\t\t\t<div class=\"elementor-column elementor-col-100 elementor-top-column elementor-element elementor-element-56f5b34\" data-id=\"56f5b34\" data-element_type=\"column\">\n\t\t\t<div class=\"elementor-widget-wrap elementor-element-populated\">\n\t\t\t\t\t\t<div class=\"elementor-element elementor-element-6e65d1e elementor-widget elementor-widget-heading\" data-id=\"6e65d1e\" data-element_type=\"widget\" data-widget_type=\"heading.default\">\n\t\t\t\t\t<h2 class=\"elementor-heading-title elementor-size-default\">O que dizem sobre a Labnano<\/h2>\t\t\t\t<\/div>\n\t\t\t\t\t<\/div>\n\t\t<\/div>\n\t\t\t\t\t<\/div>\n\t\t<\/section>\n\t\t\t\t<section class=\"elementor-section elementor-top-section elementor-element elementor-element-e6da5a8 elementor-section-boxed elementor-section-height-default elementor-section-height-default\" data-id=\"e6da5a8\" data-element_type=\"section\" data-settings=\"{&quot;background_background&quot;:&quot;classic&quot;}\">\n\t\t\t\t\t\t<div class=\"elementor-container elementor-column-gap-default\">\n\t\t\t\t\t<div class=\"elementor-column elementor-col-100 elementor-top-column elementor-element elementor-element-580b223\" data-id=\"580b223\" data-element_type=\"column\">\n\t\t\t<div class=\"elementor-widget-wrap elementor-element-populated\">\n\t\t\t\t\t\t<div class=\"elementor-element elementor-element-0294ed5 elementor-widget elementor-widget-shortcode\" data-id=\"0294ed5\" data-element_type=\"widget\" data-widget_type=\"shortcode.default\">\n\t\t\t\t\t\t\t<div class=\"elementor-shortcode\"><div class=\" ti-widget \" data-layout-id=\"36\" data-layout-category=\"slider\" data-set-id=\"light-background\" data-pid=\"\" data-language=\"pt\" data-close-locale=\"Fechar\" data-review-target-width=\"300\" data-css-version=\"2\" data-review-text-mode=\"readmore\" data-reply-by-locale=\"Resposta do propriet\u00e1rio\" data-only-rating-locale=\"Este usu\u00e1rio deixou apenas uma avalia\u00e7\u00e3o.\" data-pager-autoplay-timeout=\"6\" > <div class=\"ti-widget-container ti-col-3\"> <div class=\"ti-reviews-container\"> <div class=\"ti-controls\"> <div class=\"ti-next\" aria-label=\"Pr\u00f3xima avalia\u00e7\u00e3o\" role=\"button\" tabindex=\"0\"><\/div> <div class=\"ti-prev\" aria-label=\"Avalia\u00e7\u00e3o anterior\" role=\"button\" tabindex=\"0\"><\/div> <\/div> <div class=\"ti-reviews-container-wrapper\">  <div class=\"ti-review-item source-Testimonials ti-image-layout-thumbnail\" data-platform-page-url=\"\" data-time=\"\" data-id=\"cfcd208495d565ef66e7dff9f98764da\" data-language=\"\" data-rating=\"5\" data-max-rating=\"5\" > <div class=\"ti-inner\"> <div class=\"ti-review-header\">  <div class=\"ti-profile-img\"> <img decoding=\"async\" src=\"https:\/\/sites.icb.ufmg.br\/labnano\/wp-content\/uploads\/2024\/12\/WhatsApp-Image-2024-12-10-at-18.24.46.jpeg\" srcset=\"https:\/\/sites.icb.ufmg.br\/labnano\/wp-content\/uploads\/2024\/12\/WhatsApp-Image-2024-12-10-at-18.24.46.jpeg 2x\" alt=\"Ana Paula profile picture\" loading=\"lazy\" \/> <\/div> <div class=\"ti-profile-details\"> <div class=\"ti-name\"> Ana Paula <\/div> <div class=\"ti-date\">P\u00f3s- Doutorado<\/div> <\/div> <\/div> <span class=\"ti-stars\"><img loading=\"lazy\" decoding=\"async\" class=\"ti-star\" src=\"https:\/\/cdn.trustindex.io\/assets\/platform\/Google\/star\/f.svg\" alt=\"Google\" width=\"17\" height=\"17\" loading=\"lazy\" \/><img loading=\"lazy\" decoding=\"async\" class=\"ti-star\" src=\"https:\/\/cdn.trustindex.io\/assets\/platform\/Google\/star\/f.svg\" alt=\"Google\" width=\"17\" height=\"17\" loading=\"lazy\" \/><img loading=\"lazy\" decoding=\"async\" class=\"ti-star\" src=\"https:\/\/cdn.trustindex.io\/assets\/platform\/Google\/star\/f.svg\" alt=\"Google\" width=\"17\" height=\"17\" loading=\"lazy\" \/><img loading=\"lazy\" decoding=\"async\" class=\"ti-star\" src=\"https:\/\/cdn.trustindex.io\/assets\/platform\/Google\/star\/f.svg\" alt=\"Google\" width=\"17\" height=\"17\" loading=\"lazy\" \/><img loading=\"lazy\" decoding=\"async\" class=\"ti-star\" src=\"https:\/\/cdn.trustindex.io\/assets\/platform\/Google\/star\/f.svg\" alt=\"Google\" width=\"17\" height=\"17\" loading=\"lazy\" \/><\/span> <div class=\"ti-review-text-container ti-review-content\"><!-- R-CONTENT --><em>\"O ambiente de trabalho \u00e9 din\u00e2mico e desafiador, marcado pela constante busca por solu\u00e7\u00f5es inovadoras para problemas complexos. A integra\u00e7\u00e3o entre bioinform\u00e1tica, biologia molecular e engenharia qu\u00edmica promove colabora\u00e7\u00e3o interdisciplinar e aprendizado cont\u00ednuo, enquanto o uso de tecnologias avan\u00e7adas e grandes volumes de dados impulsiona a cria\u00e7\u00e3o de terapias de \u00faltima gera\u00e7\u00e3o. Combinando criatividade, precis\u00e3o t\u00e9cnica e um compromisso \u00e9tico, o espa\u00e7o favorece a inova\u00e7\u00e3o e o impacto positivo na ci\u00eancia e na sociedade.\"<\/em><!-- R-CONTENT --><\/div> <span class=\"ti-read-more\" data-container=\".ti-review-content\" data-collapse-text=\"Esconder\" data-open-text=\"Leia mais\" ><\/span> <\/div> <\/div>  <div class=\"ti-review-item source-Testimonials ti-image-layout-thumbnail\" data-platform-page-url=\"\" data-time=\"\" data-id=\"cfcd208495d565ef66e7dff9f98764da\" data-language=\"\" data-rating=\"5\" data-max-rating=\"5\" > <div class=\"ti-inner\"> <div class=\"ti-review-header\">  <div class=\"ti-profile-img\"> <img decoding=\"async\" src=\"https:\/\/sites.icb.ufmg.br\/labnano\/wp-content\/uploads\/2024\/12\/WhatsApp-Image-2024-12-10-at-18.28.17.jpeg\" srcset=\"https:\/\/sites.icb.ufmg.br\/labnano\/wp-content\/uploads\/2024\/12\/WhatsApp-Image-2024-12-10-at-18.28.17.jpeg 2x\" alt=\"La\u00eds Gomes Ramos profile picture\" loading=\"lazy\" \/> <\/div> <div class=\"ti-profile-details\"> <div class=\"ti-name\"> La\u00eds Gomes Ramos <\/div> <div class=\"ti-date\">P\u00f3s- Doutorado<\/div> <\/div> <\/div> <span class=\"ti-stars\"><img loading=\"lazy\" decoding=\"async\" class=\"ti-star\" src=\"https:\/\/cdn.trustindex.io\/assets\/platform\/Google\/star\/f.svg\" alt=\"Google\" width=\"17\" height=\"17\" loading=\"lazy\" \/><img loading=\"lazy\" decoding=\"async\" class=\"ti-star\" src=\"https:\/\/cdn.trustindex.io\/assets\/platform\/Google\/star\/f.svg\" alt=\"Google\" width=\"17\" height=\"17\" loading=\"lazy\" \/><img loading=\"lazy\" decoding=\"async\" class=\"ti-star\" src=\"https:\/\/cdn.trustindex.io\/assets\/platform\/Google\/star\/f.svg\" alt=\"Google\" width=\"17\" height=\"17\" loading=\"lazy\" \/><img loading=\"lazy\" decoding=\"async\" class=\"ti-star\" src=\"https:\/\/cdn.trustindex.io\/assets\/platform\/Google\/star\/f.svg\" alt=\"Google\" width=\"17\" height=\"17\" loading=\"lazy\" \/><img loading=\"lazy\" decoding=\"async\" class=\"ti-star\" src=\"https:\/\/cdn.trustindex.io\/assets\/platform\/Google\/star\/f.svg\" alt=\"Google\" width=\"17\" height=\"17\" loading=\"lazy\" \/><\/span> <div class=\"ti-review-text-container ti-review-content\"><!-- R-CONTENT --><em>\"Mesmo com apenas dois meses no grupo, j\u00e1 tive a oportunidade de perceber o potencial inovador e a excel\u00eancia que definem essa equipe. Desde o in\u00edcio, fui recebida de forma extremamente acolhedora e receptiva, o que tornou a integra\u00e7\u00e3o ao trabalho ainda mais especial. \u00c9 inspirador participar de um grupo cujos trabalhos t\u00eam grande relev\u00e2ncia para a comunidade acad\u00eamica. Estou empenhada em contribuir para fortalecer os importantes avan\u00e7os cient\u00edficos alcan\u00e7ados pelo Labnano.\"<\/em><!-- R-CONTENT --><\/div> <span class=\"ti-read-more\" data-container=\".ti-review-content\" data-collapse-text=\"Esconder\" data-open-text=\"Leia mais\" ><\/span> <\/div> <\/div>  <div class=\"ti-review-item source-Testimonials ti-image-layout-thumbnail\" data-platform-page-url=\"\" data-time=\"\" data-id=\"cfcd208495d565ef66e7dff9f98764da\" data-language=\"\" data-rating=\"5\" data-max-rating=\"5\" > <div class=\"ti-inner\"> <div class=\"ti-review-header\">  <div class=\"ti-profile-img\"> <img decoding=\"async\" src=\"https:\/\/sites.icb.ufmg.br\/labnano\/wp-content\/uploads\/2024\/12\/WhatsApp-Image-2024-12-11-at-10.25.25-1.jpeg\" srcset=\"https:\/\/sites.icb.ufmg.br\/labnano\/wp-content\/uploads\/2024\/12\/WhatsApp-Image-2024-12-11-at-10.25.25-1.jpeg 2x\" alt=\"Gabriel Azevedo profile picture\" loading=\"lazy\" \/> <\/div> <div class=\"ti-profile-details\"> <div class=\"ti-name\"> Gabriel Azevedo <\/div> <div class=\"ti-date\">Inicia\u00e7\u00e3o Cient\u00edfica<\/div> <\/div> <\/div> <span class=\"ti-stars\"><img loading=\"lazy\" decoding=\"async\" class=\"ti-star\" src=\"https:\/\/cdn.trustindex.io\/assets\/platform\/Google\/star\/f.svg\" alt=\"Google\" width=\"17\" height=\"17\" loading=\"lazy\" \/><img loading=\"lazy\" decoding=\"async\" class=\"ti-star\" src=\"https:\/\/cdn.trustindex.io\/assets\/platform\/Google\/star\/f.svg\" alt=\"Google\" width=\"17\" height=\"17\" loading=\"lazy\" \/><img loading=\"lazy\" decoding=\"async\" class=\"ti-star\" src=\"https:\/\/cdn.trustindex.io\/assets\/platform\/Google\/star\/f.svg\" alt=\"Google\" width=\"17\" height=\"17\" loading=\"lazy\" \/><img loading=\"lazy\" decoding=\"async\" class=\"ti-star\" src=\"https:\/\/cdn.trustindex.io\/assets\/platform\/Google\/star\/f.svg\" alt=\"Google\" width=\"17\" height=\"17\" loading=\"lazy\" \/><img loading=\"lazy\" decoding=\"async\" class=\"ti-star\" src=\"https:\/\/cdn.trustindex.io\/assets\/platform\/Google\/star\/f.svg\" alt=\"Google\" width=\"17\" height=\"17\" loading=\"lazy\" \/><\/span> <div class=\"ti-review-text-container ti-review-content\"><!-- R-CONTENT --><em>\"Desde meu ingresso como aluno de inicia\u00e7\u00e3o cient\u00edfica, percebi que o LabNano \u00e9 um laborat\u00f3rio extremamente receptivo, onde os alunos sempre s\u00e3o muito pacientes e dispostos para ensinar e discutir ci\u00eancia. Esse ambiente colaborativo torna o trabalho di\u00e1rio mais agrad\u00e1vel e enriquecedor, com diversas oportunidades de aprendizado em novas t\u00e9cnicas e equipamentos.\"<\/em><!-- R-CONTENT --><\/div> <span class=\"ti-read-more\" data-container=\".ti-review-content\" data-collapse-text=\"Esconder\" data-open-text=\"Leia mais\" ><\/span> <\/div> <\/div>  <div class=\"ti-review-item source-Testimonials ti-image-layout-thumbnail\" data-platform-page-url=\"\" data-time=\"\" data-id=\"cfcd208495d565ef66e7dff9f98764da\" data-language=\"\" data-rating=\"5\" data-max-rating=\"5\" > <div class=\"ti-inner\"> <div class=\"ti-review-header\">  <div class=\"ti-profile-img\"> <img decoding=\"async\" src=\"https:\/\/sites.icb.ufmg.br\/labnano\/wp-content\/uploads\/2024\/12\/WhatsApp-Image-2024-12-13-at-13.56.06.jpeg\" srcset=\"https:\/\/sites.icb.ufmg.br\/labnano\/wp-content\/uploads\/2024\/12\/WhatsApp-Image-2024-12-13-at-13.56.06.jpeg 2x\" alt=\"Let\u00edcia Fujii profile picture\" loading=\"lazy\" \/> <\/div> <div class=\"ti-profile-details\"> <div class=\"ti-name\"> Let\u00edcia Fujii <\/div> <div class=\"ti-date\">Inicia\u00e7\u00e3o Cient\u00edfica<\/div> <\/div> <\/div> <span class=\"ti-stars\"><img loading=\"lazy\" decoding=\"async\" class=\"ti-star\" src=\"https:\/\/cdn.trustindex.io\/assets\/platform\/Google\/star\/f.svg\" alt=\"Google\" width=\"17\" height=\"17\" loading=\"lazy\" \/><img loading=\"lazy\" decoding=\"async\" class=\"ti-star\" src=\"https:\/\/cdn.trustindex.io\/assets\/platform\/Google\/star\/f.svg\" alt=\"Google\" width=\"17\" height=\"17\" loading=\"lazy\" \/><img loading=\"lazy\" decoding=\"async\" class=\"ti-star\" src=\"https:\/\/cdn.trustindex.io\/assets\/platform\/Google\/star\/f.svg\" alt=\"Google\" width=\"17\" height=\"17\" loading=\"lazy\" \/><img loading=\"lazy\" decoding=\"async\" class=\"ti-star\" src=\"https:\/\/cdn.trustindex.io\/assets\/platform\/Google\/star\/f.svg\" alt=\"Google\" width=\"17\" height=\"17\" loading=\"lazy\" \/><img loading=\"lazy\" decoding=\"async\" class=\"ti-star\" src=\"https:\/\/cdn.trustindex.io\/assets\/platform\/Google\/star\/f.svg\" alt=\"Google\" width=\"17\" height=\"17\" loading=\"lazy\" \/><\/span> <div class=\"ti-review-text-container ti-review-content\"><!-- R-CONTENT --><em>\"Tenho muito orgulho de fazer parte do Labnano, onde iniciei minhas atividades em abril de 2023. Durante esse per\u00edodo, descobri novas possibilidades dentro do meu curso, o que tem me motivado a estudar mais e a me dedicar ainda mais \u00e0 pesquisa. Participar do desenvolvimento de projetos inovadores e desafiadores tem sido uma grande fonte de inspira\u00e7\u00e3o. Al\u00e9m disso, dividir esse tempo com meus colegas tem tornado a experi\u00eancia ainda mais enriquecedora e divertida.\"<\/em><!-- R-CONTENT --><\/div> <span class=\"ti-read-more\" data-container=\".ti-review-content\" data-collapse-text=\"Esconder\" data-open-text=\"Leia mais\" ><\/span> <\/div> <\/div>  <\/div> <div class=\"ti-controls-line\"> <div class=\"dot\"><\/div> <\/div> <\/div> <div class=\"ti-footer\">  <\/div> <div class=\"ti-footer-filter-text\"><!-- FOOTER FILTER TEXT --><\/div>  <\/div> <\/div> <\/div>\n\t\t\t\t\t\t<\/div>\n\t\t\t\t\t<\/div>\n\t\t<\/div>\n\t\t\t\t\t<\/div>\n\t\t<\/section>\n\t\t\t\t<\/div>\n\t\t","protected":false},"excerpt":{"rendered":"<p>Sobre a LabNano LABNANO: Inova\u00e7\u00e3o em Nanotecnologia para a Sa\u00fade. O LABNANO \u00e9 um laborat\u00f3rio de pesquisa dedicado ao desenvolvimento de solu\u00e7\u00f5es nanotecnol\u00f3gicas inovadoras para a sa\u00fade, com foco em sistemas de libera\u00e7\u00e3o de f\u00e1rmacos e \u00e1cidos nucleicos. Atuando de forma interdisciplinar, o laborat\u00f3rio busca enfrentar desafios biom\u00e9dicos complexos e avan\u00e7ar no desenvolvimento de terapias [&hellip;]<\/p>\n","protected":false},"author":2,"featured_media":0,"parent":0,"menu_order":0,"comment_status":"closed","ping_status":"closed","template":"","meta":{"footnotes":""},"class_list":["post-14","page","type-page","status-publish","hentry"],"_links":{"self":[{"href":"https:\/\/sites.icb.ufmg.br\/labnano\/wp-json\/wp\/v2\/pages\/14","targetHints":{"allow":["GET"]}}],"collection":[{"href":"https:\/\/sites.icb.ufmg.br\/labnano\/wp-json\/wp\/v2\/pages"}],"about":[{"href":"https:\/\/sites.icb.ufmg.br\/labnano\/wp-json\/wp\/v2\/types\/page"}],"author":[{"embeddable":true,"href":"https:\/\/sites.icb.ufmg.br\/labnano\/wp-json\/wp\/v2\/users\/2"}],"replies":[{"embeddable":true,"href":"https:\/\/sites.icb.ufmg.br\/labnano\/wp-json\/wp\/v2\/comments?post=14"}],"version-history":[{"count":133,"href":"https:\/\/sites.icb.ufmg.br\/labnano\/wp-json\/wp\/v2\/pages\/14\/revisions"}],"predecessor-version":[{"id":3487,"href":"https:\/\/sites.icb.ufmg.br\/labnano\/wp-json\/wp\/v2\/pages\/14\/revisions\/3487"}],"wp:attachment":[{"href":"https:\/\/sites.icb.ufmg.br\/labnano\/wp-json\/wp\/v2\/media?parent=14"}],"curies":[{"name":"wp","href":"https:\/\/api.w.org\/{rel}","templated":true}]}}