{"id":1145,"date":"2024-06-04T14:56:19","date_gmt":"2024-06-04T17:56:19","guid":{"rendered":"https:\/\/sites.icb.ufmg.br\/labtaxo\/?page_id=1145"},"modified":"2025-04-01T15:48:16","modified_gmt":"2025-04-01T18:48:16","slug":"as-leveduras","status":"publish","type":"page","link":"https:\/\/sites.icb.ufmg.br\/labtaxo\/as-leveduras\/","title":{"rendered":"Leveduras"},"content":{"rendered":"\t\t<div data-elementor-type=\"wp-page\" data-elementor-id=\"1145\" class=\"elementor elementor-1145\" data-elementor-post-type=\"page\">\n\t\t\t\t<div class=\"elementor-element elementor-element-5e30a6c9 e-flex e-con-boxed e-con e-parent\" data-id=\"5e30a6c9\" data-element_type=\"container\">\n\t\t\t\t\t<div class=\"e-con-inner\">\n\t\t<div class=\"elementor-element elementor-element-5f920190 e-con-full e-flex e-con e-child\" data-id=\"5f920190\" data-element_type=\"container\">\n\t\t\t\t<div class=\"elementor-element elementor-element-117b65cd elementor-widget elementor-widget-text-editor\" data-id=\"117b65cd\" data-element_type=\"widget\" data-widget_type=\"text-editor.default\">\n\t\t\t\t<div class=\"elementor-widget-container\">\n\t\t\t\t\t\t\t\t\t<p>Sabe o fermento que a gente usa para fazer p\u00e3o ou o famoso \u201csapinho\u201d que a gente v\u00ea na boca das crian\u00e7as? Pois \u00e9. S\u00e3o leveduras.<\/p>\t\t\t\t\t\t\t\t<\/div>\n\t\t\t\t<\/div>\n\t\t\t\t<\/div>\n\t\t<div class=\"elementor-element elementor-element-7a927fb0 e-con-full e-flex e-con e-child\" data-id=\"7a927fb0\" data-element_type=\"container\">\n\t\t\t\t<div class=\"elementor-element elementor-element-754f0b6b menu-interno elementor-widget elementor-widget-text-editor\" data-id=\"754f0b6b\" data-element_type=\"widget\" data-widget_type=\"text-editor.default\">\n\t\t\t\t<div class=\"elementor-widget-container\">\n\t\t\t\t\t\t\t\t\t<p><strong>NESTA P\u00c1GINA<\/strong><\/p><ul><li><a href=\"#leveduras\">O QUE S\u00c3O LEVEDURAS<\/a><\/li><li><a href=\"#paes-cervejas\">P\u00c3ES E CERVEJAS<\/a><\/li><li><a href=\"#superalimento\">SUPERALIMENTO<\/a><\/li><li><a href=\"#videos\">V\u00cdDEOS<\/a>\u00a0<\/li><\/ul>\t\t\t\t\t\t\t\t<\/div>\n\t\t\t\t<\/div>\n\t\t\t\t<\/div>\n\t\t\t\t\t<\/div>\n\t\t\t\t<\/div>\n\t\t<div class=\"elementor-element elementor-element-f06c464 e-flex e-con-boxed e-con e-parent\" data-id=\"f06c464\" data-element_type=\"container\" id=\"leveduras\">\n\t\t\t\t\t<div class=\"e-con-inner\">\n\t\t<div class=\"elementor-element elementor-element-f5cf519 e-con-full e-flex e-con e-child\" data-id=\"f5cf519\" data-element_type=\"container\">\n\t\t\t\t<div class=\"elementor-element elementor-element-9ff8818 elementor-widget elementor-widget-heading\" data-id=\"9ff8818\" data-element_type=\"widget\" data-widget_type=\"heading.default\">\n\t\t\t\t<div class=\"elementor-widget-container\">\n\t\t\t\t\t<h2 class=\"elementor-heading-title elementor-size-default\">o que s\u00e3o \nleveduras<\/h2>\t\t\t\t<\/div>\n\t\t\t\t<\/div>\n\t\t\t\t<\/div>\n\t\t<div class=\"elementor-element elementor-element-dcd6d39 e-con-full e-flex e-con e-child\" data-id=\"dcd6d39\" data-element_type=\"container\">\n\t\t\t\t<div class=\"elementor-element elementor-element-eef3eb2 elementor-widget elementor-widget-text-editor\" data-id=\"eef3eb2\" data-element_type=\"widget\" data-widget_type=\"text-editor.default\">\n\t\t\t\t<div class=\"elementor-widget-container\">\n\t\t\t\t\t\t\t\t\t<p>As leveduras s\u00e3o fungos, pequenos organismos, geralmente, de uma c\u00e9lula s\u00f3. Podem ser encontradas no solo, na \u00e1gua, em animais e plantas podres, e at\u00e9 no corpo humano.<\/p>\t\t\t\t\t\t\t\t<\/div>\n\t\t\t\t<\/div>\n\t\t\t\t<div class=\"elementor-element elementor-element-33d5a95 elementor-widget elementor-widget-image-gallery\" data-id=\"33d5a95\" data-element_type=\"widget\" data-widget_type=\"image-gallery.default\">\n\t\t\t\t<div class=\"elementor-widget-container\">\n\t\t\t\t\t\t\t<div class=\"elementor-image-gallery\">\n\t\t\t<div id='gallery-1' class='gallery galleryid-1145 gallery-columns-3 gallery-size-custom-size'><figure class='gallery-item'>\n\t\t\t<div class='gallery-icon landscape'>\n\t\t\t\t<a data-elementor-open-lightbox=\"yes\" data-elementor-lightbox-slideshow=\"33d5a95\" data-elementor-lightbox-title=\"Rectangle 43\" data-e-action-hash=\"#elementor-action%3Aaction%3Dlightbox%26settings%3DeyJpZCI6MTE0OCwidXJsIjoiaHR0cHM6XC9cL3NpdGVzLmljYi51Zm1nLmJyXC9sYWJ0YXhvXC93cC1jb250ZW50XC91cGxvYWRzXC8yMDI0XC8wNlwvUmVjdGFuZ2xlLTQzLmpwZyIsInNsaWRlc2hvdyI6IjMzZDVhOTUifQ%3D%3D\" href='https:\/\/sites.icb.ufmg.br\/labtaxo\/wp-content\/uploads\/2024\/06\/Rectangle-43.jpg'><img decoding=\"async\" width=\"196\" height=\"150\" src=\"https:\/\/sites.icb.ufmg.br\/labtaxo\/wp-content\/uploads\/2024\/06\/Rectangle-43.jpg\" class=\"attachment-custom-size size-custom-size\" alt=\"\" \/><\/a>\n\t\t\t<\/div><\/figure><figure class='gallery-item'>\n\t\t\t<div class='gallery-icon landscape'>\n\t\t\t\t<a data-elementor-open-lightbox=\"yes\" data-elementor-lightbox-slideshow=\"33d5a95\" data-elementor-lightbox-title=\"Rectangle 42\" data-e-action-hash=\"#elementor-action%3Aaction%3Dlightbox%26settings%3DeyJpZCI6MTE0OSwidXJsIjoiaHR0cHM6XC9cL3NpdGVzLmljYi51Zm1nLmJyXC9sYWJ0YXhvXC93cC1jb250ZW50XC91cGxvYWRzXC8yMDI0XC8wNlwvUmVjdGFuZ2xlLTQyLmpwZyIsInNsaWRlc2hvdyI6IjMzZDVhOTUifQ%3D%3D\" href='https:\/\/sites.icb.ufmg.br\/labtaxo\/wp-content\/uploads\/2024\/06\/Rectangle-42.jpg'><img decoding=\"async\" width=\"196\" height=\"150\" src=\"https:\/\/sites.icb.ufmg.br\/labtaxo\/wp-content\/uploads\/2024\/06\/Rectangle-42.jpg\" class=\"attachment-custom-size size-custom-size\" alt=\"\" \/><\/a>\n\t\t\t<\/div><\/figure><figure class='gallery-item'>\n\t\t\t<div class='gallery-icon landscape'>\n\t\t\t\t<a data-elementor-open-lightbox=\"yes\" data-elementor-lightbox-slideshow=\"33d5a95\" data-elementor-lightbox-title=\"Rectangle 41\" data-e-action-hash=\"#elementor-action%3Aaction%3Dlightbox%26settings%3DeyJpZCI6MTE1MCwidXJsIjoiaHR0cHM6XC9cL3NpdGVzLmljYi51Zm1nLmJyXC9sYWJ0YXhvXC93cC1jb250ZW50XC91cGxvYWRzXC8yMDI0XC8wNlwvUmVjdGFuZ2xlLTQxLmpwZyIsInNsaWRlc2hvdyI6IjMzZDVhOTUifQ%3D%3D\" href='https:\/\/sites.icb.ufmg.br\/labtaxo\/wp-content\/uploads\/2024\/06\/Rectangle-41.jpg'><img decoding=\"async\" width=\"196\" height=\"150\" src=\"https:\/\/sites.icb.ufmg.br\/labtaxo\/wp-content\/uploads\/2024\/06\/Rectangle-41.jpg\" class=\"attachment-custom-size size-custom-size\" alt=\"\" \/><\/a>\n\t\t\t<\/div><\/figure>\n\t\t<\/div>\n\t\t<\/div>\n\t\t\t\t\t\t<\/div>\n\t\t\t\t<\/div>\n\t\t\t\t<div class=\"elementor-element elementor-element-7688aa7 elementor-widget elementor-widget-text-editor\" data-id=\"7688aa7\" data-element_type=\"widget\" data-widget_type=\"text-editor.default\">\n\t\t\t\t<div class=\"elementor-widget-container\">\n\t\t\t\t\t\t\t\t\t<p>Como estrutura simples, elas n\u00e3o precisam de outros indiv\u00edduos para se reproduzir e, por isso, t\u00eam uma alta capacidade de se multiplicar com rapidez. Elas tamb\u00e9m conseguem transformar facilmente a\u00e7\u00facar em \u00e1lcool.<\/p>\t\t\t\t\t\t\t\t<\/div>\n\t\t\t\t<\/div>\n\t\t\t\t<div class=\"elementor-element elementor-element-5833183 elementor-widget elementor-widget-image\" data-id=\"5833183\" data-element_type=\"widget\" data-widget_type=\"image.default\">\n\t\t\t\t<div class=\"elementor-widget-container\">\n\t\t\t\t\t\t\t\t\t\t\t\t\t\t\t<img loading=\"lazy\" decoding=\"async\" width=\"300\" height=\"225\" src=\"https:\/\/sites.icb.ufmg.br\/labtaxo\/wp-content\/uploads\/2024\/06\/18DA5780DCB1F53A950.jpeg\" class=\"attachment-full size-full wp-image-1152\" alt=\"\" \/>\t\t\t\t\t\t\t\t\t\t\t\t\t\t\t<\/div>\n\t\t\t\t<\/div>\n\t\t\t\t<\/div>\n\t\t\t\t\t<\/div>\n\t\t\t\t<\/div>\n\t\t<div class=\"elementor-element elementor-element-852baaf e-flex e-con-boxed e-con e-parent\" data-id=\"852baaf\" data-element_type=\"container\" id=\"paes-cervejas\">\n\t\t\t\t\t<div class=\"e-con-inner\">\n\t\t<div class=\"elementor-element elementor-element-c7547b0 e-con-full e-flex e-con e-child\" data-id=\"c7547b0\" data-element_type=\"container\">\n\t\t\t\t<div class=\"elementor-element elementor-element-c410414 elementor-widget elementor-widget-heading\" data-id=\"c410414\" data-element_type=\"widget\" data-widget_type=\"heading.default\">\n\t\t\t\t<div class=\"elementor-widget-container\">\n\t\t\t\t\t<h2 class=\"elementor-heading-title elementor-size-default\">p\u00e3es e<br>\ncerveja<\/h2>\t\t\t\t<\/div>\n\t\t\t\t<\/div>\n\t\t\t\t<\/div>\n\t\t<div class=\"elementor-element elementor-element-c2c284f e-con-full e-flex e-con e-child\" data-id=\"c2c284f\" data-element_type=\"container\">\n\t\t\t\t<div class=\"elementor-element elementor-element-e8e1f01 elementor-widget elementor-widget-text-editor\" data-id=\"e8e1f01\" data-element_type=\"widget\" data-widget_type=\"text-editor.default\">\n\t\t\t\t<div class=\"elementor-widget-container\">\n\t\t\t\t\t\t\t\t\t<p>Assim, al\u00e9m de fazer a massa crescer, elas podem ser usadas na fabrica\u00e7\u00e3o de bebidas como a cerveja e, tamb\u00e9m, de combust\u00edveis menos nocivos para o meio ambiente, como o etanol.<\/p>\t\t\t\t\t\t\t\t<\/div>\n\t\t\t\t<\/div>\n\t\t\t\t<div class=\"elementor-element elementor-element-2597244 elementor-widget elementor-widget-image\" data-id=\"2597244\" data-element_type=\"widget\" data-widget_type=\"image.default\">\n\t\t\t\t<div class=\"elementor-widget-container\">\n\t\t\t\t\t\t\t\t\t\t\t\t\t\t\t<img loading=\"lazy\" decoding=\"async\" width=\"659\" height=\"309\" src=\"https:\/\/sites.icb.ufmg.br\/labtaxo\/wp-content\/uploads\/2024\/06\/pao-fermentando.jpg\" class=\"attachment-full size-full wp-image-1159\" alt=\"\" srcset=\"https:\/\/sites.icb.ufmg.br\/labtaxo\/wp-content\/uploads\/2024\/06\/pao-fermentando.jpg 659w, https:\/\/sites.icb.ufmg.br\/labtaxo\/wp-content\/uploads\/2024\/06\/pao-fermentando-300x141.jpg 300w\" sizes=\"(max-width: 659px) 100vw, 659px\" \/>\t\t\t\t\t\t\t\t\t\t\t\t\t\t\t<\/div>\n\t\t\t\t<\/div>\n\t\t\t\t<\/div>\n\t\t\t\t\t<\/div>\n\t\t\t\t<\/div>\n\t\t<div class=\"elementor-element elementor-element-661f42c e-flex e-con-boxed e-con e-parent\" data-id=\"661f42c\" data-element_type=\"container\" id=\"superalimento\">\n\t\t\t\t\t<div class=\"e-con-inner\">\n\t\t<div class=\"elementor-element elementor-element-b6b88ed e-con-full e-flex e-con e-child\" data-id=\"b6b88ed\" data-element_type=\"container\">\n\t\t\t\t<div class=\"elementor-element elementor-element-984accf elementor-widget elementor-widget-heading\" data-id=\"984accf\" data-element_type=\"widget\" data-widget_type=\"heading.default\">\n\t\t\t\t<div class=\"elementor-widget-container\">\n\t\t\t\t\t<h2 class=\"elementor-heading-title elementor-size-default\">a levedura \u00e9\num superalimento<\/h2>\t\t\t\t<\/div>\n\t\t\t\t<\/div>\n\t\t\t\t<\/div>\n\t\t<div class=\"elementor-element elementor-element-6afe7a9 e-con-full e-flex e-con e-child\" data-id=\"6afe7a9\" data-element_type=\"container\">\n\t\t\t\t<div class=\"elementor-element elementor-element-555e791 elementor-widget elementor-widget-text-editor\" data-id=\"555e791\" data-element_type=\"widget\" data-widget_type=\"text-editor.default\">\n\t\t\t\t<div class=\"elementor-widget-container\">\n\t\t\t\t\t\t\t\t\t<p>Por sua alta concentra\u00e7\u00e3o de nutrientes valiosos para a sa\u00fade das pessoas, como as prote\u00ednas, vitaminas do complexo B e o zinco, as leveduras s\u00e3o consideras um superalimento. Mas apesar de existirem em grande variedade e de estarem dispon\u00edveis em grande quantidade na natureza, h\u00e1 milh\u00f5es de anos, elas s\u00e3o ainda pouco conhecidas e pouco exploradas pelo ser humano.<\/p>\t\t\t\t\t\t\t\t<\/div>\n\t\t\t\t<\/div>\n\t\t\t\t<\/div>\n\t\t\t\t\t<\/div>\n\t\t\t\t<\/div>\n\t\t<div class=\"elementor-element elementor-element-77fe1f7 e-flex e-con-boxed e-con e-parent\" data-id=\"77fe1f7\" data-element_type=\"container\" id=\"videos\" data-settings=\"{&quot;background_background&quot;:&quot;classic&quot;}\">\n\t\t\t\t\t<div class=\"e-con-inner\">\n\t\t\t\t<div class=\"elementor-element elementor-element-7fd1ca8 elementor-widget__width-initial elementor-widget elementor-widget-text-editor\" data-id=\"7fd1ca8\" data-element_type=\"widget\" data-widget_type=\"text-editor.default\">\n\t\t\t\t<div class=\"elementor-widget-container\">\n\t\t\t\t\t\t\t\t\t<p>No v\u00eddeos que seguem, o professor Carlos Rosa, coordenador do INCT Leveduras fala um pouco mais sobre esses intrigantes microrganismos e porque somos t\u00e3o apaixonados por eles.<\/p>\t\t\t\t\t\t\t\t<\/div>\n\t\t\t\t<\/div>\n\t\t\t\t<div class=\"elementor-element elementor-element-38701a1 elementor-widget elementor-widget-video\" data-id=\"38701a1\" data-element_type=\"widget\" data-settings=\"{&quot;youtube_url&quot;:&quot;https:\\\/\\\/www.youtube.com\\\/watch?v=BOvhOj0E2Kc&amp;list=PLnPfpE_Hjw97nEgdBnbFwQEh7OruCXDrK&quot;,&quot;video_type&quot;:&quot;youtube&quot;,&quot;controls&quot;:&quot;yes&quot;}\" data-widget_type=\"video.default\">\n\t\t\t\t<div class=\"elementor-widget-container\">\n\t\t\t\t\t\t\t<div class=\"elementor-wrapper elementor-open-inline\">\n\t\t\t<div class=\"elementor-video\"><\/div>\t\t<\/div>\n\t\t\t\t\t\t<\/div>\n\t\t\t\t<\/div>\n\t\t\t\t<div class=\"elementor-element elementor-element-0fba66a elementor-align-center elementor-widget elementor-widget-button\" data-id=\"0fba66a\" data-element_type=\"widget\" data-widget_type=\"button.default\">\n\t\t\t\t<div class=\"elementor-widget-container\">\n\t\t\t\t\t\t\t\t\t<div class=\"elementor-button-wrapper\">\n\t\t\t\t\t<a class=\"elementor-button elementor-button-link elementor-size-sm\" href=\"https:\/\/www.youtube.com\/@INCTLeveduras\" target=\"_blank\">\n\t\t\t\t\t\t<span class=\"elementor-button-content-wrapper\">\n\t\t\t\t\t\t\t\t\t<span class=\"elementor-button-text\">VEJA MAIS V\u00cdDEOS<\/span>\n\t\t\t\t\t<\/span>\n\t\t\t\t\t<\/a>\n\t\t\t\t<\/div>\n\t\t\t\t\t\t\t\t<\/div>\n\t\t\t\t<\/div>\n\t\t\t\t\t<\/div>\n\t\t\t\t<\/div>\n\t\t\t\t<\/div>\n\t\t","protected":false},"excerpt":{"rendered":"<p>Sabe o fermento que a gente usa para fazer p\u00e3o ou o famoso \u201csapinho\u201d que a gente v\u00ea na boca das crian\u00e7as? Pois \u00e9. S\u00e3o leveduras. NESTA P\u00c1GINA O QUE S\u00c3O LEVEDURAS P\u00c3ES E CERVEJAS SUPERALIMENTO V\u00cdDEOS\u00a0 o que s\u00e3o leveduras As leveduras s\u00e3o fungos, pequenos organismos, geralmente, de uma c\u00e9lula s\u00f3. Podem ser encontradas [&hellip;]<\/p>\n","protected":false},"author":1,"featured_media":0,"parent":0,"menu_order":0,"comment_status":"closed","ping_status":"closed","template":"","meta":{"_acf_changed":false,"inline_featured_image":false,"footnotes":""},"class_list":["post-1145","page","type-page","status-publish","hentry"],"acf":[],"_links":{"self":[{"href":"https:\/\/sites.icb.ufmg.br\/labtaxo\/wp-json\/wp\/v2\/pages\/1145","targetHints":{"allow":["GET"]}}],"collection":[{"href":"https:\/\/sites.icb.ufmg.br\/labtaxo\/wp-json\/wp\/v2\/pages"}],"about":[{"href":"https:\/\/sites.icb.ufmg.br\/labtaxo\/wp-json\/wp\/v2\/types\/page"}],"author":[{"embeddable":true,"href":"https:\/\/sites.icb.ufmg.br\/labtaxo\/wp-json\/wp\/v2\/users\/1"}],"replies":[{"embeddable":true,"href":"https:\/\/sites.icb.ufmg.br\/labtaxo\/wp-json\/wp\/v2\/comments?post=1145"}],"version-history":[{"count":1,"href":"https:\/\/sites.icb.ufmg.br\/labtaxo\/wp-json\/wp\/v2\/pages\/1145\/revisions"}],"predecessor-version":[{"id":1226,"href":"https:\/\/sites.icb.ufmg.br\/labtaxo\/wp-json\/wp\/v2\/pages\/1145\/revisions\/1226"}],"wp:attachment":[{"href":"https:\/\/sites.icb.ufmg.br\/labtaxo\/wp-json\/wp\/v2\/media?parent=1145"}],"curies":[{"name":"wp","href":"https:\/\/api.w.org\/{rel}","templated":true}]}}