{"id":1192,"date":"2021-06-28T13:57:22","date_gmt":"2021-06-28T13:57:22","guid":{"rendered":"https:\/\/sites.icb.ufmg.br\/leeb\/?page_id=1192"},"modified":"2021-06-28T13:57:23","modified_gmt":"2021-06-28T13:57:23","slug":"livros","status":"publish","type":"page","link":"https:\/\/sites.icb.ufmg.br\/leeb\/livros\/","title":{"rendered":"Livros"},"content":{"rendered":"\n<p>Vilela, E. F. ; Callegaro, G. M. ; Fernandes, G.W. . Biomas e agricultura : oportunidades e desafios. 1. ed. Rio de Janeiro: Vertente edi\u00e7\u00f5es, 2019. 304p .<\/p>\n\n\n\n<p>Scariot, Aldicir ; Muniz, F. ; Pedroni, F. ; Fernandes, G.W. ; Ferreira, G. B. ; Costa, J. A. S. ; Aguiar, L. M. S. ; Ferreira, M. E. ; Sanchez, M. ; Pinheiro, R. ; Machado, R. ; Diniz, S . Cerrado: em busca de solu\u00e7\u00f5es sustent\u00e1veis. 2. ed. , 2018. v. 2. 211p .<\/p>\n\n\n\n<p>Fernandes, G.W.; Pedroni, F. ; Sanchez, M. ; Scariot, A. ; Aguiar, L.M.S. ; Ferreira, G. ; Machado, R. ; Ferreira, M.E. ; Diniz, S. ; Pinheiro, R. ; Costa, J. A. S. ; Dirzo, R. ; Muniz, F.&nbsp; Cerrado: Em Busca De Solu\u00e7\u00f5es Sustent\u00e1veis. 1. Ed. Editora Vozes, 2016. v. 1. 211p .<\/p>\n\n\n\n<p>Fernandes, G.W. Ecology and conservation of moutaintop grasslands in Brazil. 1. ed. Su\u00ed\u00e7a: Springer, 2016. v. 1. 567p .<\/p>\n\n\n\n<p>Fernandes, G.W.. Plano de A\u00e7\u00e3o Nacional para a conserva\u00e7\u00e3o da flora amea\u00e7ada de extin\u00e7\u00e3o da Serra do Espinha\u00e7o Meridional. 1. ed. , 2015. 100p .<\/p>\n\n\n\n<p>Fernandes, G. W.; Santos, J. C. Neotropical Insect Galls. 1a. ed. Dordretch: Springer, 2014. 549p .<\/p>\n\n\n\n<p>Sanchez-Azofeifa, A. ; Powers, J. S. ; Fernandes, G. W. ; Quesada, M.&nbsp; Tropical Dry Forests in the Americas: Ecology, Conservation, and Management. 1. ed. Boca Raton: CRC Press, 2013. v. 1. 556p .<\/p>\n\n\n\n<p class=\"has-black-color has-text-color\">Price, P. W. ; Lewinsohn, T. M. ; Fernandes, G. W. ; Benson, W. W. Plant-animal interactions: evolutionary ecology in tropical and temperate regions.. New York: Wiley &amp; Sons, 1991. v. 1. 637p.<\/p>\n","protected":false},"excerpt":{"rendered":"<p>Vilela, E. F. ; Callegaro, G. M. ; Fernandes, G.W. . Biomas e agricultura : oportunidades e desafios. 1. ed.&hellip;<\/p>\n","protected":false},"author":1,"featured_media":0,"parent":0,"menu_order":0,"comment_status":"closed","ping_status":"closed","template":"","meta":{"jetpack_post_was_ever_published":false,"footnotes":""},"class_list":["post-1192","page","type-page","status-publish","hentry"],"yoast_head":"<!-- This site is optimized with the Yoast SEO plugin v22.9 - https:\/\/yoast.com\/wordpress\/plugins\/seo\/ -->\n<title>Livros - LEEB<\/title>\n<meta name=\"robots\" content=\"index, follow, max-snippet:-1, max-image-preview:large, max-video-preview:-1\" \/>\n<link rel=\"canonical\" href=\"https:\/\/sites.icb.ufmg.br\/leeb\/livros\/\" \/>\n<meta property=\"og:locale\" content=\"pt_BR\" \/>\n<meta property=\"og:type\" content=\"article\" \/>\n<meta property=\"og:title\" content=\"Livros - LEEB\" \/>\n<meta property=\"og:description\" content=\"Vilela, E. F. ; Callegaro, G. M. ; Fernandes, G.W. . Biomas e agricultura : oportunidades e desafios. 1. ed.&hellip;\" \/>\n<meta property=\"og:url\" content=\"https:\/\/sites.icb.ufmg.br\/leeb\/livros\/\" \/>\n<meta property=\"og:site_name\" content=\"LEEB\" \/>\n<meta property=\"article:publisher\" content=\"https:\/\/www.facebook.com\/LEEB.UFMG\/?locale=pt_BR\" \/>\n<meta property=\"article:modified_time\" content=\"2021-06-28T13:57:23+00:00\" \/>\n<meta name=\"twitter:card\" content=\"summary_large_image\" \/>\n<meta name=\"twitter:label1\" content=\"Est. tempo de leitura\" \/>\n\t<meta name=\"twitter:data1\" content=\"1 minuto\" \/>\n<script type=\"application\/ld+json\" class=\"yoast-schema-graph\">{\"@context\":\"https:\/\/schema.org\",\"@graph\":[{\"@type\":\"WebPage\",\"@id\":\"https:\/\/sites.icb.ufmg.br\/leeb\/livros\/\",\"url\":\"https:\/\/sites.icb.ufmg.br\/leeb\/livros\/\",\"name\":\"Livros - LEEB\",\"isPartOf\":{\"@id\":\"https:\/\/sites.icb.ufmg.br\/leeb\/#website\"},\"datePublished\":\"2021-06-28T13:57:22+00:00\",\"dateModified\":\"2021-06-28T13:57:23+00:00\",\"breadcrumb\":{\"@id\":\"https:\/\/sites.icb.ufmg.br\/leeb\/livros\/#breadcrumb\"},\"inLanguage\":\"pt-BR\",\"potentialAction\":[{\"@type\":\"ReadAction\",\"target\":[\"https:\/\/sites.icb.ufmg.br\/leeb\/livros\/\"]}]},{\"@type\":\"BreadcrumbList\",\"@id\":\"https:\/\/sites.icb.ufmg.br\/leeb\/livros\/#breadcrumb\",\"itemListElement\":[{\"@type\":\"ListItem\",\"position\":1,\"name\":\"In\u00edcio\",\"item\":\"https:\/\/sites.icb.ufmg.br\/leeb\/\"},{\"@type\":\"ListItem\",\"position\":2,\"name\":\"Livros\"}]},{\"@type\":\"WebSite\",\"@id\":\"https:\/\/sites.icb.ufmg.br\/leeb\/#website\",\"url\":\"https:\/\/sites.icb.ufmg.br\/leeb\/\",\"name\":\"LEEB\",\"description\":\"ICB\/UFMG\",\"potentialAction\":[{\"@type\":\"SearchAction\",\"target\":{\"@type\":\"EntryPoint\",\"urlTemplate\":\"https:\/\/sites.icb.ufmg.br\/leeb\/?s={search_term_string}\"},\"query-input\":\"required name=search_term_string\"}],\"inLanguage\":\"pt-BR\"}]}<\/script>\n<!-- \/ Yoast SEO plugin. -->","yoast_head_json":{"title":"Livros - LEEB","robots":{"index":"index","follow":"follow","max-snippet":"max-snippet:-1","max-image-preview":"max-image-preview:large","max-video-preview":"max-video-preview:-1"},"canonical":"https:\/\/sites.icb.ufmg.br\/leeb\/livros\/","og_locale":"pt_BR","og_type":"article","og_title":"Livros - LEEB","og_description":"Vilela, E. F. ; Callegaro, G. M. ; Fernandes, G.W. . Biomas e agricultura : oportunidades e desafios. 1. ed.&hellip;","og_url":"https:\/\/sites.icb.ufmg.br\/leeb\/livros\/","og_site_name":"LEEB","article_publisher":"https:\/\/www.facebook.com\/LEEB.UFMG\/?locale=pt_BR","article_modified_time":"2021-06-28T13:57:23+00:00","twitter_card":"summary_large_image","twitter_misc":{"Est. tempo de leitura":"1 minuto"},"schema":{"@context":"https:\/\/schema.org","@graph":[{"@type":"WebPage","@id":"https:\/\/sites.icb.ufmg.br\/leeb\/livros\/","url":"https:\/\/sites.icb.ufmg.br\/leeb\/livros\/","name":"Livros - LEEB","isPartOf":{"@id":"https:\/\/sites.icb.ufmg.br\/leeb\/#website"},"datePublished":"2021-06-28T13:57:22+00:00","dateModified":"2021-06-28T13:57:23+00:00","breadcrumb":{"@id":"https:\/\/sites.icb.ufmg.br\/leeb\/livros\/#breadcrumb"},"inLanguage":"pt-BR","potentialAction":[{"@type":"ReadAction","target":["https:\/\/sites.icb.ufmg.br\/leeb\/livros\/"]}]},{"@type":"BreadcrumbList","@id":"https:\/\/sites.icb.ufmg.br\/leeb\/livros\/#breadcrumb","itemListElement":[{"@type":"ListItem","position":1,"name":"In\u00edcio","item":"https:\/\/sites.icb.ufmg.br\/leeb\/"},{"@type":"ListItem","position":2,"name":"Livros"}]},{"@type":"WebSite","@id":"https:\/\/sites.icb.ufmg.br\/leeb\/#website","url":"https:\/\/sites.icb.ufmg.br\/leeb\/","name":"LEEB","description":"ICB\/UFMG","potentialAction":[{"@type":"SearchAction","target":{"@type":"EntryPoint","urlTemplate":"https:\/\/sites.icb.ufmg.br\/leeb\/?s={search_term_string}"},"query-input":"required name=search_term_string"}],"inLanguage":"pt-BR"}]}},"jetpack_sharing_enabled":true,"_links":{"self":[{"href":"https:\/\/sites.icb.ufmg.br\/leeb\/wp-json\/wp\/v2\/pages\/1192","targetHints":{"allow":["GET"]}}],"collection":[{"href":"https:\/\/sites.icb.ufmg.br\/leeb\/wp-json\/wp\/v2\/pages"}],"about":[{"href":"https:\/\/sites.icb.ufmg.br\/leeb\/wp-json\/wp\/v2\/types\/page"}],"author":[{"embeddable":true,"href":"https:\/\/sites.icb.ufmg.br\/leeb\/wp-json\/wp\/v2\/users\/1"}],"replies":[{"embeddable":true,"href":"https:\/\/sites.icb.ufmg.br\/leeb\/wp-json\/wp\/v2\/comments?post=1192"}],"version-history":[{"count":1,"href":"https:\/\/sites.icb.ufmg.br\/leeb\/wp-json\/wp\/v2\/pages\/1192\/revisions"}],"predecessor-version":[{"id":1193,"href":"https:\/\/sites.icb.ufmg.br\/leeb\/wp-json\/wp\/v2\/pages\/1192\/revisions\/1193"}],"wp:attachment":[{"href":"https:\/\/sites.icb.ufmg.br\/leeb\/wp-json\/wp\/v2\/media?parent=1192"}],"curies":[{"name":"wp","href":"https:\/\/api.w.org\/{rel}","templated":true}]}}