{"id":672,"date":"2021-05-29T15:27:38","date_gmt":"2021-05-29T15:27:38","guid":{"rendered":"https:\/\/sites.icb.ufmg.br\/leeb\/?page_id=672"},"modified":"2022-05-14T22:27:55","modified_gmt":"2022-05-14T22:27:55","slug":"biochronos","status":"publish","type":"page","link":"https:\/\/sites.icb.ufmg.br\/leeb\/biochronos\/","title":{"rendered":"Biochronos"},"content":{"rendered":"\n<h2 class=\"has-black-color has-text-color wp-block-heading\">Sobre o Projeto<\/h2>\n\n\n\n<p class=\"has-black-color has-text-color\">O Biochronos \u00e9 um projeto desenvolvido pelo Laborat\u00f3rio de Ecologia Evolutiva e Biodiversidade da UFMG, em parceria com diversas institui\u00e7\u00f5es, que tem como objetivo avaliar e monitorar espa\u00e7o-temporalmente, atrav\u00e9s de metodologias s\u00f3lidas e inovadoras, a evolu\u00e7\u00e3o da paisagem, a sa\u00fade ambiental e os processos ecol\u00f3gicos que conduzem ao aumento da biodiversidade e funcionamento das \u00e1reas afetadas pelo rejeito da Barragem de Fund\u00e3o em Mariana \u2013 MG, que se rompeu em 2015.&nbsp;<\/p>\n\n\n\n<p class=\"has-black-color has-text-color\">A restaura\u00e7\u00e3o ecol\u00f3gica da bacia do rio Doce visa aumentar a biodiversidade e intera\u00e7\u00f5es ecol\u00f3gicas que conduzam \u00e0 integra\u00e7\u00e3o da paisagem e funcionamento ecossist\u00eamico,&nbsp;sendo o maior objetivo quando a quest\u00e3o \u00e9 a sustentabilidade e o retorno da produ\u00e7\u00e3o de servi\u00e7os ecossist\u00eamicos de relev\u00e2ncia para a sociedade. O projeto Biochronos apresenta-se embasado no forte conhecimento cient\u00edfico para gerar a\u00e7\u00f5es fundamentais para o desenvolvimento do know-how necess\u00e1rio para propor medidas sustent\u00e1veis na restaura\u00e7\u00e3o ambiental da bacia. Atrav\u00e9s de tecnologias cient\u00edficas de \u00faltima gera\u00e7\u00e3o, estabeleceremos e descreveremos o funcionamento dos ecossistemas de refer\u00eancia em todos os n\u00edveis ecol\u00f3gicos e de sensoriamento remoto, para entender as press\u00f5es \u00e0s quais estas forma\u00e7\u00f5es naturais foram forjadas e mantidas.<\/p>\n\n\n\n<p class=\"has-black-color has-text-color\"> Atrav\u00e9s de indicadores biol\u00f3gicos facilmente identific\u00e1veis, f\u00e1ceis de medir e de baixo custo faremos um monitoramento preciso e minucioso do retorno dos processos que mant\u00eam o ecossistema alvo, incluindo desde as degrada\u00e7\u00f5es ocultas aos sensores do sensoriamento remoto. O estudo ganha escala com avalia\u00e7\u00f5es locais da paisagem, conectividade e integra\u00e7\u00e3o ecol\u00f3gica entre as \u00e1reas naturais e em processo de recupera\u00e7\u00e3o. Os detalhes ser\u00e3o provenientes da aplica\u00e7\u00e3o de t\u00e9cnicas moleculares de \u00faltima gera\u00e7\u00e3o, como DNA ambiental (metabarcoding), da ecofisiologia e atributos funcionais e qu\u00edmicos das esp\u00e9cies que fornecem o sustento para a estabilidade ecossist\u00eamica, e at\u00e9 mesmo daquelas esp\u00e9cies que operam de forma contr\u00e1ria, como as esp\u00e9cies invasoras. As leituras das situa\u00e7\u00f5es ambientais prevalentes nas \u00e1reas de refer\u00eancia ou impactadas n\u00e3o escapar\u00e3o aos pesquisadores experientes e novas ferramentas utilizadas, fornecendo assim as bases para s\u00ednteses s\u00f3lidas sobre a situa\u00e7\u00e3o atual, gera\u00e7\u00e3o de modelos e a proposi\u00e7\u00e3o de alternativas para o retorno da biodiversidade e produ\u00e7\u00e3o de servi\u00e7os ecossist\u00eamicos em toda a bacia do rio Doce.<\/p>\n\n\n\n<h2 class=\"has-black-color has-text-color wp-block-heading\">Meta<\/h2>\n\n\n\n<p class=\"has-black-color has-text-color\">Aplica\u00e7\u00e3o dos resultados das pesquisas e estudos do Projeto em a\u00e7\u00f5es concretas e duradouras que possam mitigar os efeitos dos impactos e auxiliar nas estrat\u00e9gias de recupera\u00e7\u00e3o, conserva\u00e7\u00e3o e sustentabilidade da biodiversidade e dos ecossistemas afetados ap\u00f3s o rompimento da barragem de Fund\u00e3o, Mariana &#8211; MG.<\/p>\n\n\n\n<h2 class=\"has-black-color has-text-color wp-block-heading\">Atua\u00e7\u00e3o<\/h2>\n\n\n\n<p class=\"has-black-color has-text-color\">O Biochronos atua em diferentes n\u00edveis ecol\u00f3gicos, desde solo, fungos micorr\u00edzicos, esp\u00e9cies vegetais at\u00e9 a macrofauna (Polinizadores, herb\u00edvoros, detrit\u00edvoros, decompositores e predadores); fazendo uso de t\u00e9cnicas de \u00faltima gera\u00e7\u00e3o como o DNA ambiental (Metabarcoding), sensoriamento remoto, geoprocessamento, entre outros, para obten\u00e7\u00e3o dos melhores resultados.<\/p>\n","protected":false},"excerpt":{"rendered":"<p>Sobre o Projeto O Biochronos \u00e9 um projeto desenvolvido pelo Laborat\u00f3rio de Ecologia Evolutiva e Biodiversidade da UFMG, em parceria&hellip;<\/p>\n","protected":false},"author":1,"featured_media":0,"parent":0,"menu_order":0,"comment_status":"closed","ping_status":"closed","template":"","meta":{"jetpack_post_was_ever_published":false,"footnotes":""},"class_list":["post-672","page","type-page","status-publish","hentry"],"yoast_head":"<!-- This site is optimized with the Yoast SEO plugin v22.9 - https:\/\/yoast.com\/wordpress\/plugins\/seo\/ -->\n<title>Biochronos - LEEB<\/title>\n<meta name=\"robots\" content=\"index, follow, max-snippet:-1, max-image-preview:large, max-video-preview:-1\" \/>\n<link rel=\"canonical\" href=\"https:\/\/sites.icb.ufmg.br\/leeb\/biochronos\/\" \/>\n<meta property=\"og:locale\" content=\"pt_BR\" \/>\n<meta property=\"og:type\" content=\"article\" \/>\n<meta property=\"og:title\" content=\"Biochronos - LEEB\" \/>\n<meta property=\"og:description\" content=\"Sobre o Projeto O Biochronos \u00e9 um projeto desenvolvido pelo Laborat\u00f3rio de Ecologia Evolutiva e Biodiversidade da UFMG, em parceria&hellip;\" \/>\n<meta property=\"og:url\" content=\"https:\/\/sites.icb.ufmg.br\/leeb\/biochronos\/\" \/>\n<meta property=\"og:site_name\" content=\"LEEB\" \/>\n<meta property=\"article:publisher\" content=\"https:\/\/www.facebook.com\/LEEB.UFMG\/?locale=pt_BR\" \/>\n<meta property=\"article:modified_time\" content=\"2022-05-14T22:27:55+00:00\" \/>\n<meta name=\"twitter:card\" content=\"summary_large_image\" \/>\n<meta name=\"twitter:label1\" content=\"Est. tempo de leitura\" \/>\n\t<meta name=\"twitter:data1\" content=\"3 minutos\" \/>\n<script type=\"application\/ld+json\" class=\"yoast-schema-graph\">{\"@context\":\"https:\/\/schema.org\",\"@graph\":[{\"@type\":\"WebPage\",\"@id\":\"https:\/\/sites.icb.ufmg.br\/leeb\/biochronos\/\",\"url\":\"https:\/\/sites.icb.ufmg.br\/leeb\/biochronos\/\",\"name\":\"Biochronos - LEEB\",\"isPartOf\":{\"@id\":\"https:\/\/sites.icb.ufmg.br\/leeb\/#website\"},\"datePublished\":\"2021-05-29T15:27:38+00:00\",\"dateModified\":\"2022-05-14T22:27:55+00:00\",\"breadcrumb\":{\"@id\":\"https:\/\/sites.icb.ufmg.br\/leeb\/biochronos\/#breadcrumb\"},\"inLanguage\":\"pt-BR\",\"potentialAction\":[{\"@type\":\"ReadAction\",\"target\":[\"https:\/\/sites.icb.ufmg.br\/leeb\/biochronos\/\"]}]},{\"@type\":\"BreadcrumbList\",\"@id\":\"https:\/\/sites.icb.ufmg.br\/leeb\/biochronos\/#breadcrumb\",\"itemListElement\":[{\"@type\":\"ListItem\",\"position\":1,\"name\":\"In\u00edcio\",\"item\":\"https:\/\/sites.icb.ufmg.br\/leeb\/\"},{\"@type\":\"ListItem\",\"position\":2,\"name\":\"Biochronos\"}]},{\"@type\":\"WebSite\",\"@id\":\"https:\/\/sites.icb.ufmg.br\/leeb\/#website\",\"url\":\"https:\/\/sites.icb.ufmg.br\/leeb\/\",\"name\":\"LEEB\",\"description\":\"ICB\/UFMG\",\"potentialAction\":[{\"@type\":\"SearchAction\",\"target\":{\"@type\":\"EntryPoint\",\"urlTemplate\":\"https:\/\/sites.icb.ufmg.br\/leeb\/?s={search_term_string}\"},\"query-input\":\"required name=search_term_string\"}],\"inLanguage\":\"pt-BR\"}]}<\/script>\n<!-- \/ Yoast SEO plugin. -->","yoast_head_json":{"title":"Biochronos - LEEB","robots":{"index":"index","follow":"follow","max-snippet":"max-snippet:-1","max-image-preview":"max-image-preview:large","max-video-preview":"max-video-preview:-1"},"canonical":"https:\/\/sites.icb.ufmg.br\/leeb\/biochronos\/","og_locale":"pt_BR","og_type":"article","og_title":"Biochronos - LEEB","og_description":"Sobre o Projeto O Biochronos \u00e9 um projeto desenvolvido pelo Laborat\u00f3rio de Ecologia Evolutiva e Biodiversidade da UFMG, em parceria&hellip;","og_url":"https:\/\/sites.icb.ufmg.br\/leeb\/biochronos\/","og_site_name":"LEEB","article_publisher":"https:\/\/www.facebook.com\/LEEB.UFMG\/?locale=pt_BR","article_modified_time":"2022-05-14T22:27:55+00:00","twitter_card":"summary_large_image","twitter_misc":{"Est. tempo de leitura":"3 minutos"},"schema":{"@context":"https:\/\/schema.org","@graph":[{"@type":"WebPage","@id":"https:\/\/sites.icb.ufmg.br\/leeb\/biochronos\/","url":"https:\/\/sites.icb.ufmg.br\/leeb\/biochronos\/","name":"Biochronos - LEEB","isPartOf":{"@id":"https:\/\/sites.icb.ufmg.br\/leeb\/#website"},"datePublished":"2021-05-29T15:27:38+00:00","dateModified":"2022-05-14T22:27:55+00:00","breadcrumb":{"@id":"https:\/\/sites.icb.ufmg.br\/leeb\/biochronos\/#breadcrumb"},"inLanguage":"pt-BR","potentialAction":[{"@type":"ReadAction","target":["https:\/\/sites.icb.ufmg.br\/leeb\/biochronos\/"]}]},{"@type":"BreadcrumbList","@id":"https:\/\/sites.icb.ufmg.br\/leeb\/biochronos\/#breadcrumb","itemListElement":[{"@type":"ListItem","position":1,"name":"In\u00edcio","item":"https:\/\/sites.icb.ufmg.br\/leeb\/"},{"@type":"ListItem","position":2,"name":"Biochronos"}]},{"@type":"WebSite","@id":"https:\/\/sites.icb.ufmg.br\/leeb\/#website","url":"https:\/\/sites.icb.ufmg.br\/leeb\/","name":"LEEB","description":"ICB\/UFMG","potentialAction":[{"@type":"SearchAction","target":{"@type":"EntryPoint","urlTemplate":"https:\/\/sites.icb.ufmg.br\/leeb\/?s={search_term_string}"},"query-input":"required name=search_term_string"}],"inLanguage":"pt-BR"}]}},"jetpack_sharing_enabled":true,"_links":{"self":[{"href":"https:\/\/sites.icb.ufmg.br\/leeb\/wp-json\/wp\/v2\/pages\/672","targetHints":{"allow":["GET"]}}],"collection":[{"href":"https:\/\/sites.icb.ufmg.br\/leeb\/wp-json\/wp\/v2\/pages"}],"about":[{"href":"https:\/\/sites.icb.ufmg.br\/leeb\/wp-json\/wp\/v2\/types\/page"}],"author":[{"embeddable":true,"href":"https:\/\/sites.icb.ufmg.br\/leeb\/wp-json\/wp\/v2\/users\/1"}],"replies":[{"embeddable":true,"href":"https:\/\/sites.icb.ufmg.br\/leeb\/wp-json\/wp\/v2\/comments?post=672"}],"version-history":[{"count":18,"href":"https:\/\/sites.icb.ufmg.br\/leeb\/wp-json\/wp\/v2\/pages\/672\/revisions"}],"predecessor-version":[{"id":1964,"href":"https:\/\/sites.icb.ufmg.br\/leeb\/wp-json\/wp\/v2\/pages\/672\/revisions\/1964"}],"wp:attachment":[{"href":"https:\/\/sites.icb.ufmg.br\/leeb\/wp-json\/wp\/v2\/media?parent=672"}],"curies":[{"name":"wp","href":"https:\/\/api.w.org\/{rel}","templated":true}]}}