{"id":154,"date":"2020-06-15T12:54:07","date_gmt":"2020-06-15T15:54:07","guid":{"rendered":"http:\/\/depto.icb.ufmg.br\/dmor\/hem\/?page_id=154"},"modified":"2023-09-01T17:09:25","modified_gmt":"2023-09-01T20:09:25","slug":"graduacao-disciplinas","status":"publish","type":"page","link":"https:\/\/sites.icb.ufmg.br\/morfologia\/portal\/graduacao-disciplinas\/","title":{"rendered":"Gradua\u00e7\u00e3o Disciplinas Ementas"},"content":{"rendered":"\n<p><strong><em><a href=\"https:\/\/sites.icb.ufmg.br\/morfologia\/portal\/mof001-citologia-e-histologia-geral\/\" target=\"_blank\" rel=\"noreferrer noopener\">MOF001 CITOLOGIA E HISTOLOGIA GERAL<\/a><br>MOF005 NEUROANATOMIA MEDICA<br>MOF008 EMBRIOLOGIA GERAL<br>MOF009 ANATOMIA HUMANA BASICA<br>MOF018 CITOLOGIA E HISTOLOGIA APLIC. ENFERMAGEM<br>MOF019 ANATOMIA APLICADA A FONOAUDIOLOGIA I<br>MOF020 CITOLOGIA E HISTOLOGIA APLICADAS A FONO<br>MOF021 EMBRIOLOGIA APLICADA A FONOAUDIOLOGIA<br>MOF022 ANATOMIA APLICADA A FONOAUDIOLOGIA II<br>MOF027 ANATOMIA HUMANA<br>MOF031 HISTOLOGIA DOS SISTEMAS ORGANICOS<br>MOF032 ANATOMIA HUMANA APLICADA A EDUC. FISICA<br>MOF036 LABORATORIO ENSINO CIENCIAS MORFOLOGICAS<br>MOF038 ANATOMIA APLICADA A PSICOLOGIA<br>MOF044 BIOLOGIA CELULAR E METABOLICA<br>MOF045 NEUROANATOMIA APLICADA A TER OCUPACIONAL<br>MOF046 MORFOFISIOLOGIA DE VERTEBRADOS AQUATICOS<br>MOF047 ANATOMIA VETERINARIA I<br>MOF048 ANATOMIA VETERINARIA II<br>MOF049 HISTOLOGIA VETERINARIA<br>MOF050 EMBRIOLOGIA VETERINARIA<br>MOF052 BIOLOGIA CELULAR<br>MOF053 BIOLOGIA DO DESENVOLVIMENTO<br>MOF054 ANATOMIA HUMANA B\u00c1SICA<br>MOF055 HISTOLOGIA<br>MOF056 ANATOMIA ODONTOL\u00d3GICA<br>MOF057 BIOLOGIA CELULAR APLICADA \u00c0 MEDICINA<br>MOF058 HISTOFISIOLOGIA DOS SISTEMAS APLICADA \u00c0 MEDICINA<br>MOF060 ANATOMIA APLICADA A ENFERMAGEM<br>MOF061 NEUROANATOMIA APLICADA A ENFERMAGEM<br>MOF062 ANATOMIA APLICADA \u00c0 TERAPIA OCUPACIONAL<br>MOF137 BIOLOGIA CELULAR<br>MOF138 ANATOMIA HUMANA E RADIOLOGICA<br>MOF139 CITOLOGIA E HISTOLOGIA<br>MOF140 ANATOMIA HUMANA<br>MOF141 NEUROANATOMIA<br>MOF142 CITOLOGIA E HISTOLOGIA F<br>MOF611 EMBRIOLOGIA MEDICA<br>MOF622 ANATOMIA HUMANA APLICADA \u00c0 NUTRI\u00c7\u00c3O<br>MOF623 CITOLOGIA E HISTOLOGIA APLICADA \u00c0 NUTRI\u00c7\u00c3O<\/em><\/strong><\/p>\n","protected":false},"excerpt":{"rendered":"<p><span class=\"excerpt-hellip\"> [\u2026]<\/span><\/p>\n","protected":false},"author":1,"featured_media":0,"parent":0,"menu_order":0,"comment_status":"closed","ping_status":"closed","template":"","meta":{"_editorskit_title_hidden":false,"_editorskit_reading_time":0,"_editorskit_is_block_options_detached":false,"_editorskit_block_options_position":"{}","footnotes":""},"folder":[],"class_list":["post-154","page","type-page","status-publish","hentry"],"_links":{"self":[{"href":"https:\/\/sites.icb.ufmg.br\/morfologia\/portal\/wp-json\/wp\/v2\/pages\/154"}],"collection":[{"href":"https:\/\/sites.icb.ufmg.br\/morfologia\/portal\/wp-json\/wp\/v2\/pages"}],"about":[{"href":"https:\/\/sites.icb.ufmg.br\/morfologia\/portal\/wp-json\/wp\/v2\/types\/page"}],"author":[{"embeddable":true,"href":"https:\/\/sites.icb.ufmg.br\/morfologia\/portal\/wp-json\/wp\/v2\/users\/1"}],"replies":[{"embeddable":true,"href":"https:\/\/sites.icb.ufmg.br\/morfologia\/portal\/wp-json\/wp\/v2\/comments?post=154"}],"version-history":[{"count":4,"href":"https:\/\/sites.icb.ufmg.br\/morfologia\/portal\/wp-json\/wp\/v2\/pages\/154\/revisions"}],"predecessor-version":[{"id":1036,"href":"https:\/\/sites.icb.ufmg.br\/morfologia\/portal\/wp-json\/wp\/v2\/pages\/154\/revisions\/1036"}],"wp:attachment":[{"href":"https:\/\/sites.icb.ufmg.br\/morfologia\/portal\/wp-json\/wp\/v2\/media?parent=154"}],"wp:term":[{"taxonomy":"folder","embeddable":true,"href":"https:\/\/sites.icb.ufmg.br\/morfologia\/portal\/wp-json\/wp\/v2\/folder?post=154"}],"curies":[{"name":"wp","href":"https:\/\/api.w.org\/{rel}","templated":true}]}}