{"id":6,"date":"2017-05-24T10:29:47","date_gmt":"2017-05-24T13:29:47","guid":{"rendered":"https:\/\/neducom.wordpress.com\/?page_id=2"},"modified":"2021-12-02T10:57:14","modified_gmt":"2021-12-02T13:57:14","slug":"pagina-inicial","status":"publish","type":"page","link":"https:\/\/sites.icb.ufmg.br\/neducom\/","title":{"rendered":"O NEDUCOM"},"content":{"rendered":"<p style=\"text-align: justify;\"><span style=\"font-weight: 400;\">O NEDUCOM (N\u00facleo de Educa\u00e7\u00e3o e Comunica\u00e7\u00e3o em Ci\u00eancias da Vida) \u00e9 o &nbsp;laborat\u00f3rio tem\u00e1tico do Instituto de Ci\u00eancias Biol\u00f3gicas da UFMG, voltado para a divulga\u00e7\u00e3o do conhecimento cient\u00edfico para uma esfera populacional mais ampla. Neste laborat\u00f3rio s\u00e3o desenvolvidos pesquisas e projetos de extens\u00e3o nas \u00e1reas de educa\u00e7\u00e3o em ci\u00eancias da vida e sa\u00fade bem como a comunica\u00e7\u00e3o p\u00fablica da ci\u00eancia. <\/span><\/p>\n\n\n<p><\/p>\n","protected":false},"excerpt":{"rendered":"<p>Esse \u00e9 o resumo da p\u00e1gina inicial<\/p>\n","protected":false},"author":1,"featured_media":365,"parent":0,"menu_order":0,"comment_status":"closed","ping_status":"closed","template":"","meta":{"material-hide-sections":[],"footnotes":""},"class_list":["post-6","page","type-page","status-publish","has-post-thumbnail","hentry"],"_links":{"self":[{"href":"https:\/\/sites.icb.ufmg.br\/neducom\/wp-json\/wp\/v2\/pages\/6","targetHints":{"allow":["GET"]}}],"collection":[{"href":"https:\/\/sites.icb.ufmg.br\/neducom\/wp-json\/wp\/v2\/pages"}],"about":[{"href":"https:\/\/sites.icb.ufmg.br\/neducom\/wp-json\/wp\/v2\/types\/page"}],"author":[{"embeddable":true,"href":"https:\/\/sites.icb.ufmg.br\/neducom\/wp-json\/wp\/v2\/users\/1"}],"replies":[{"embeddable":true,"href":"https:\/\/sites.icb.ufmg.br\/neducom\/wp-json\/wp\/v2\/comments?post=6"}],"version-history":[{"count":10,"href":"https:\/\/sites.icb.ufmg.br\/neducom\/wp-json\/wp\/v2\/pages\/6\/revisions"}],"predecessor-version":[{"id":610,"href":"https:\/\/sites.icb.ufmg.br\/neducom\/wp-json\/wp\/v2\/pages\/6\/revisions\/610"}],"wp:featuredmedia":[{"embeddable":true,"href":"https:\/\/sites.icb.ufmg.br\/neducom\/wp-json\/wp\/v2\/media\/365"}],"wp:attachment":[{"href":"https:\/\/sites.icb.ufmg.br\/neducom\/wp-json\/wp\/v2\/media?parent=6"}],"curies":[{"name":"wp","href":"https:\/\/api.w.org\/{rel}","templated":true}]}}