{"id":102,"date":"2019-04-07T19:28:06","date_gmt":"2019-04-07T19:28:06","guid":{"rendered":"https:\/\/sites.icb.ufmg.br\/pginovacao\/\/?page_id=102"},"modified":"2024-10-30T09:42:03","modified_gmt":"2024-10-30T12:42:03","slug":"secretaria","status":"publish","type":"page","link":"https:\/\/sites.icb.ufmg.br\/pginovacao\/index.php\/secretaria\/","title":{"rendered":"Secretaria"},"content":{"rendered":"<h4>Funcionamento<\/h4>\n<p>Atendimento ao p\u00fablico<br \/>\nDias: Segunda-feira a sexta-feira<br \/>\nManh\u00e3: 09:00 \u00e0s 11:00<br \/>\nTarde: 13:00 \u00e0s 14:00<\/p>\n<h4>Secret\u00e1ria<\/h4>\n<p>Respons\u00e1vel: Ariane de Oliveira Francisco<br \/>\nTelefone: 31 3409-2920<br \/>\nE-mail:\u00a0<a href=\"mailto:inovacaobiofar@icb.ufmg.br\">inovacaobiofar@icb.ufmg.br<\/a><br \/>\nSala 154 BL A4 \u2013 ICB \u2013 Departamento Ci\u00eancias Biol\u00f3gicas \u2013 UFMG<br \/>\nAv. Ant\u00f4nio Carlos, n\u00b0 6627 \u2013 CEP: 31270-901 \u2013 Belo Horizonte \u2013 MG, Brasil<\/p>\n","protected":false},"excerpt":{"rendered":"<p>Funcionamento Atendimento ao p\u00fablico Dias: Segunda-feira a sexta-feira Manh\u00e3: 09:00 \u00e0s 11:00 Tarde: 13:00 \u00e0s 14:00 Secret\u00e1ria Respons\u00e1vel: Ariane de Oliveira Francisco Telefone: 31 3409-2920 E-mail:\u00a0inovacaobiofar@icb.ufmg.br Sala 154 BL A4 [&hellip;]<\/p>\n","protected":false},"author":4,"featured_media":0,"parent":0,"menu_order":0,"comment_status":"closed","ping_status":"closed","template":"","meta":{"_price":"","_stock":"","_tribe_ticket_header":"","_tribe_default_ticket_provider":"","_tribe_ticket_capacity":"0","_ticket_start_date":"","_ticket_end_date":"","_tribe_ticket_show_description":"","_tribe_ticket_show_not_going":false,"_tribe_ticket_use_global_stock":"","_tribe_ticket_global_stock_level":"","_global_stock_mode":"","_global_stock_cap":"","_tribe_rsvp_for_event":"","_tribe_ticket_going_count":"","_tribe_ticket_not_going_count":"","_tribe_tickets_list":"[]","_tribe_ticket_has_attendee_info_fields":false,"footnotes":"","_tec_slr_enabled":"","_tec_slr_layout":""},"class_list":["post-102","page","type-page","status-publish","hentry"],"ticketed":false,"_links":{"self":[{"href":"https:\/\/sites.icb.ufmg.br\/pginovacao\/index.php\/wp-json\/wp\/v2\/pages\/102","targetHints":{"allow":["GET"]}}],"collection":[{"href":"https:\/\/sites.icb.ufmg.br\/pginovacao\/index.php\/wp-json\/wp\/v2\/pages"}],"about":[{"href":"https:\/\/sites.icb.ufmg.br\/pginovacao\/index.php\/wp-json\/wp\/v2\/types\/page"}],"author":[{"embeddable":true,"href":"https:\/\/sites.icb.ufmg.br\/pginovacao\/index.php\/wp-json\/wp\/v2\/users\/4"}],"replies":[{"embeddable":true,"href":"https:\/\/sites.icb.ufmg.br\/pginovacao\/index.php\/wp-json\/wp\/v2\/comments?post=102"}],"version-history":[{"count":20,"href":"https:\/\/sites.icb.ufmg.br\/pginovacao\/index.php\/wp-json\/wp\/v2\/pages\/102\/revisions"}],"predecessor-version":[{"id":4326,"href":"https:\/\/sites.icb.ufmg.br\/pginovacao\/index.php\/wp-json\/wp\/v2\/pages\/102\/revisions\/4326"}],"wp:attachment":[{"href":"https:\/\/sites.icb.ufmg.br\/pginovacao\/index.php\/wp-json\/wp\/v2\/media?parent=102"}],"curies":[{"name":"wp","href":"https:\/\/api.w.org\/{rel}","templated":true}]}}