{"id":2250,"date":"2022-04-08T15:13:47","date_gmt":"2022-04-08T18:13:47","guid":{"rendered":"https:\/\/sites.icb.ufmg.br\/pginovacao\/?page_id=2250"},"modified":"2026-03-12T07:26:10","modified_gmt":"2026-03-12T10:26:10","slug":"disciplinas-isoladas","status":"publish","type":"page","link":"https:\/\/sites.icb.ufmg.br\/pginovacao\/index.php\/disciplinas-isoladas\/","title":{"rendered":"Disciplinas Isoladas"},"content":{"rendered":"<h2>Disciplinas Isoladas<\/h2>\n<p>&nbsp;<\/p>\n<p>\u00c9 a matr\u00edcula, permitida a qualquer pessoa n\u00e3o pertencente ao corpo discente da UFMG, em disciplinas isoladas integrantes dos curr\u00edculos dos cursos de gradua\u00e7\u00e3o e de p\u00f3s-gradua\u00e7\u00e3o, para complementa\u00e7\u00e3o ou atualiza\u00e7\u00e3o de conhecimento.<\/p>\n<p>Para mais informa\u00e7\u00f5es acesse:\u00a0 https:\/\/www2.ufmg.br\/drca\/drca\/Home\/Pos-Graduacao\/Disciplina-Isolada<\/p>\n<h2>2026 &#8211; 1\u00b0 semestre<\/h2>\n<p>&nbsp;<\/p>\n<p><a href=\"https:\/\/sites.icb.ufmg.br\/pginovacao\/wp-content\/uploads\/2026\/03\/Resultado-Isoladas.pdf\" target=\"_blank\" rel=\"noopener\">Resultado Isoladas<\/a><\/p>\n<p><a href=\"https:\/\/www2.ufmg.br\/drca\/drca\/Home\/Pos-Graduacao\/Disciplina-Isolada\" target=\"_blank\" rel=\"noopener\">CALEND\u00c1RIO E ORIENTA\u00c7\u00d5ES<\/a><\/p>\n<p>A documenta\u00e7\u00e3o dever\u00e1 ser enviada, EM UM \u00daNICO ARQUIVO PDF, para: inovacaobiofar@icb.ufmg.br<\/p>\n<h2>2025 &#8211; 2\u00b0 semestre<\/h2>\n<p><a href=\"https:\/\/sites.icb.ufmg.br\/pginovacao\/wp-content\/uploads\/2025\/08\/Resultado-Isoladas.pdf\" target=\"_blank\" rel=\"noopener\">Resultado Isoladas<\/a><\/p>\n<p><a href=\"https:\/\/sites.icb.ufmg.br\/pginovacao\/wp-content\/uploads\/2025\/07\/Isoladas.pdf\" target=\"_blank\" rel=\"noopener\">Quadro de ofertas (Isoladas)<\/a><\/p>\n<h2>2025 &#8211; 1\u00b0 semestre<\/h2>\n<p><a href=\"https:\/\/sites.icb.ufmg.br\/pginovacao\/wp-content\/uploads\/2025\/03\/Resultado-Isoladas-1.pdf\" target=\"_blank\" rel=\"noopener\">Resultado <\/a><\/p>\n","protected":false},"excerpt":{"rendered":"<p>Disciplinas Isoladas &nbsp; \u00c9 a matr\u00edcula, permitida a qualquer pessoa n\u00e3o pertencente ao corpo discente da UFMG, em disciplinas isoladas integrantes dos curr\u00edculos dos cursos de gradua\u00e7\u00e3o e de p\u00f3s-gradua\u00e7\u00e3o, [&hellip;]<\/p>\n","protected":false},"author":4,"featured_media":0,"parent":0,"menu_order":0,"comment_status":"closed","ping_status":"closed","template":"","meta":{"_price":"","_stock":"","_tribe_ticket_header":"","_tribe_default_ticket_provider":"","_tribe_ticket_capacity":"0","_ticket_start_date":"","_ticket_end_date":"","_tribe_ticket_show_description":"","_tribe_ticket_show_not_going":false,"_tribe_ticket_use_global_stock":"","_tribe_ticket_global_stock_level":"","_global_stock_mode":"","_global_stock_cap":"","_tribe_rsvp_for_event":"","_tribe_ticket_going_count":"","_tribe_ticket_not_going_count":"","_tribe_tickets_list":"[]","_tribe_ticket_has_attendee_info_fields":false,"footnotes":"","_tec_slr_enabled":"","_tec_slr_layout":""},"class_list":["post-2250","page","type-page","status-publish","hentry"],"ticketed":false,"_links":{"self":[{"href":"https:\/\/sites.icb.ufmg.br\/pginovacao\/index.php\/wp-json\/wp\/v2\/pages\/2250","targetHints":{"allow":["GET"]}}],"collection":[{"href":"https:\/\/sites.icb.ufmg.br\/pginovacao\/index.php\/wp-json\/wp\/v2\/pages"}],"about":[{"href":"https:\/\/sites.icb.ufmg.br\/pginovacao\/index.php\/wp-json\/wp\/v2\/types\/page"}],"author":[{"embeddable":true,"href":"https:\/\/sites.icb.ufmg.br\/pginovacao\/index.php\/wp-json\/wp\/v2\/users\/4"}],"replies":[{"embeddable":true,"href":"https:\/\/sites.icb.ufmg.br\/pginovacao\/index.php\/wp-json\/wp\/v2\/comments?post=2250"}],"version-history":[{"count":60,"href":"https:\/\/sites.icb.ufmg.br\/pginovacao\/index.php\/wp-json\/wp\/v2\/pages\/2250\/revisions"}],"predecessor-version":[{"id":4698,"href":"https:\/\/sites.icb.ufmg.br\/pginovacao\/index.php\/wp-json\/wp\/v2\/pages\/2250\/revisions\/4698"}],"wp:attachment":[{"href":"https:\/\/sites.icb.ufmg.br\/pginovacao\/index.php\/wp-json\/wp\/v2\/media?parent=2250"}],"curies":[{"name":"wp","href":"https:\/\/api.w.org\/{rel}","templated":true}]}}