{"id":2617,"date":"2022-07-20T12:32:53","date_gmt":"2022-07-20T15:32:53","guid":{"rendered":"https:\/\/sites.icb.ufmg.br\/pginovacao\/?page_id=2617"},"modified":"2024-12-02T10:38:55","modified_gmt":"2024-12-02T13:38:55","slug":"grade-curricular","status":"publish","type":"page","link":"https:\/\/sites.icb.ufmg.br\/pginovacao\/index.php\/grade-curricular\/","title":{"rendered":"Grade Curricular"},"content":{"rendered":"<p>&nbsp;<\/p>\n<p>A estrutura curricular do Mestrado Profissional ser\u00e1 definida por \u00e1rea de concentra\u00e7\u00e3o: Propriedade Intelectual (03), Gest\u00e3o da Inova\u00e7\u00e3o e Empreendedorismo (04) e Inova\u00e7\u00e3o Biofarmac\u00eautica e Tecnol\u00f3gica (05). Ademais, as disciplinas ser\u00e3o classificadas como optativas (OP) ou obrigat\u00f3rias (OB). O curso exige integraliza\u00e7\u00e3o de 25 cr\u00e9ditos.<\/p>\n<p>&nbsp;<\/p>\n<h2><a href=\"https:\/\/sites.icb.ufmg.br\/pginovacao\/wp-content\/uploads\/2024\/12\/Grade-Curricular-MPITPI.pdf\" target=\"_blank\" rel=\"noopener\">Grade Curricular MPITPI<\/a><\/h2>\n","protected":false},"excerpt":{"rendered":"<p>&nbsp; A estrutura curricular do Mestrado Profissional ser\u00e1 definida por \u00e1rea de concentra\u00e7\u00e3o: Propriedade Intelectual (03), Gest\u00e3o da Inova\u00e7\u00e3o e Empreendedorismo (04) e Inova\u00e7\u00e3o Biofarmac\u00eautica e Tecnol\u00f3gica (05). Ademais, as [&hellip;]<\/p>\n","protected":false},"author":4,"featured_media":0,"parent":0,"menu_order":0,"comment_status":"closed","ping_status":"closed","template":"","meta":{"_price":"","_stock":"","_tribe_ticket_header":"","_tribe_default_ticket_provider":"","_tribe_ticket_capacity":"0","_ticket_start_date":"","_ticket_end_date":"","_tribe_ticket_show_description":"","_tribe_ticket_show_not_going":false,"_tribe_ticket_use_global_stock":"","_tribe_ticket_global_stock_level":"","_global_stock_mode":"","_global_stock_cap":"","_tribe_rsvp_for_event":"","_tribe_ticket_going_count":"","_tribe_ticket_not_going_count":"","_tribe_tickets_list":"[]","_tribe_ticket_has_attendee_info_fields":false,"footnotes":"","_tec_slr_enabled":"","_tec_slr_layout":""},"class_list":["post-2617","page","type-page","status-publish","hentry"],"ticketed":false,"_links":{"self":[{"href":"https:\/\/sites.icb.ufmg.br\/pginovacao\/index.php\/wp-json\/wp\/v2\/pages\/2617","targetHints":{"allow":["GET"]}}],"collection":[{"href":"https:\/\/sites.icb.ufmg.br\/pginovacao\/index.php\/wp-json\/wp\/v2\/pages"}],"about":[{"href":"https:\/\/sites.icb.ufmg.br\/pginovacao\/index.php\/wp-json\/wp\/v2\/types\/page"}],"author":[{"embeddable":true,"href":"https:\/\/sites.icb.ufmg.br\/pginovacao\/index.php\/wp-json\/wp\/v2\/users\/4"}],"replies":[{"embeddable":true,"href":"https:\/\/sites.icb.ufmg.br\/pginovacao\/index.php\/wp-json\/wp\/v2\/comments?post=2617"}],"version-history":[{"count":13,"href":"https:\/\/sites.icb.ufmg.br\/pginovacao\/index.php\/wp-json\/wp\/v2\/pages\/2617\/revisions"}],"predecessor-version":[{"id":4422,"href":"https:\/\/sites.icb.ufmg.br\/pginovacao\/index.php\/wp-json\/wp\/v2\/pages\/2617\/revisions\/4422"}],"wp:attachment":[{"href":"https:\/\/sites.icb.ufmg.br\/pginovacao\/index.php\/wp-json\/wp\/v2\/media?parent=2617"}],"curies":[{"name":"wp","href":"https:\/\/api.w.org\/{rel}","templated":true}]}}