{"id":37,"date":"2019-04-07T18:40:12","date_gmt":"2019-04-07T18:40:12","guid":{"rendered":"https:\/\/sites.icb.ufmg.br\/pginovacao\/\/?page_id=37"},"modified":"2022-05-17T01:28:43","modified_gmt":"2022-05-17T04:28:43","slug":"principal","status":"publish","type":"page","link":"https:\/\/sites.icb.ufmg.br\/pginovacao\/","title":{"rendered":"Principal"},"content":{"rendered":"<h4 class=\"widget-title\"><img fetchpriority=\"high\" decoding=\"async\" class=\"\" src=\"https:\/\/sites.icb.ufmg.br\/pginovacao\/wp-content\/uploads\/2022\/05\/Logo-e1652761086631.png\" width=\"390\" height=\"390\" \/>Programa de p\u00f3s-gradua\u00e7\u00e3o em Inova\u00e7\u00e3o Tecnol\u00f3gica<\/h4>\n","protected":false},"excerpt":{"rendered":"<p>Programa de p\u00f3s-gradua\u00e7\u00e3o em Inova\u00e7\u00e3o Tecnol\u00f3gica<\/p>\n","protected":false},"author":4,"featured_media":2439,"parent":0,"menu_order":0,"comment_status":"closed","ping_status":"closed","template":"templates\/home-template.php","meta":{"_price":"","_stock":"","_tribe_ticket_header":"","_tribe_default_ticket_provider":"","_tribe_ticket_capacity":"0","_ticket_start_date":"","_ticket_end_date":"","_tribe_ticket_show_description":"","_tribe_ticket_show_not_going":false,"_tribe_ticket_use_global_stock":"","_tribe_ticket_global_stock_level":"","_global_stock_mode":"","_global_stock_cap":"","_tribe_rsvp_for_event":"","_tribe_ticket_going_count":"","_tribe_ticket_not_going_count":"","_tribe_tickets_list":"[]","_tribe_ticket_has_attendee_info_fields":false,"footnotes":"","_tec_slr_enabled":"","_tec_slr_layout":""},"class_list":["post-37","page","type-page","status-publish","has-post-thumbnail","hentry"],"ticketed":false,"_links":{"self":[{"href":"https:\/\/sites.icb.ufmg.br\/pginovacao\/index.php\/wp-json\/wp\/v2\/pages\/37","targetHints":{"allow":["GET"]}}],"collection":[{"href":"https:\/\/sites.icb.ufmg.br\/pginovacao\/index.php\/wp-json\/wp\/v2\/pages"}],"about":[{"href":"https:\/\/sites.icb.ufmg.br\/pginovacao\/index.php\/wp-json\/wp\/v2\/types\/page"}],"author":[{"embeddable":true,"href":"https:\/\/sites.icb.ufmg.br\/pginovacao\/index.php\/wp-json\/wp\/v2\/users\/4"}],"replies":[{"embeddable":true,"href":"https:\/\/sites.icb.ufmg.br\/pginovacao\/index.php\/wp-json\/wp\/v2\/comments?post=37"}],"version-history":[{"count":8,"href":"https:\/\/sites.icb.ufmg.br\/pginovacao\/index.php\/wp-json\/wp\/v2\/pages\/37\/revisions"}],"predecessor-version":[{"id":2462,"href":"https:\/\/sites.icb.ufmg.br\/pginovacao\/index.php\/wp-json\/wp\/v2\/pages\/37\/revisions\/2462"}],"wp:featuredmedia":[{"embeddable":true,"href":"https:\/\/sites.icb.ufmg.br\/pginovacao\/index.php\/wp-json\/wp\/v2\/media\/2439"}],"wp:attachment":[{"href":"https:\/\/sites.icb.ufmg.br\/pginovacao\/index.php\/wp-json\/wp\/v2\/media?parent=37"}],"curies":[{"name":"wp","href":"https:\/\/api.w.org\/{rel}","templated":true}]}}