{"id":4343,"date":"2024-10-31T11:13:14","date_gmt":"2024-10-31T14:13:14","guid":{"rendered":"https:\/\/sites.icb.ufmg.br\/pginovacao\/?page_id=4343"},"modified":"2024-11-01T09:41:30","modified_gmt":"2024-11-01T12:41:30","slug":"agendamento-de-defesa","status":"publish","type":"page","link":"https:\/\/sites.icb.ufmg.br\/pginovacao\/index.php\/agendamento-de-defesa\/","title":{"rendered":"Agendamento de Defesa"},"content":{"rendered":"<p>&nbsp;<\/p>\n<p>Para marca\u00e7\u00e3o da defesa, \u00e9 necess\u00e1rio integralizar, no m\u00ednimo, <strong>25 cr\u00e9ditos<\/strong> e ter sido aprovado(a) em todas as disciplinas obrigat\u00f3rias. Ap\u00f3s o atendimento de tais exig\u00eancias, o(a) discente dever\u00e1 preencher o formul\u00e1rio abaixo, trinta dias antes da data da defesa.<\/p>\n<p><a href=\"https:\/\/forms.gle\/z98WRyRwiRubBrmDA\" target=\"_blank\" rel=\"noopener\">FORMUL\u00c1RIO PARA MARCA\u00c7\u00c3O DE DEFESA DE DISSERTA\u00c7\u00c3O &#8211; MESTRADO PROFISSIONAL<\/a><\/p>\n<p>Cabe ao discente, ap\u00f3s aval do(a) orientador(a), convidar os membros da Comiss\u00e3o Examinadora, que dever\u00e1 ser composta, no m\u00ednimo, pelo(a) <strong>Orientador(a), 2 (dois) membros titulares e 1 (um) membro suplente,<\/strong> todos portadores do Grau de Doutor.<\/p>\n<p>\u00c9 responsabilidade do\u00a0discente enviar sua disserta\u00e7\u00e3o aos membros da Comiss\u00e3o Examinadora em prazo h\u00e1bil para a leitura. Recomenda-se uma anteced\u00eancia m\u00ednima de 15 dias da data agendada para a defesa.<\/p>\n<p><strong>O discente dever\u00e1 enviar para o email da secretaria (inovacaobiofar@icb.ufmg.br), no caso de defesas online, um link para acesso \u00e0 reuni\u00e3o virtual da defesa, para que possa fazer-se a divulga\u00e7\u00e3o. O envio deve ser feito com um prazo de, no m\u00e1ximo, 5 (cinco) dias para a defesa.<\/strong><\/p>\n<p>Aten\u00e7\u00e3o:<br \/>\n1. O formul\u00e1rio s\u00f3 dever\u00e1 ser respondido ap\u00f3s aceito o convite pelos membros da Comiss\u00e3o Examinadora.<br \/>\n2. Ap\u00f3s preencher o formul\u00e1rio\u00a0o discente receber\u00e1, no endere\u00e7o de email fornecido, um email autom\u00e1tico com as informa\u00e7\u00f5es submetidas. O discente dever\u00e1 encaminhar esse email ao seu(sua) orientador(a), solicitando sua anu\u00eancia ao agendamento da banca.<br \/>\n3. O discente dever\u00e1 encaminhar a anu\u00eancia do(a) orientador(a) para o email da secretaria (inovacaobiofar@icb.ufmg.br).<br \/>\n<strong>4. Ser\u00e3o desconsiderados formul\u00e1rios enviados sem a devida anu\u00eancia do(a) orientador(a).<\/strong><br \/>\n5. O envio do formul\u00e1rio n\u00e3o garante o agendamento da defesa. Ap\u00f3s seguidos todos os passos acima o aluno receber\u00e1, em um prazo de cinco dias, o parecer da coordena\u00e7\u00e3o do curso validando ou n\u00e3o o agendamento.<\/p>\n","protected":false},"excerpt":{"rendered":"<p>&nbsp; Para marca\u00e7\u00e3o da defesa, \u00e9 necess\u00e1rio integralizar, no m\u00ednimo, 25 cr\u00e9ditos e ter sido aprovado(a) em todas as disciplinas obrigat\u00f3rias. Ap\u00f3s o atendimento de tais exig\u00eancias, o(a) discente dever\u00e1 [&hellip;]<\/p>\n","protected":false},"author":4,"featured_media":0,"parent":0,"menu_order":0,"comment_status":"closed","ping_status":"closed","template":"","meta":{"_price":"","_stock":"","_tribe_ticket_header":"","_tribe_default_ticket_provider":"","_tribe_ticket_capacity":"0","_ticket_start_date":"","_ticket_end_date":"","_tribe_ticket_show_description":"","_tribe_ticket_show_not_going":false,"_tribe_ticket_use_global_stock":"","_tribe_ticket_global_stock_level":"","_global_stock_mode":"","_global_stock_cap":"","_tribe_rsvp_for_event":"","_tribe_ticket_going_count":"","_tribe_ticket_not_going_count":"","_tribe_tickets_list":"[]","_tribe_ticket_has_attendee_info_fields":false,"footnotes":"","_tec_slr_enabled":"","_tec_slr_layout":""},"class_list":["post-4343","page","type-page","status-publish","hentry"],"ticketed":false,"_links":{"self":[{"href":"https:\/\/sites.icb.ufmg.br\/pginovacao\/index.php\/wp-json\/wp\/v2\/pages\/4343","targetHints":{"allow":["GET"]}}],"collection":[{"href":"https:\/\/sites.icb.ufmg.br\/pginovacao\/index.php\/wp-json\/wp\/v2\/pages"}],"about":[{"href":"https:\/\/sites.icb.ufmg.br\/pginovacao\/index.php\/wp-json\/wp\/v2\/types\/page"}],"author":[{"embeddable":true,"href":"https:\/\/sites.icb.ufmg.br\/pginovacao\/index.php\/wp-json\/wp\/v2\/users\/4"}],"replies":[{"embeddable":true,"href":"https:\/\/sites.icb.ufmg.br\/pginovacao\/index.php\/wp-json\/wp\/v2\/comments?post=4343"}],"version-history":[{"count":5,"href":"https:\/\/sites.icb.ufmg.br\/pginovacao\/index.php\/wp-json\/wp\/v2\/pages\/4343\/revisions"}],"predecessor-version":[{"id":4355,"href":"https:\/\/sites.icb.ufmg.br\/pginovacao\/index.php\/wp-json\/wp\/v2\/pages\/4343\/revisions\/4355"}],"wp:attachment":[{"href":"https:\/\/sites.icb.ufmg.br\/pginovacao\/index.php\/wp-json\/wp\/v2\/media?parent=4343"}],"curies":[{"name":"wp","href":"https:\/\/api.w.org\/{rel}","templated":true}]}}