{"id":4346,"date":"2024-10-31T11:14:03","date_gmt":"2024-10-31T14:14:03","guid":{"rendered":"https:\/\/sites.icb.ufmg.br\/pginovacao\/?page_id=4346"},"modified":"2025-10-03T10:01:52","modified_gmt":"2025-10-03T13:01:52","slug":"pedido-de-diploma","status":"publish","type":"page","link":"https:\/\/sites.icb.ufmg.br\/pginovacao\/index.php\/pedido-de-diploma\/","title":{"rendered":"Pedido de Diploma"},"content":{"rendered":"<p>No prazo de 45 dias, contando a partir da data da defesa, a(o) discente dever\u00e1:<\/p>\n<ul>\n<li>Consultar as orienta\u00e7\u00f5es para normaliza\u00e7\u00e3o de <a href=\"https:\/\/repositorio.ufmg.br\/info\/instructions\" target=\"_blank\" rel=\"noopener\">trabalhos acad\u00eamicos<\/a>;<\/li>\n<li>Realizar o autoarquivamento da disserta\u00e7\u00e3o no site da <a href=\"https:\/\/repositorio.ufmg.br\/\" target=\"_blank\" rel=\"noopener\">Biblioteca Central<\/a>;<\/li>\n<li>Realizar\u00a0 as a\u00e7\u00f5es para tramita\u00e7\u00e3o do TERMO DE AUTORIZA\u00c7\u00c3O E ATESTADO DE ENTREGA da DISSERTA\u00c7\u00c3O ao Reposit\u00f3rio via SEI:\u00a0 <a href=\"https:\/\/repositorio.ufmg.br\/assets\/public_html\/tutorial_de_autoarquivamento_trabalhos_academicos.pdf\">ORIENTA\u00c7\u00d5ES<\/a><\/li>\n<\/ul>\n<p><a href=\"https:\/\/sei.ufmg.br\/sei\/controlador_externo.php?acao=usuario_externo_logar&amp;id_orgao_acesso_externo=0\" target=\"_blank\" rel=\"noopener\"><span style=\"font-family: Arial;\"><span style=\"font-size: large;\">Link para solicita\u00e7\u00e3o de cadastro como usu\u00e1rio externo no SEI<\/span><\/span><\/a><\/p>\n<ul>\n<li><strong>Ficha catalogr\u00e1fica: <\/strong><br \/>\n<strong>Encaminhar e-mail para o endere\u00e7o bib@icb.ufmg.br<\/strong><\/li>\n<\/ul>\n<p>&nbsp;<\/p>\n<p>&nbsp;<\/p>\n<p>A(o) discente dever\u00e1 tamb\u00e9m enviar, por email, \u00e0 secretaria (inovacaobiofar@icb.ufmg.br), a seguinte documenta\u00e7\u00e3o para expedi\u00e7\u00e3o do diploma:<\/p>\n<ul>\n<li>Vers\u00e3o final da Disserta\u00e7\u00e3o em PDF (deve ser a mesma vers\u00e3o enviada ao Reposit\u00f3rio)<\/li>\n<li>C\u00f3pia do diploma de gradua\u00e7\u00e3o (frente e verso) em PDF;<\/li>\n<li>C\u00f3pia da carteira de identidade (frente e verso) em PDF;<\/li>\n<li>C\u00f3pia da certid\u00e3o de nascimento ou casamento em PDF;<\/li>\n<li>Nada consta emitido pela Biblioteca <strong>(bib@icb.ufmg.br) em PDF<\/strong>;<\/li>\n<\/ul>\n","protected":false},"excerpt":{"rendered":"<p>No prazo de 45 dias, contando a partir da data da defesa, a(o) discente dever\u00e1: Consultar as orienta\u00e7\u00f5es para normaliza\u00e7\u00e3o de trabalhos acad\u00eamicos; Realizar o autoarquivamento da disserta\u00e7\u00e3o no site [&hellip;]<\/p>\n","protected":false},"author":4,"featured_media":0,"parent":0,"menu_order":0,"comment_status":"closed","ping_status":"closed","template":"","meta":{"_price":"","_stock":"","_tribe_ticket_header":"","_tribe_default_ticket_provider":"","_tribe_ticket_capacity":"0","_ticket_start_date":"","_ticket_end_date":"","_tribe_ticket_show_description":"","_tribe_ticket_show_not_going":false,"_tribe_ticket_use_global_stock":"","_tribe_ticket_global_stock_level":"","_global_stock_mode":"","_global_stock_cap":"","_tribe_rsvp_for_event":"","_tribe_ticket_going_count":"","_tribe_ticket_not_going_count":"","_tribe_tickets_list":"[]","_tribe_ticket_has_attendee_info_fields":false,"footnotes":"","_tec_slr_enabled":"","_tec_slr_layout":""},"class_list":["post-4346","page","type-page","status-publish","hentry"],"ticketed":false,"_links":{"self":[{"href":"https:\/\/sites.icb.ufmg.br\/pginovacao\/index.php\/wp-json\/wp\/v2\/pages\/4346","targetHints":{"allow":["GET"]}}],"collection":[{"href":"https:\/\/sites.icb.ufmg.br\/pginovacao\/index.php\/wp-json\/wp\/v2\/pages"}],"about":[{"href":"https:\/\/sites.icb.ufmg.br\/pginovacao\/index.php\/wp-json\/wp\/v2\/types\/page"}],"author":[{"embeddable":true,"href":"https:\/\/sites.icb.ufmg.br\/pginovacao\/index.php\/wp-json\/wp\/v2\/users\/4"}],"replies":[{"embeddable":true,"href":"https:\/\/sites.icb.ufmg.br\/pginovacao\/index.php\/wp-json\/wp\/v2\/comments?post=4346"}],"version-history":[{"count":5,"href":"https:\/\/sites.icb.ufmg.br\/pginovacao\/index.php\/wp-json\/wp\/v2\/pages\/4346\/revisions"}],"predecessor-version":[{"id":4446,"href":"https:\/\/sites.icb.ufmg.br\/pginovacao\/index.php\/wp-json\/wp\/v2\/pages\/4346\/revisions\/4446"}],"wp:attachment":[{"href":"https:\/\/sites.icb.ufmg.br\/pginovacao\/index.php\/wp-json\/wp\/v2\/media?parent=4346"}],"curies":[{"name":"wp","href":"https:\/\/api.w.org\/{rel}","templated":true}]}}