{"id":487,"date":"2020-04-06T12:06:41","date_gmt":"2020-04-06T15:06:41","guid":{"rendered":"https:\/\/sites.icb.ufmg.br\/pginovacao\/?page_id=487"},"modified":"2025-05-05T09:16:47","modified_gmt":"2025-05-05T12:16:47","slug":"linhas-de-pesquisas-e-areas-de-concentracao","status":"publish","type":"page","link":"https:\/\/sites.icb.ufmg.br\/pginovacao\/index.php\/linhas-de-pesquisas-e-areas-de-concentracao\/","title":{"rendered":"\u00c1reas de Concentra\u00e7\u00e3o e Linhas de Pesquisa"},"content":{"rendered":"<p>A estrutura curricular do curso de Mestrado ser\u00e1 definida pelas \u00e1reas de concentra\u00e7\u00e3o: Propriedade Intelectual (03), Gest\u00e3o da Inova\u00e7\u00e3o e Empreendedorismo (04) e Inova\u00e7\u00e3o Biofarmac\u00eautica e Tecnol\u00f3gica (05).<\/p>\n<p><strong>\u2022 Inova\u00e7\u00e3o Biofarmac\u00eautica e Tecnol\u00f3gica<\/strong><br \/>\nConhecimentos relacionados \u00e0 descoberta de novos f\u00e1rmacos; desenvolvimento de formula\u00e7\u00f5es farmac\u00eauticas; modelos experimentais pr\u00e9-cl\u00ednicos atualmente dispon\u00edveis para essas doen\u00e7as; m\u00e9todos e ensaios utilizados na avalia\u00e7\u00e3o de efic\u00e1cia e dos efeitos t\u00f3xicos de novos medicamentos.<\/p>\n<p>Linhas de pesquisa:<br \/>\n&#8211; Desenvolvimento de novos f\u00e1rmacos e biof\u00e1rmacos<br \/>\n&#8211; Abordagens biotecnol\u00f3gicas no desenvolvimento de medicamentos<br \/>\n&#8211; Sistemas de libera\u00e7\u00e3o controlada de f\u00e1rmacos e sistemas nanoestruturados<br \/>\n&#8211; Metabolismo intermedi\u00e1rio<br \/>\n&#8211; Toxicidade pr\u00e9-cl\u00ednica<br \/>\n&#8211; Controle neural e humoral do sistema cardiovascular e renal<br \/>\n&#8211; Transforma\u00e7\u00e3o Digital e Intelig\u00eancia Artificial em Internet das Coisas<\/p>\n<p><strong>\u2022 Propriedade Intelectual<\/strong><br \/>\nConhecimentos relacionados \u00e0 pesquisa em propriedade intelectual, patentes, processos de transfer\u00eancia de tecnologia, processos de inova\u00e7\u00e3o farmac\u00eautica e de biotecnologia, bem como os processos legais associados a esses temas.<\/p>\n<p>Linhas de pesquisa:<br \/>\n&#8211; Propriedade intelectual, patentes e transfer\u00eancia de tecnologia<br \/>\n&#8211; Economia da ci\u00eancia e da tecnologia<br \/>\n&#8211; Sistemas de inova\u00e7\u00e3o e de desenvolvimento: aspectos jur\u00eddicos, econ\u00f4micos e sociais<\/p>\n<p>&nbsp;<\/p>\n<p><strong>\u2022 Gest\u00e3o da Inova\u00e7\u00e3o e Empreendedorismo<\/strong><br \/>\nConhecimentos relacionados aos mecanismos de gest\u00e3o do processo de inova\u00e7\u00e3o (modelos de neg\u00f3cios inovadores, portf\u00f3lio para a inova\u00e7\u00e3o, projetos de inova\u00e7\u00e3o) e \u00e0 estrutura\u00e7\u00e3o organizacional para a inova\u00e7\u00e3o, incluindo constru\u00e7\u00e3o de compet\u00eancias e aprendizagem organizacional.<\/p>\n<p>Linhas de pesquisa:<br \/>\n&#8211; Economia da ci\u00eancia e da tecnologia<br \/>\n&#8211; Inova\u00e7\u00e3o Tecnol\u00f3gica e Social nas Organiza\u00e7\u00f5es<br \/>\n&#8211; Empreendedorismo, Trabalho e Compet\u00eancia<br \/>\n&#8211; Sistemas de inova\u00e7\u00e3o e de desenvolvimento: aspectos jur\u00eddicos, econ\u00f4micos e sociais<\/p>\n","protected":false},"excerpt":{"rendered":"<p>A estrutura curricular do curso de Mestrado ser\u00e1 definida pelas \u00e1reas de concentra\u00e7\u00e3o: Propriedade Intelectual (03), Gest\u00e3o da Inova\u00e7\u00e3o e Empreendedorismo (04) e Inova\u00e7\u00e3o Biofarmac\u00eautica e Tecnol\u00f3gica (05). \u2022 Inova\u00e7\u00e3o [&hellip;]<\/p>\n","protected":false},"author":4,"featured_media":0,"parent":0,"menu_order":0,"comment_status":"closed","ping_status":"closed","template":"","meta":{"_price":"","_stock":"","_tribe_ticket_header":"","_tribe_default_ticket_provider":"","_tribe_ticket_capacity":"0","_ticket_start_date":"","_ticket_end_date":"","_tribe_ticket_show_description":"","_tribe_ticket_show_not_going":false,"_tribe_ticket_use_global_stock":"","_tribe_ticket_global_stock_level":"","_global_stock_mode":"","_global_stock_cap":"","_tribe_rsvp_for_event":"","_tribe_ticket_going_count":"","_tribe_ticket_not_going_count":"","_tribe_tickets_list":"[]","_tribe_ticket_has_attendee_info_fields":false,"footnotes":"","_tec_slr_enabled":"","_tec_slr_layout":""},"class_list":["post-487","page","type-page","status-publish","hentry"],"ticketed":false,"_links":{"self":[{"href":"https:\/\/sites.icb.ufmg.br\/pginovacao\/index.php\/wp-json\/wp\/v2\/pages\/487","targetHints":{"allow":["GET"]}}],"collection":[{"href":"https:\/\/sites.icb.ufmg.br\/pginovacao\/index.php\/wp-json\/wp\/v2\/pages"}],"about":[{"href":"https:\/\/sites.icb.ufmg.br\/pginovacao\/index.php\/wp-json\/wp\/v2\/types\/page"}],"author":[{"embeddable":true,"href":"https:\/\/sites.icb.ufmg.br\/pginovacao\/index.php\/wp-json\/wp\/v2\/users\/4"}],"replies":[{"embeddable":true,"href":"https:\/\/sites.icb.ufmg.br\/pginovacao\/index.php\/wp-json\/wp\/v2\/comments?post=487"}],"version-history":[{"count":27,"href":"https:\/\/sites.icb.ufmg.br\/pginovacao\/index.php\/wp-json\/wp\/v2\/pages\/487\/revisions"}],"predecessor-version":[{"id":4501,"href":"https:\/\/sites.icb.ufmg.br\/pginovacao\/index.php\/wp-json\/wp\/v2\/pages\/487\/revisions\/4501"}],"wp:attachment":[{"href":"https:\/\/sites.icb.ufmg.br\/pginovacao\/index.php\/wp-json\/wp\/v2\/media?parent=487"}],"curies":[{"name":"wp","href":"https:\/\/api.w.org\/{rel}","templated":true}]}}