{"id":65,"date":"2019-04-07T19:13:09","date_gmt":"2019-04-07T19:13:09","guid":{"rendered":"https:\/\/sites.icb.ufmg.br\/pginovacao\/\/?page_id=65"},"modified":"2024-11-05T11:48:34","modified_gmt":"2024-11-05T14:48:34","slug":"programa","status":"publish","type":"page","link":"https:\/\/sites.icb.ufmg.br\/pginovacao\/index.php\/programa\/","title":{"rendered":"Programa"},"content":{"rendered":"\r\n<p><strong>Escopo<\/strong><\/p>\r\n<p><br \/>O Mestrado oferece forma\u00e7\u00e3o interdisciplinar diferenciada nas \u00e1reas de pesquisa tecnol\u00f3gica e gest\u00e3o da inova\u00e7\u00e3o, bem como vis\u00e3o e compreens\u00e3o integradas ao processo de inova\u00e7\u00e3o tecnol\u00f3gica, descoberta cient\u00edfica e comercializa\u00e7\u00e3o de produtos tecnol\u00f3gicos de alto valor agregado. <br \/>O Mestrado procura fortalecer o Sistema de Inova\u00e7\u00e3o do pa\u00eds, atrav\u00e9s: i) do aumento da capacidade inovadora das empresas nacionais; ii) a promo\u00e7\u00e3o da intera\u00e7\u00e3o universidade-empresa e da transfer\u00eancia de tecnologia; iii) a indu\u00e7\u00e3o da gera\u00e7\u00e3o de novas empresas de base tecnol\u00f3gica; iv) o desenvolvimento de medicamentos e produtos biotecnol\u00f3gicos inovadores.<\/p>\r\n<p><br \/><strong>Objetivos<\/strong><\/p>\r\n<p><br \/>O curso visa qualificar profissionais inseridos em empresas, Institui\u00e7\u00f5es de Ci\u00eancia e Tecnologia ou \u00f3rg\u00e3os p\u00fablicos, com a constru\u00e7\u00e3o de compet\u00eancias nas \u00e1reas de Inova\u00e7\u00e3o Biofarmac\u00eautica e Biotecnol\u00f3gica, da Gest\u00e3o da Inova\u00e7\u00e3o, da Propriedade Intelectual e do Empreendedorismo.<\/p>\r\n<p><br \/><strong>Infraestrutura<\/strong><\/p>\r\n<p><br \/>Os laborat\u00f3rios de pesquisa da UFMG vinculados \u00e0 \u00e1rea de concentra\u00e7\u00e3o Inova\u00e7\u00e3o Biofarmac\u00eautica e Tecnol\u00f3gica se destacam pelo seu n\u00edvel de excel\u00eancia, tanto na \u00e1rea de ensaios pr\u00e9-cl\u00ednicos, quanto na \u00e1rea de f\u00e1rmacos e formula\u00e7\u00f5es farmac\u00eauticas, principalmente aquelas envolvendo ferramentas da Nanotecnologia.<br \/>Esses laborat\u00f3rios incluem o de Qu\u00edmica de Inclus\u00e3o e Encapsulamento Molecular (Depto. de Qu\u00edmica, ICEX), o de Biof\u00edsica de Sistemas Nanoestruturados (Depto. Fisiologia e Biof\u00edsica, ICB), o de Tecnologia Farmac\u00eautica (Fac. Farm\u00e1cia), o de Microbiologia e Biomateriais, (Depto. Odontologia Restauradora, Fac. Odontologia), o de Hipertens\u00e3o (Depto. Fisiologia e Biofisica, ICB), o de Venenos e Toxinas Animais (Depto. de Bioqu\u00edmica e Imunologia, ICB), o de Biologia Molecular de Produtos Naturais (Depto. de Bioqu\u00edmica e Imunologia, ICB), o de Biotecnologia e Marcadores Moleculares (Depto. de Biologia Geral, ICB), de Ecologia Qu\u00edmica de Insetos Vetores (Depto. de Parasitologia, ICB), o de Subst\u00e2ncias Antitumorais (Depto. de Farmacologia, ICB) e o de Toxicologia (Depto de An\u00e1lises Cl\u00ednicas e Toxicol\u00f3gicas, Fac, Farm\u00e1cia). Esses grupos de pesquisa contam tamb\u00e9m com a infraestrutura multiusu\u00e1ria do ICB, incluindo biot\u00e9rios de experimenta\u00e7\u00e3o animal, o N\u00facleo de Fisiologia Gen\u00f4mica e o N\u00facleo de Estudos de Estrutura e Fun\u00e7\u00e3o de Biomol\u00e9culas.<br \/>A \u00e1rea de Gest\u00e3o de Inova\u00e7\u00e3o e Empreendedorismo conta com a infraestrutura de grupos de pesquisa de destacada atua\u00e7\u00e3o, nos laborat\u00f3rios de Transfer\u00eancia de Conhecimento e Compet\u00eancias e de Ergonomia e Organiza\u00e7\u00e3o do Trabalho (DEP\/Esc, Engenharia), no Centro de Desenvolvimento e Planejamento Regional e no Cepead (Fac. Ci\u00eancias Econ\u00f4micas), no Departamento de Direito P\u00fablico (Fac Direito) e no N\u00facleo de Inova\u00e7\u00e3o Tecnol\u00f3gica.<\/p>\r\n<p>&nbsp;<\/p>\r\n","protected":false},"excerpt":{"rendered":"<p>Escopo O Mestrado oferece forma\u00e7\u00e3o interdisciplinar diferenciada nas \u00e1reas de pesquisa tecnol\u00f3gica e gest\u00e3o da inova\u00e7\u00e3o, bem como vis\u00e3o e compreens\u00e3o integradas ao processo de inova\u00e7\u00e3o tecnol\u00f3gica, descoberta cient\u00edfica e [&hellip;]<\/p>\n","protected":false},"author":4,"featured_media":0,"parent":0,"menu_order":0,"comment_status":"closed","ping_status":"closed","template":"","meta":{"_price":"","_stock":"","_tribe_ticket_header":"","_tribe_default_ticket_provider":"","_tribe_ticket_capacity":"0","_ticket_start_date":"","_ticket_end_date":"","_tribe_ticket_show_description":"","_tribe_ticket_show_not_going":false,"_tribe_ticket_use_global_stock":"","_tribe_ticket_global_stock_level":"","_global_stock_mode":"","_global_stock_cap":"","_tribe_rsvp_for_event":"","_tribe_ticket_going_count":"","_tribe_ticket_not_going_count":"","_tribe_tickets_list":"[]","_tribe_ticket_has_attendee_info_fields":false,"footnotes":"","_tec_slr_enabled":"","_tec_slr_layout":""},"class_list":["post-65","page","type-page","status-publish","hentry"],"ticketed":false,"_links":{"self":[{"href":"https:\/\/sites.icb.ufmg.br\/pginovacao\/index.php\/wp-json\/wp\/v2\/pages\/65","targetHints":{"allow":["GET"]}}],"collection":[{"href":"https:\/\/sites.icb.ufmg.br\/pginovacao\/index.php\/wp-json\/wp\/v2\/pages"}],"about":[{"href":"https:\/\/sites.icb.ufmg.br\/pginovacao\/index.php\/wp-json\/wp\/v2\/types\/page"}],"author":[{"embeddable":true,"href":"https:\/\/sites.icb.ufmg.br\/pginovacao\/index.php\/wp-json\/wp\/v2\/users\/4"}],"replies":[{"embeddable":true,"href":"https:\/\/sites.icb.ufmg.br\/pginovacao\/index.php\/wp-json\/wp\/v2\/comments?post=65"}],"version-history":[{"count":20,"href":"https:\/\/sites.icb.ufmg.br\/pginovacao\/index.php\/wp-json\/wp\/v2\/pages\/65\/revisions"}],"predecessor-version":[{"id":4364,"href":"https:\/\/sites.icb.ufmg.br\/pginovacao\/index.php\/wp-json\/wp\/v2\/pages\/65\/revisions\/4364"}],"wp:attachment":[{"href":"https:\/\/sites.icb.ufmg.br\/pginovacao\/index.php\/wp-json\/wp\/v2\/media?parent=65"}],"curies":[{"name":"wp","href":"https:\/\/api.w.org\/{rel}","templated":true}]}}