{"id":78,"date":"2019-04-07T19:19:35","date_gmt":"2019-04-07T19:19:35","guid":{"rendered":"https:\/\/sites.icb.ufmg.br\/pginovacao\/\/?page_id=78"},"modified":"2024-10-27T16:41:51","modified_gmt":"2024-10-27T19:41:51","slug":"mestrado","status":"publish","type":"page","link":"https:\/\/sites.icb.ufmg.br\/pginovacao\/index.php\/mestrado\/","title":{"rendered":"Mestrado Profissional"},"content":{"rendered":"<h1 lang=\"pt-BR\" align=\"justify\">Mestrado Profissional em Inova\u00e7\u00e3o Tecnol\u00f3gica e Propriedade Intelectual<\/h1>\n<p lang=\"pt-BR\" align=\"justify\">O mestrado visa a forma\u00e7\u00e3o de pessoal altamente qualificado, para ou pela pesquisa na fronteira do conhecimento, no campo te\u00f3rico que alicer\u00e7a inova\u00e7\u00f5es. O curso destaca-se dos cursos tradicionais no Pa\u00eds por oferecer uma forma\u00e7\u00e3o interdisciplinar diferenciada em ambas \u00e1reas de pesquisa tecnol\u00f3gica e de gest\u00e3o da inova\u00e7\u00e3o, bem como vis\u00e3o e entendimento integrados sobre o processo de inova\u00e7\u00e3o tecnol\u00f3gica, da descoberta cient\u00edfica at\u00e9 a comercializa\u00e7\u00e3o de produto tecnol\u00f3gico de alto valor agregado.<\/p>\n<p lang=\"pt-BR\" align=\"justify\">Espera-se que a forma\u00e7\u00e3o pretendida gere um profissional com perfil para atuar em etapas e ambientes cr\u00edticos da cadeia da Inova\u00e7\u00e3o: i) no setor produtivo privado, inserindo-se na pesquisa tecnol\u00f3gica em parceria com ICTs, na transforma\u00e7\u00e3o de tecnologias em produtos, na gest\u00e3o da inova\u00e7\u00e3o ou gera\u00e7\u00e3o de empresas inovadoras; ii) nas universidades ou nos institutos de pesquisa, propiciando a pesquisa tecnol\u00f3gica de fronteira, no desenvolvimento de tecnologias em parceria com empresas, na gest\u00e3o da inova\u00e7\u00e3o ou gera\u00e7\u00e3o de \u201cspin-off\u201d acad\u00eamicos; iii) nas esferas governamentais, liderando a defini\u00e7\u00e3o de pol\u00edticas p\u00fablicas que tornem mais \u00e1gil e eficiente o processo de inova\u00e7\u00e3o.<\/p>\n<p lang=\"pt-BR\" align=\"justify\">Mais informa\u00e7\u00f5es sobre Processos Seletivos? <a href=\"https:\/\/sites.icb.ufmg.br\/pginovacao\/index.php\/processos-seletivos\/\">Clique aqui!<\/a><\/p>\n","protected":false},"excerpt":{"rendered":"<p>Mestrado Profissional em Inova\u00e7\u00e3o Tecnol\u00f3gica e Propriedade Intelectual O mestrado visa a forma\u00e7\u00e3o de pessoal altamente qualificado, para ou pela pesquisa na fronteira do conhecimento, no campo te\u00f3rico que alicer\u00e7a [&hellip;]<\/p>\n","protected":false},"author":4,"featured_media":0,"parent":0,"menu_order":0,"comment_status":"closed","ping_status":"closed","template":"","meta":{"_price":"","_stock":"","_tribe_ticket_header":"","_tribe_default_ticket_provider":"","_tribe_ticket_capacity":"0","_ticket_start_date":"","_ticket_end_date":"","_tribe_ticket_show_description":"","_tribe_ticket_show_not_going":false,"_tribe_ticket_use_global_stock":"","_tribe_ticket_global_stock_level":"","_global_stock_mode":"","_global_stock_cap":"","_tribe_rsvp_for_event":"","_tribe_ticket_going_count":"","_tribe_ticket_not_going_count":"","_tribe_tickets_list":"[]","_tribe_ticket_has_attendee_info_fields":false,"footnotes":"","_tec_slr_enabled":"","_tec_slr_layout":""},"class_list":["post-78","page","type-page","status-publish","hentry"],"ticketed":false,"_links":{"self":[{"href":"https:\/\/sites.icb.ufmg.br\/pginovacao\/index.php\/wp-json\/wp\/v2\/pages\/78","targetHints":{"allow":["GET"]}}],"collection":[{"href":"https:\/\/sites.icb.ufmg.br\/pginovacao\/index.php\/wp-json\/wp\/v2\/pages"}],"about":[{"href":"https:\/\/sites.icb.ufmg.br\/pginovacao\/index.php\/wp-json\/wp\/v2\/types\/page"}],"author":[{"embeddable":true,"href":"https:\/\/sites.icb.ufmg.br\/pginovacao\/index.php\/wp-json\/wp\/v2\/users\/4"}],"replies":[{"embeddable":true,"href":"https:\/\/sites.icb.ufmg.br\/pginovacao\/index.php\/wp-json\/wp\/v2\/comments?post=78"}],"version-history":[{"count":24,"href":"https:\/\/sites.icb.ufmg.br\/pginovacao\/index.php\/wp-json\/wp\/v2\/pages\/78\/revisions"}],"predecessor-version":[{"id":4305,"href":"https:\/\/sites.icb.ufmg.br\/pginovacao\/index.php\/wp-json\/wp\/v2\/pages\/78\/revisions\/4305"}],"wp:attachment":[{"href":"https:\/\/sites.icb.ufmg.br\/pginovacao\/index.php\/wp-json\/wp\/v2\/media?parent=78"}],"curies":[{"name":"wp","href":"https:\/\/api.w.org\/{rel}","templated":true}]}}